{"id":58,"date":"2019-09-03T10:10:40","date_gmt":"2019-09-03T08:10:40","guid":{"rendered":"https:\/\/www.tutiac.com\/fr\/?page_id=58"},"modified":"2026-03-20T10:15:36","modified_gmt":"2026-03-20T09:15:36","slug":"pour-la-qualite","status":"publish","type":"page","link":"https:\/\/www.tutiac.com\/en\/tous-engages\/pour-la-qualite\/","title":{"rendered":"Our winemaking standards"},"content":{"rendered":"<div data-vc-full-width=\"true\" data-vc-full-width-init=\"false\" class=\"vc_row wpb_row vc_row-fluid chapo vc_custom_1582127779539 vc_row-has-fill\"><div class=\"wpb_column vc_column_container vc_col-sm-12\"><div class=\"vc_column-inner\"><div class=\"wpb_wrapper\">\n\t<div class=\"wpb_text_column wpb_content_element\" >\n\t\t<div class=\"wpb_wrapper\">\n\t\t\t<h2 style=\"text-align: center;\">Derri\u00e8re la marque Tutiac, il y a le premier producteur fran\u00e7ais de vins AOP.<br \/>\nA rank that we maintain thanks to our unwavering high standards. Here are our core principles.<\/h2>\n\n\t\t<\/div>\n\t<\/div>\n<\/div><\/div><\/div><\/div><div class=\"vc_row-full-width vc_clearfix\"><\/div><div class=\"vc_row wpb_row vc_row-fluid\"><div class=\"wpb_column vc_column_container vc_col-sm-12\"><div class=\"vc_column-inner\"><div class=\"wpb_wrapper\"><div class=\"vc_empty_space\"   style=\"height: 90px\"><span class=\"vc_empty_space_inner\"><\/span><\/div><\/div><\/div><\/div><\/div><div class=\"vc_row wpb_row vc_row-fluid\"><div class=\"wpb_column vc_column_container vc_col-sm-12\"><div class=\"vc_column-inner\"><div class=\"wpb_wrapper\">\n\t<div class=\"gg-clubbox\" style=\"text-align:left;\">\n\t\t<div class=\"club-image\"><\/div>\n\t\t<div class=\"gg-clubbox-content gg-left\">\n\t\t<span class=\"club-top-title\" ><\/span>\n\t\t<h3 class=\"club-title\" style=\"color: #c8191b;\">Understanding our terroirs<\/h3>\n\t\t<div class=\"club-description\" ><p><span style=\"font-weight: 400;\">Since 2003, we have begun <\/span><b>mapping our entire<\/b><span style=\"font-weight: 400;\"> winegrowing area. Each plot is analysed in detail, from sun exposure to the soil, subsoil, rootstocks, grape varieties, age of the vines, planting density, etc. These <\/span><b>precise data<\/b><span style=\"font-weight: 400;\"> inform our viticultural and winemaking choices. We have established <\/span><b>groups of terroirs<\/b><span style=\"font-weight: 400;\"> that inspire our cuv\u00e9es in a bid to express <\/span><b>nuances and typical characteristics<\/b><span style=\"font-weight: 400;\"> de nos AOP bordelaises.<\/span><\/p>\n<\/div>\n\t\t<p class=\"club-price\" > <span class=\"club-price-affix\" ><\/span><\/p>\n\t<\/div>\n\t<\/div><\/div><\/div><\/div><\/div><div class=\"vc_row wpb_row vc_row-fluid\"><div class=\"wpb_column vc_column_container vc_col-sm-12\"><div class=\"vc_column-inner\"><div class=\"wpb_wrapper\"><div class=\"vc_empty_space\"   style=\"height: 50px\"><span class=\"vc_empty_space_inner\"><\/span><\/div><\/div><\/div><\/div><\/div><div class=\"vc_row wpb_row vc_row-fluid\"><div class=\"wpb_column vc_column_container vc_col-sm-12\"><div class=\"vc_column-inner\"><div class=\"wpb_wrapper\">\n\t<div class=\"gg-clubbox\" style=\"text-align:left;\">\n\t\t<div class=\"club-image\"><\/div>\n\t\t<div class=\"gg-clubbox-content gg-left\">\n\t\t<span class=\"club-top-title\" ><\/span>\n\t\t<h3 class=\"club-title\" style=\"color: #c8191b;\">Striving for excellence<\/h3>\n\t\t<div class=\"club-description\" ><p><span style=\"font-weight: 400;\">Producing large volumes of wines requires stringent <\/span><b>production processes <\/b><span style=\"font-weight: 400;\">(from filtering to stabilisation, bottling, packaging, etc.), <\/span><b>certifications<\/b><span style=\"font-weight: 400;\"> (<\/span><span style=\"font-weight: 400;\">IS<\/span><span style=\"font-weight: 400;\">O 22000<\/span><span style=\"font-weight: 400;\">, Codex Alimentarius International food standards, and the highest level of BRC food safety certification) and <\/span><b>monitoring.<\/b><span style=\"font-weight: 400;\"> However, our <\/span><b>quest for quality<\/b><span style=\"font-weight: 400;\"> does not stop there. Our winemaking approach is on par with the <\/span><b>Bordeaux great growths.<\/b><span style=\"font-weight: 400;\"> Tutiac employs 12 oenologists, uses <\/span><b>plot-by-plot selection and fermentation<\/b><span style=\"font-weight: 400;\">, alongside <\/span><b>\u201cvinification int\u00e9grale\u201d<\/b><span style=\"font-weight: 400;\"> barrel fermentation, and also boasts a dedicated innovations department.\u00a0<\/span><\/p>\n<\/div>\n\t\t<p class=\"club-price\" > <span class=\"club-price-affix\" ><\/span><\/p>\n\t<\/div>\n\t<\/div><\/div><\/div><\/div><\/div><div class=\"vc_row wpb_row vc_row-fluid\"><div class=\"wpb_column vc_column_container vc_col-sm-12\"><div class=\"vc_column-inner\"><div class=\"wpb_wrapper\"><div class=\"vc_empty_space\"   style=\"height: 50px\"><span class=\"vc_empty_space_inner\"><\/span><\/div><\/div><\/div><\/div><\/div><div class=\"vc_row wpb_row vc_row-fluid\"><div class=\"wpb_column vc_column_container vc_col-sm-12\"><div class=\"vc_column-inner\"><div class=\"wpb_wrapper\">\n\t<div class=\"gg-clubbox\" style=\"text-align:left;\">\n\t\t<div class=\"club-image\"><\/div>\n\t\t<div class=\"gg-clubbox-content gg-left\">\n\t\t<span class=\"club-top-title\" ><\/span>\n\t\t<h3 class=\"club-title\" style=\"color: #c8191b;\">Mastering the entire production chain<\/h3>\n\t\t<div class=\"club-description\" ><p><span style=\"font-weight: 400;\">Our teams are qualified in over 40 professions (winegrowers, viticultural technicians, oenologists, logistics, quality control, sales and marketing, general services, etc.), covering all stages of the winemaking process. We have eight production sites and two bottling centres which are among the most modern and efficient in France.\u00a0<\/span><\/p>\n<\/div>\n\t\t<p class=\"club-price\" > <span class=\"club-price-affix\" ><\/span><\/p>\n\t<\/div>\n\t<\/div><div class=\"vc_empty_space\"   style=\"height: 32px\"><span class=\"vc_empty_space_inner\"><\/span><\/div><\/div><\/div><\/div><\/div><div data-vc-parallax=\"1.5\" class=\"vc_row wpb_row vc_row-fluid vc_row-has-fill vc_row-o-equal-height vc_row-o-content-middle vc_row-flex vc_general vc_parallax vc_parallax-content-moving\"><div class=\"wpb_column vc_column_container vc_col-sm-4\"><div class=\"vc_column-inner\"><div class=\"wpb_wrapper\">\n\t<div  class=\"wpb_single_image wpb_content_element vc_align_center  wpb_animate_when_almost_visible wpb_fadeIn fadeIn\">\n\t\t\n\t\t<figure class=\"wpb_wrapper vc_figure\">\n\t\t\t<a href=\"https:\/\/www.ifs-certification.com\/fr\/ifs-portfolio\/standards\/food-standard\" target=\"_blank\" class=\"vc_single_image-wrapper   vc_box_border_grey\"><img width=\"150\" height=\"89\" src=\"https:\/\/www.tutiac.com\/wp-content\/uploads\/2023\/01\/IFS_Foodv_RGB-150x89.png\" class=\"vc_single_image-img attachment-thumbnail\" alt=\"IFS Food logo\" decoding=\"async\" loading=\"lazy\" srcset=\"https:\/\/www.tutiac.com\/wp-content\/uploads\/2023\/01\/IFS_Foodv_RGB-150x89.png 150w, https:\/\/www.tutiac.com\/wp-content\/uploads\/2023\/01\/IFS_Foodv_RGB-300x178.png 300w, https:\/\/www.tutiac.com\/wp-content\/uploads\/2023\/01\/IFS_Foodv_RGB-18x12.png 18w, https:\/\/www.tutiac.com\/wp-content\/uploads\/2023\/01\/IFS_Foodv_RGB.png 579w\" sizes=\"(max-width: 150px) 100vw, 150px\" \/><\/a>\n\t\t<\/figure>\n\t<\/div>\n<\/div><\/div><\/div><div class=\"wpb_column vc_column_container vc_col-sm-4\"><div class=\"vc_column-inner\"><div class=\"wpb_wrapper\">\n\t<div  class=\"wpb_single_image wpb_content_element vc_align_center  wpb_animate_when_almost_visible wpb_fadeIn fadeIn\">\n\t\t\n\t\t<figure class=\"wpb_wrapper vc_figure\">\n\t\t\t<a href=\"https:\/\/www.brcgs.com\/our-standards\/food-safety\/\" target=\"_blank\" class=\"vc_single_image-wrapper   vc_box_border_grey\"><img width=\"150\" height=\"107\" src=\"https:\/\/www.tutiac.com\/wp-content\/uploads\/2023\/01\/brc-food-3-150x107.png\" class=\"vc_single_image-img attachment-thumbnail\" alt=\"\" decoding=\"async\" loading=\"lazy\" srcset=\"https:\/\/www.tutiac.com\/wp-content\/uploads\/2023\/01\/brc-food-3-150x107.png 150w, https:\/\/www.tutiac.com\/wp-content\/uploads\/2023\/01\/brc-food-3-18x12.png 18w, https:\/\/www.tutiac.com\/wp-content\/uploads\/2023\/01\/brc-food-3.png 200w\" sizes=\"(max-width: 150px) 100vw, 150px\" \/><\/a>\n\t\t<\/figure>\n\t<\/div>\n<\/div><\/div><\/div><div class=\"wpb_column vc_column_container vc_col-sm-4\"><div class=\"vc_column-inner\"><div class=\"wpb_wrapper\">\n\t<div  class=\"wpb_single_image wpb_content_element vc_align_center  wpb_animate_when_almost_visible wpb_fadeIn fadeIn\">\n\t\t\n\t\t<figure class=\"wpb_wrapper vc_figure\">\n\t\t\t<a href=\"https:\/\/www.iso.org\/fr\/iso-22000-food-safety-management.html\" target=\"_blank\" class=\"vc_single_image-wrapper   vc_box_border_grey\"><img width=\"145\" height=\"150\" src=\"https:\/\/www.tutiac.com\/wp-content\/uploads\/2023\/01\/Afaq_22000-145x150.png\" class=\"vc_single_image-img attachment-thumbnail\" alt=\"\" decoding=\"async\" loading=\"lazy\" srcset=\"https:\/\/www.tutiac.com\/wp-content\/uploads\/2023\/01\/Afaq_22000-145x150.png 145w, https:\/\/www.tutiac.com\/wp-content\/uploads\/2023\/01\/Afaq_22000-291x300.png 291w, https:\/\/www.tutiac.com\/wp-content\/uploads\/2023\/01\/Afaq_22000-12x12.png 12w, https:\/\/www.tutiac.com\/wp-content\/uploads\/2023\/01\/Afaq_22000.png 400w\" sizes=\"(max-width: 145px) 100vw, 145px\" \/><\/a>\n\t\t<\/figure>\n\t<\/div>\n<\/div><\/div><\/div><\/div>","protected":false},"excerpt":{"rendered":"Derri\u00e8re la marque Tutiac, il y a le premier producteur fran\u00e7ais de vins AOP. Un rang que nous tenons par une exigence sans faille sur la qualit\u00e9 de notre production. En voici les grands principes. Conna\u00eetre nos terroirs Depuis 2003, nous avons entrepris une cartographie compl\u00e8te de l\u2019ensemble des surfaces exploit\u00e9es par nos vigneron.ne.s. Chaque<p class=\"more-link-wrapper\"><a class=\"btn btn-primary\" href=\"https:\/\/www.tutiac.com\/en\/tous-engages\/pour-la-qualite\/\">Read More<\/a><\/p>","protected":false},"author":1,"featured_media":1247,"parent":64,"menu_order":0,"comment_status":"closed","ping_status":"closed","template":"","meta":[],"yoast_head":"<!-- This site is optimized with the Yoast SEO plugin v19.14 - https:\/\/yoast.com\/wordpress\/plugins\/seo\/ -->\n<title>Notre travail du vin - TUTIAC<\/title>\n<meta name=\"robots\" content=\"index, follow, max-snippet:-1, max-image-preview:large, max-video-preview:-1\" \/>\n<link rel=\"canonical\" href=\"https:\/\/www.tutiac.com\/en\/tous-engages\/pour-la-qualite\/\" \/>\n<meta property=\"og:locale\" content=\"en_GB\" \/>\n<meta property=\"og:type\" content=\"article\" \/>\n<meta property=\"og:title\" content=\"Notre travail du vin - TUTIAC\" \/>\n<meta property=\"og:url\" content=\"https:\/\/www.tutiac.com\/en\/tous-engages\/pour-la-qualite\/\" \/>\n<meta property=\"og:site_name\" content=\"TUTIAC\" \/>\n<meta property=\"article:modified_time\" content=\"2026-03-20T09:15:36+00:00\" \/>\n<meta property=\"og:image\" content=\"https:\/\/www.tutiac.com\/wp-content\/uploads\/2021\/03\/travail-vin-tutiac.jpg\" \/>\n\t<meta property=\"og:image:width\" content=\"1920\" \/>\n\t<meta property=\"og:image:height\" content=\"1080\" \/>\n\t<meta property=\"og:image:type\" content=\"image\/jpeg\" \/>\n<meta name=\"twitter:card\" content=\"summary_large_image\" \/>\n<meta name=\"twitter:label1\" content=\"Estimated reading time\" \/>\n\t<meta name=\"twitter:data1\" content=\"3 minutes\" \/>\n<script type=\"application\/ld+json\" class=\"yoast-schema-graph\">{\"@context\":\"https:\/\/schema.org\",\"@graph\":[{\"@type\":\"WebPage\",\"@id\":\"https:\/\/www.tutiac.com\/tous-engages\/pour-la-qualite\/\",\"url\":\"https:\/\/www.tutiac.com\/tous-engages\/pour-la-qualite\/\",\"name\":\"Notre travail du vin - TUTIAC\",\"isPartOf\":{\"@id\":\"https:\/\/www.tutiac.com\/#website\"},\"datePublished\":\"2019-09-03T08:10:40+00:00\",\"dateModified\":\"2026-03-20T09:15:36+00:00\",\"breadcrumb\":{\"@id\":\"https:\/\/www.tutiac.com\/tous-engages\/pour-la-qualite\/#breadcrumb\"},\"inLanguage\":\"en-GB\",\"potentialAction\":[{\"@type\":\"ReadAction\",\"target\":[\"https:\/\/www.tutiac.com\/tous-engages\/pour-la-qualite\/\"]}]},{\"@type\":\"BreadcrumbList\",\"@id\":\"https:\/\/www.tutiac.com\/tous-engages\/pour-la-qualite\/#breadcrumb\",\"itemListElement\":[{\"@type\":\"ListItem\",\"position\":1,\"name\":\"Accueil\",\"item\":\"https:\/\/www.tutiac.com\/\"},{\"@type\":\"ListItem\",\"position\":2,\"name\":\"Tous engag\u00e9s !\",\"item\":\"https:\/\/www.tutiac.com\/tous-engages\/\"},{\"@type\":\"ListItem\",\"position\":3,\"name\":\"Notre travail du vin\"}]},{\"@type\":\"WebSite\",\"@id\":\"https:\/\/www.tutiac.com\/#website\",\"url\":\"https:\/\/www.tutiac.com\/\",\"name\":\"TUTIAC\",\"description\":\"Tout Bordeaux !\",\"publisher\":{\"@id\":\"https:\/\/www.tutiac.com\/#organization\"},\"potentialAction\":[{\"@type\":\"SearchAction\",\"target\":{\"@type\":\"EntryPoint\",\"urlTemplate\":\"https:\/\/www.tutiac.com\/?s={search_term_string}\"},\"query-input\":\"required name=search_term_string\"}],\"inLanguage\":\"en-GB\"},{\"@type\":\"Organization\",\"@id\":\"https:\/\/www.tutiac.com\/#organization\",\"name\":\"TUTIAC\",\"url\":\"https:\/\/www.tutiac.com\/\",\"logo\":{\"@type\":\"ImageObject\",\"inLanguage\":\"en-GB\",\"@id\":\"https:\/\/www.tutiac.com\/#\/schema\/logo\/image\/\",\"url\":\"https:\/\/www.tutiac.com\/wp-content\/uploads\/2025\/01\/logo-Cave_de_lannee-1.jpg\",\"contentUrl\":\"https:\/\/www.tutiac.com\/wp-content\/uploads\/2025\/01\/logo-Cave_de_lannee-1.jpg\",\"width\":1325,\"height\":1337,\"caption\":\"TUTIAC\"},\"image\":{\"@id\":\"https:\/\/www.tutiac.com\/#\/schema\/logo\/image\/\"}}]}<\/script>\n<!-- \/ Yoast SEO plugin. -->","yoast_head_json":{"title":"Notre travail du vin - TUTIAC","robots":{"index":"index","follow":"follow","max-snippet":"max-snippet:-1","max-image-preview":"max-image-preview:large","max-video-preview":"max-video-preview:-1"},"canonical":"https:\/\/www.tutiac.com\/en\/tous-engages\/pour-la-qualite\/","og_locale":"en_GB","og_type":"article","og_title":"Notre travail du vin - TUTIAC","og_url":"https:\/\/www.tutiac.com\/en\/tous-engages\/pour-la-qualite\/","og_site_name":"TUTIAC","article_modified_time":"2026-03-20T09:15:36+00:00","og_image":[{"width":1920,"height":1080,"url":"https:\/\/www.tutiac.com\/wp-content\/uploads\/2021\/03\/travail-vin-tutiac.jpg","type":"image\/jpeg"}],"twitter_card":"summary_large_image","twitter_misc":{"Estimated reading time":"3 minutes"},"schema":{"@context":"https:\/\/schema.org","@graph":[{"@type":"WebPage","@id":"https:\/\/www.tutiac.com\/tous-engages\/pour-la-qualite\/","url":"https:\/\/www.tutiac.com\/tous-engages\/pour-la-qualite\/","name":"Notre travail du vin - TUTIAC","isPartOf":{"@id":"https:\/\/www.tutiac.com\/#website"},"datePublished":"2019-09-03T08:10:40+00:00","dateModified":"2026-03-20T09:15:36+00:00","breadcrumb":{"@id":"https:\/\/www.tutiac.com\/tous-engages\/pour-la-qualite\/#breadcrumb"},"inLanguage":"en-GB","potentialAction":[{"@type":"ReadAction","target":["https:\/\/www.tutiac.com\/tous-engages\/pour-la-qualite\/"]}]},{"@type":"BreadcrumbList","@id":"https:\/\/www.tutiac.com\/tous-engages\/pour-la-qualite\/#breadcrumb","itemListElement":[{"@type":"ListItem","position":1,"name":"Accueil","item":"https:\/\/www.tutiac.com\/"},{"@type":"ListItem","position":2,"name":"Tous engag\u00e9s !","item":"https:\/\/www.tutiac.com\/tous-engages\/"},{"@type":"ListItem","position":3,"name":"Notre travail du vin"}]},{"@type":"WebSite","@id":"https:\/\/www.tutiac.com\/#website","url":"https:\/\/www.tutiac.com\/","name":"TUTIAC","description":"Tout Bordeaux !","publisher":{"@id":"https:\/\/www.tutiac.com\/#organization"},"potentialAction":[{"@type":"SearchAction","target":{"@type":"EntryPoint","urlTemplate":"https:\/\/www.tutiac.com\/?s={search_term_string}"},"query-input":"required name=search_term_string"}],"inLanguage":"en-GB"},{"@type":"Organization","@id":"https:\/\/www.tutiac.com\/#organization","name":"TUTIAC","url":"https:\/\/www.tutiac.com\/","logo":{"@type":"ImageObject","inLanguage":"en-GB","@id":"https:\/\/www.tutiac.com\/#\/schema\/logo\/image\/","url":"https:\/\/www.tutiac.com\/wp-content\/uploads\/2025\/01\/logo-Cave_de_lannee-1.jpg","contentUrl":"https:\/\/www.tutiac.com\/wp-content\/uploads\/2025\/01\/logo-Cave_de_lannee-1.jpg","width":1325,"height":1337,"caption":"TUTIAC"},"image":{"@id":"https:\/\/www.tutiac.com\/#\/schema\/logo\/image\/"}}]}},"_links":{"self":[{"href":"https:\/\/www.tutiac.com\/en\/wp-json\/wp\/v2\/pages\/58"}],"collection":[{"href":"https:\/\/www.tutiac.com\/en\/wp-json\/wp\/v2\/pages"}],"about":[{"href":"https:\/\/www.tutiac.com\/en\/wp-json\/wp\/v2\/types\/page"}],"author":[{"embeddable":true,"href":"https:\/\/www.tutiac.com\/en\/wp-json\/wp\/v2\/users\/1"}],"replies":[{"embeddable":true,"href":"https:\/\/www.tutiac.com\/en\/wp-json\/wp\/v2\/comments?post=58"}],"version-history":[{"count":24,"href":"https:\/\/www.tutiac.com\/en\/wp-json\/wp\/v2\/pages\/58\/revisions"}],"predecessor-version":[{"id":2240,"href":"https:\/\/www.tutiac.com\/en\/wp-json\/wp\/v2\/pages\/58\/revisions\/2240"}],"up":[{"embeddable":true,"href":"https:\/\/www.tutiac.com\/en\/wp-json\/wp\/v2\/pages\/64"}],"wp:featuredmedia":[{"embeddable":true,"href":"https:\/\/www.tutiac.com\/en\/wp-json\/wp\/v2\/media\/1247"}],"wp:attachment":[{"href":"https:\/\/www.tutiac.com\/en\/wp-json\/wp\/v2\/media?parent=58"}],"curies":[{"name":"wp","href":"https:\/\/api.w.org\/{rel}","templated":true}]}}