{"id":52,"date":"2019-09-03T10:10:08","date_gmt":"2019-09-03T08:10:08","guid":{"rendered":"https:\/\/www.tutiac.com\/fr\/?page_id=52"},"modified":"2026-03-11T10:19:52","modified_gmt":"2026-03-11T09:19:52","slug":"nos-boutiques","status":"publish","type":"page","link":"https:\/\/www.tutiac.com\/en\/tout-pour-vous\/nos-boutiques\/","title":{"rendered":"Our points of sale in the Bordeaux region"},"content":{"rendered":"<div data-vc-full-width=\"true\" data-vc-full-width-init=\"false\" class=\"vc_row wpb_row vc_row-fluid chapo vc_custom_1582126906161 vc_row-has-fill\"><div class=\"wpb_column vc_column_container vc_col-sm-12\"><div class=\"vc_column-inner\"><div class=\"wpb_wrapper\">\n\t<div class=\"wpb_text_column wpb_content_element\" >\n\t\t<div class=\"wpb_wrapper\">\n\t\t\t<h2 style=\"text-align: center;\"><strong>Sur les routes de votre quotidien ou lors de vos escapades dans le Bordelais, d\u00e9couvrez nos 6 boutiques implant\u00e9es au c\u0153ur de la Haute-Gironde, de Saint-Gervais, pr\u00e8s de Saint-Andr\u00e9-de-Cubzac (\u00e0 seulement 30 km de Bordeaux), jusqu\u2019au nord du d\u00e9partement.<\/strong><\/h2>\n<h2 style=\"text-align: center;\"><strong>L\u2019ensemble de nos vins y est propos\u00e9, accompagn\u00e9 d\u2019une s\u00e9lection de produits r\u00e9gionaux. Vous pouvez \u00e9galement commander en toute simplicit\u00e9 sur notre <a href=\"http:\/\/eboutique-tutiac.com\/\" target=\"_blank\" rel=\"noopener noreferrer\"><u>e-shop.<\/u><\/a><\/strong><\/h2>\n\n\t\t<\/div>\n\t<\/div>\n<\/div><\/div><\/div><\/div><div class=\"vc_row-full-width vc_clearfix\"><\/div><div class=\"vc_row wpb_row vc_row-fluid\"><div class=\"wpb_column vc_column_container vc_col-sm-12\"><div class=\"vc_column-inner\"><div class=\"wpb_wrapper\"><div class=\"vc_empty_space\"   style=\"height: 90px\"><span class=\"vc_empty_space_inner\"><\/span><\/div><\/div><\/div><\/div><\/div><div class=\"vc_row wpb_row vc_row-fluid vc_row-o-equal-height vc_row-flex\"><div class=\"wpb_column vc_column_container vc_col-sm-6\"><div class=\"vc_column-inner\"><div class=\"wpb_wrapper\">\n\t<div class=\"gg-clubbox\" style=\"text-align:center;\">\n\t\t<div class=\"club-image\"><\/div>\n\t\t<div class=\"gg-clubbox-content gg-center\">\n\t\t<span class=\"club-top-title\" ><\/span>\n\t\t<h3 class=\"club-title\" ><\/h3>\n\t\t<div class=\"club-description\" style=\"color: #000000;\"><p class=\"GLOBAL__gm2-headline-5 section-hero-header-title-title\" style=\"text-align: center;\"><strong><img decoding=\"async\" loading=\"lazy\" class=\"alignnone wp-image-894\" src=\"https:\/\/www.tutiac.com\/wp-content\/uploads\/2020\/08\/logo-full.png\" alt=\"\" width=\"279\" height=\"250\" srcset=\"https:\/\/www.tutiac.com\/wp-content\/uploads\/2020\/08\/logo-full.png 332w, https:\/\/www.tutiac.com\/wp-content\/uploads\/2020\/08\/logo-full-150x135.png 150w, https:\/\/www.tutiac.com\/wp-content\/uploads\/2020\/08\/logo-full-300x269.png 300w\" sizes=\"(max-width: 279px) 100vw, 279px\" \/><br \/>\nLes Vignerons de Tutiac<\/strong><br \/>\nLa Cafourche, 33860 Val-de-Livenne<\/p>\n<p style=\"text-align: center;\">T. +33 (0)5 57 32 48 33<\/p>\n<p style=\"text-align: center;\"><b>Opening times<\/b><\/p>\n<p style=\"text-align: center;\">Horaires des boutiques <strong>MARCILLAC \u2013 ETAULIERS &#8211; PERISSAC &#8211; CIVRAC<\/strong><br \/>\nDu mardi au samedi\u00a0: 9h00-12h30 &amp; 14h30-18h30<br \/>\nFerm\u00e9 les dimanches, lundis et jours f\u00e9ri\u00e9s<\/p>\n<p style=\"text-align: center;\">Horaires de <strong>LUGON<\/strong><br \/>\nDu mardi au samedi : 9h00-12h00 &amp; 14h30-18h30<\/p>\n<p style=\"text-align: center;\">Horaires de <strong>ST GERVAIS<\/strong><br \/>\nDu lundi au jeudi\u00a0: 9h00-12h30 &amp; 14h00-19h00<br \/>\nVendredi et samedi\u00a0: 9h00-13h00 &amp; 14h00-19h00<\/p>\n<\/div>\n\t\t<p class=\"club-price\" > <span class=\"club-price-affix\" ><\/span><\/p>\n\t<\/div>\n\t<\/div><\/div><\/div><\/div><div class=\"wpb_column vc_column_container vc_col-sm-6\"><div class=\"vc_column-inner\"><div class=\"wpb_wrapper\"><div class=\"wpb_gmaps_widget wpb_content_element\"><div class=\"wpb_wrapper\"><div class=\"wpb_map_wraper\"><iframe src=\"https:\/\/www.google.com\/maps\/d\/u\/0\/embed?mid=19DfNqTf82rvIhg2RWnE1qWFAx1E0d5A&ehbc=2E312F\" width=\"640\" height=\"870\"><\/iframe><\/div><\/div><\/div><\/div><\/div><\/div><\/div><div class=\"vc_row wpb_row vc_row-fluid vc_custom_1624376417545 vc_row-has-fill\"><div class=\"wpb_column vc_column_container vc_col-sm-12\"><div class=\"vc_column-inner\"><div class=\"wpb_wrapper\">\n\t<div  class=\"wpb_single_image wpb_content_element vc_align_left\">\n\t\t\n\t\t<figure class=\"wpb_wrapper vc_figure\">\n\t\t\t<div class=\"vc_single_image-wrapper   vc_box_border_grey\"><img width=\"2560\" height=\"1707\" src=\"https:\/\/www.tutiac.com\/wp-content\/uploads\/2026\/03\/Saint-Gervais-2-scaled.jpg\" class=\"vc_single_image-img attachment-full\" alt=\"\" decoding=\"async\" loading=\"lazy\" srcset=\"https:\/\/www.tutiac.com\/wp-content\/uploads\/2026\/03\/Saint-Gervais-2-scaled.jpg 2560w, https:\/\/www.tutiac.com\/wp-content\/uploads\/2026\/03\/Saint-Gervais-2-300x200.jpg 300w, https:\/\/www.tutiac.com\/wp-content\/uploads\/2026\/03\/Saint-Gervais-2-1024x683.jpg 1024w, https:\/\/www.tutiac.com\/wp-content\/uploads\/2026\/03\/Saint-Gervais-2-150x100.jpg 150w, https:\/\/www.tutiac.com\/wp-content\/uploads\/2026\/03\/Saint-Gervais-2-768x512.jpg 768w, https:\/\/www.tutiac.com\/wp-content\/uploads\/2026\/03\/Saint-Gervais-2-1536x1024.jpg 1536w, https:\/\/www.tutiac.com\/wp-content\/uploads\/2026\/03\/Saint-Gervais-2-2048x1365.jpg 2048w, https:\/\/www.tutiac.com\/wp-content\/uploads\/2026\/03\/Saint-Gervais-2-18x12.jpg 18w\" sizes=\"(max-width: 2560px) 100vw, 2560px\" \/><\/div>\n\t\t<\/figure>\n\t<\/div>\n\n\t<div class=\"wpb_text_column wpb_content_element\" >\n\t\t<div class=\"wpb_wrapper\">\n\t\t\t<p style=\"text-align: center;\"><strong>Nos 6 boutiques :<\/strong><br \/>\nCivrac, P\u00e9rissac, Marcillac, Etauliers, Saint Gervais et Lugon, venez d\u00e9couvrir toutes nos gammes ainsi que nos produits r\u00e9gionaux !<\/p>\n\n\t\t<\/div>\n\t<\/div>\n<\/div><\/div><\/div><\/div><div class=\"vc_row wpb_row vc_row-fluid\"><div class=\"wpb_column vc_column_container vc_col-sm-12\"><div class=\"vc_column-inner\"><div class=\"wpb_wrapper\"><div class=\"vc_empty_space\"   style=\"height: 90px\"><span class=\"vc_empty_space_inner\"><\/span><\/div><\/div><\/div><\/div><\/div>","protected":false},"excerpt":{"rendered":"Sur les routes de votre quotidien ou lors de vos escapades dans le Bordelais, d\u00e9couvrez nos 6 boutiques implant\u00e9es au c\u0153ur de la Haute-Gironde, de Saint-Gervais, pr\u00e8s de Saint-Andr\u00e9-de-Cubzac (\u00e0 seulement 30 km de Bordeaux), jusqu\u2019au nord du d\u00e9partement. L\u2019ensemble de nos vins y est propos\u00e9, accompagn\u00e9 d\u2019une s\u00e9lection de produits r\u00e9gionaux. Vous pouvez \u00e9galement<p class=\"more-link-wrapper\"><a class=\"btn btn-primary\" href=\"https:\/\/www.tutiac.com\/en\/tout-pour-vous\/nos-boutiques\/\">Read More<\/a><\/p>","protected":false},"author":1,"featured_media":2166,"parent":62,"menu_order":0,"comment_status":"closed","ping_status":"closed","template":"","meta":[],"yoast_head":"<!-- This site is optimized with the Yoast SEO plugin v19.14 - https:\/\/yoast.com\/wordpress\/plugins\/seo\/ -->\n<title>Nos points de vente dans le vignoble - TUTIAC<\/title>\n<meta name=\"robots\" content=\"index, follow, max-snippet:-1, max-image-preview:large, max-video-preview:-1\" \/>\n<link rel=\"canonical\" href=\"https:\/\/www.tutiac.com\/en\/tout-pour-vous\/nos-boutiques\/\" \/>\n<meta property=\"og:locale\" content=\"en_GB\" \/>\n<meta property=\"og:type\" content=\"article\" \/>\n<meta property=\"og:title\" content=\"Nos points de vente dans le vignoble - TUTIAC\" \/>\n<meta property=\"og:url\" content=\"https:\/\/www.tutiac.com\/en\/tout-pour-vous\/nos-boutiques\/\" \/>\n<meta property=\"og:site_name\" content=\"TUTIAC\" \/>\n<meta property=\"article:modified_time\" content=\"2026-03-11T09:19:52+00:00\" \/>\n<meta property=\"og:image\" content=\"https:\/\/www.tutiac.com\/wp-content\/uploads\/2025\/09\/TUTIAC_boutique_saint_gervais.jpg\" \/>\n\t<meta property=\"og:image:width\" content=\"1920\" \/>\n\t<meta property=\"og:image:height\" content=\"1080\" \/>\n\t<meta property=\"og:image:type\" content=\"image\/jpeg\" \/>\n<meta name=\"twitter:card\" content=\"summary_large_image\" \/>\n<meta name=\"twitter:label1\" content=\"Estimated reading time\" \/>\n\t<meta name=\"twitter:data1\" content=\"2 minutes\" \/>\n<script type=\"application\/ld+json\" class=\"yoast-schema-graph\">{\"@context\":\"https:\/\/schema.org\",\"@graph\":[{\"@type\":\"WebPage\",\"@id\":\"https:\/\/www.tutiac.com\/tout-pour-vous\/nos-boutiques\/\",\"url\":\"https:\/\/www.tutiac.com\/tout-pour-vous\/nos-boutiques\/\",\"name\":\"Nos points de vente dans le vignoble - TUTIAC\",\"isPartOf\":{\"@id\":\"https:\/\/www.tutiac.com\/#website\"},\"datePublished\":\"2019-09-03T08:10:08+00:00\",\"dateModified\":\"2026-03-11T09:19:52+00:00\",\"breadcrumb\":{\"@id\":\"https:\/\/www.tutiac.com\/tout-pour-vous\/nos-boutiques\/#breadcrumb\"},\"inLanguage\":\"en-GB\",\"potentialAction\":[{\"@type\":\"ReadAction\",\"target\":[\"https:\/\/www.tutiac.com\/tout-pour-vous\/nos-boutiques\/\"]}]},{\"@type\":\"BreadcrumbList\",\"@id\":\"https:\/\/www.tutiac.com\/tout-pour-vous\/nos-boutiques\/#breadcrumb\",\"itemListElement\":[{\"@type\":\"ListItem\",\"position\":1,\"name\":\"Accueil\",\"item\":\"https:\/\/www.tutiac.com\/\"},{\"@type\":\"ListItem\",\"position\":2,\"name\":\"Tout pour vous !\",\"item\":\"https:\/\/www.tutiac.com\/tout-pour-vous\/\"},{\"@type\":\"ListItem\",\"position\":3,\"name\":\"Nos points de vente dans le vignoble\"}]},{\"@type\":\"WebSite\",\"@id\":\"https:\/\/www.tutiac.com\/#website\",\"url\":\"https:\/\/www.tutiac.com\/\",\"name\":\"TUTIAC\",\"description\":\"Tout Bordeaux !\",\"publisher\":{\"@id\":\"https:\/\/www.tutiac.com\/#organization\"},\"potentialAction\":[{\"@type\":\"SearchAction\",\"target\":{\"@type\":\"EntryPoint\",\"urlTemplate\":\"https:\/\/www.tutiac.com\/?s={search_term_string}\"},\"query-input\":\"required name=search_term_string\"}],\"inLanguage\":\"en-GB\"},{\"@type\":\"Organization\",\"@id\":\"https:\/\/www.tutiac.com\/#organization\",\"name\":\"TUTIAC\",\"url\":\"https:\/\/www.tutiac.com\/\",\"logo\":{\"@type\":\"ImageObject\",\"inLanguage\":\"en-GB\",\"@id\":\"https:\/\/www.tutiac.com\/#\/schema\/logo\/image\/\",\"url\":\"https:\/\/www.tutiac.com\/wp-content\/uploads\/2025\/01\/logo-Cave_de_lannee-1.jpg\",\"contentUrl\":\"https:\/\/www.tutiac.com\/wp-content\/uploads\/2025\/01\/logo-Cave_de_lannee-1.jpg\",\"width\":1325,\"height\":1337,\"caption\":\"TUTIAC\"},\"image\":{\"@id\":\"https:\/\/www.tutiac.com\/#\/schema\/logo\/image\/\"}}]}<\/script>\n<!-- \/ Yoast SEO plugin. -->","yoast_head_json":{"title":"Nos points de vente dans le vignoble - TUTIAC","robots":{"index":"index","follow":"follow","max-snippet":"max-snippet:-1","max-image-preview":"max-image-preview:large","max-video-preview":"max-video-preview:-1"},"canonical":"https:\/\/www.tutiac.com\/en\/tout-pour-vous\/nos-boutiques\/","og_locale":"en_GB","og_type":"article","og_title":"Nos points de vente dans le vignoble - TUTIAC","og_url":"https:\/\/www.tutiac.com\/en\/tout-pour-vous\/nos-boutiques\/","og_site_name":"TUTIAC","article_modified_time":"2026-03-11T09:19:52+00:00","og_image":[{"width":1920,"height":1080,"url":"https:\/\/www.tutiac.com\/wp-content\/uploads\/2025\/09\/TUTIAC_boutique_saint_gervais.jpg","type":"image\/jpeg"}],"twitter_card":"summary_large_image","twitter_misc":{"Estimated reading time":"2 minutes"},"schema":{"@context":"https:\/\/schema.org","@graph":[{"@type":"WebPage","@id":"https:\/\/www.tutiac.com\/tout-pour-vous\/nos-boutiques\/","url":"https:\/\/www.tutiac.com\/tout-pour-vous\/nos-boutiques\/","name":"Nos points de vente dans le vignoble - TUTIAC","isPartOf":{"@id":"https:\/\/www.tutiac.com\/#website"},"datePublished":"2019-09-03T08:10:08+00:00","dateModified":"2026-03-11T09:19:52+00:00","breadcrumb":{"@id":"https:\/\/www.tutiac.com\/tout-pour-vous\/nos-boutiques\/#breadcrumb"},"inLanguage":"en-GB","potentialAction":[{"@type":"ReadAction","target":["https:\/\/www.tutiac.com\/tout-pour-vous\/nos-boutiques\/"]}]},{"@type":"BreadcrumbList","@id":"https:\/\/www.tutiac.com\/tout-pour-vous\/nos-boutiques\/#breadcrumb","itemListElement":[{"@type":"ListItem","position":1,"name":"Accueil","item":"https:\/\/www.tutiac.com\/"},{"@type":"ListItem","position":2,"name":"Tout pour vous !","item":"https:\/\/www.tutiac.com\/tout-pour-vous\/"},{"@type":"ListItem","position":3,"name":"Nos points de vente dans le vignoble"}]},{"@type":"WebSite","@id":"https:\/\/www.tutiac.com\/#website","url":"https:\/\/www.tutiac.com\/","name":"TUTIAC","description":"Tout Bordeaux !","publisher":{"@id":"https:\/\/www.tutiac.com\/#organization"},"potentialAction":[{"@type":"SearchAction","target":{"@type":"EntryPoint","urlTemplate":"https:\/\/www.tutiac.com\/?s={search_term_string}"},"query-input":"required name=search_term_string"}],"inLanguage":"en-GB"},{"@type":"Organization","@id":"https:\/\/www.tutiac.com\/#organization","name":"TUTIAC","url":"https:\/\/www.tutiac.com\/","logo":{"@type":"ImageObject","inLanguage":"en-GB","@id":"https:\/\/www.tutiac.com\/#\/schema\/logo\/image\/","url":"https:\/\/www.tutiac.com\/wp-content\/uploads\/2025\/01\/logo-Cave_de_lannee-1.jpg","contentUrl":"https:\/\/www.tutiac.com\/wp-content\/uploads\/2025\/01\/logo-Cave_de_lannee-1.jpg","width":1325,"height":1337,"caption":"TUTIAC"},"image":{"@id":"https:\/\/www.tutiac.com\/#\/schema\/logo\/image\/"}}]}},"_links":{"self":[{"href":"https:\/\/www.tutiac.com\/en\/wp-json\/wp\/v2\/pages\/52"}],"collection":[{"href":"https:\/\/www.tutiac.com\/en\/wp-json\/wp\/v2\/pages"}],"about":[{"href":"https:\/\/www.tutiac.com\/en\/wp-json\/wp\/v2\/types\/page"}],"author":[{"embeddable":true,"href":"https:\/\/www.tutiac.com\/en\/wp-json\/wp\/v2\/users\/1"}],"replies":[{"embeddable":true,"href":"https:\/\/www.tutiac.com\/en\/wp-json\/wp\/v2\/comments?post=52"}],"version-history":[{"count":53,"href":"https:\/\/www.tutiac.com\/en\/wp-json\/wp\/v2\/pages\/52\/revisions"}],"predecessor-version":[{"id":2207,"href":"https:\/\/www.tutiac.com\/en\/wp-json\/wp\/v2\/pages\/52\/revisions\/2207"}],"up":[{"embeddable":true,"href":"https:\/\/www.tutiac.com\/en\/wp-json\/wp\/v2\/pages\/62"}],"wp:featuredmedia":[{"embeddable":true,"href":"https:\/\/www.tutiac.com\/en\/wp-json\/wp\/v2\/media\/2166"}],"wp:attachment":[{"href":"https:\/\/www.tutiac.com\/en\/wp-json\/wp\/v2\/media?parent=52"}],"curies":[{"name":"wp","href":"https:\/\/api.w.org\/{rel}","templated":true}]}}