{"id":50,"date":"2019-09-03T10:09:57","date_gmt":"2019-09-03T08:09:57","guid":{"rendered":"https:\/\/www.tutiac.com\/fr\/?page_id=50"},"modified":"2021-06-11T11:46:19","modified_gmt":"2021-06-11T09:46:19","slug":"le-bistro-vignerons","status":"publish","type":"page","link":"https:\/\/www.tutiac.com\/en\/tout-pour-vous\/le-bistro-vignerons\/","title":{"rendered":"Vive le vin et les coop&rsquo;ains !"},"content":{"rendered":"<div data-vc-full-width=\"true\" data-vc-full-width-init=\"false\" class=\"vc_row wpb_row vc_row-fluid chapo vc_custom_1582123600181 vc_row-has-fill\"><div class=\"wpb_column vc_column_container vc_col-sm-12\"><div class=\"vc_column-inner\"><div class=\"wpb_wrapper\">\n\t<div class=\"wpb_text_column wpb_content_element\" >\n\t\t<div class=\"wpb_wrapper\">\n\t\t\t<h2 style=\"text-align: center;\">The first bistro opened and managed by cooperative winegrowers is located in Bordeaux:<br \/>\nAll Tutiac wines are waiting for you there!<\/h2>\n\n\t\t<\/div>\n\t<\/div>\n<\/div><\/div><\/div><\/div><div class=\"vc_row-full-width vc_clearfix\"><\/div><div class=\"vc_row wpb_row vc_row-fluid\"><div class=\"wpb_column vc_column_container vc_col-sm-12\"><div class=\"vc_column-inner\"><div class=\"wpb_wrapper\"><div class=\"vc_empty_space\"   style=\"height: 90px\"><span class=\"vc_empty_space_inner\"><\/span><\/div><\/div><\/div><\/div><\/div><div class=\"vc_row wpb_row vc_row-fluid vc_custom_1583931218033 vc_row-has-fill vc_row-o-equal-height vc_row-o-content-middle vc_row-flex\"><div class=\"wpb_column vc_column_container vc_col-sm-6 vc_col-has-fill\"><div class=\"vc_column-inner vc_custom_1583931326188\"><div class=\"wpb_wrapper\"><h2 style=\"text-align: left\" class=\"vc_custom_heading\" >TUTIAC, the Bistro Vignerons<\/h2>\n\t<div class=\"wpb_text_column wpb_content_element\" >\n\t\t<div class=\"wpb_wrapper\">\n\t\t\t<p><span style=\"font-weight: 400;\">Imagine a wine bar which demystifies the wine experience, where Bordeaux becomes accessible, where we put you at ease with our hospitality, advice, affordable prices, where we listen to your tasting impressions \u2013 the type of place where you soon learn that a good wine is not necessarily an expensive one. Where the bottles are not classified by price or ch\u00e2teaux, but by flavour profile to facilitate your choices.<br \/>\nImagine a wine cellar with an endless array of choices (a hundred or so references), enough for you to find what you like, by letting us guide you without dictating your taste preferences.<br \/>\nImagine a dining cellar, where you can taste our wines with Tutiac winegrowers, alongside gourmet dishes prepared by our chef using local artisanal products. Some food and wine pairings may surprise you\u2026<br \/>\nThis place exists in the heart of Bordeaux. It\u2019s none other than Tutiac, the Bistro Vignerons \u2013 run by real cooperative winegrowers and the first of its kind in France. Here, someone will always take the time to tell you where and how our wines are made. You will find all the Bordeaux appellations where Tutiac works, along with beautiful bottles from our cooperative partners (Champagne, Loire, Provence, Corsica, Rh\u00f4ne, etc.). All our wines can be tasted on-site, by the glass, and purchased by the bottle.<\/span><\/p>\n\n\t\t<\/div>\n\t<\/div>\n<\/div><\/div><\/div><div class=\"wpb_column vc_column_container vc_col-sm-6 vc_col-has-fill\"><div class=\"vc_column-inner vc_custom_1605794309750\"><div class=\"wpb_wrapper\"><\/div><\/div><\/div><\/div><div class=\"vc_row wpb_row vc_row-fluid\"><div class=\"wpb_column vc_column_container vc_col-sm-12\"><div class=\"vc_column-inner\"><div class=\"wpb_wrapper\"><div class=\"vc_empty_space\"   style=\"height: 90px\"><span class=\"vc_empty_space_inner\"><\/span><\/div><\/div><\/div><\/div><\/div><div data-vc-full-width=\"true\" data-vc-full-width-init=\"false\" class=\"vc_row wpb_row vc_row-fluid white vc_custom_1576683748426 vc_row-has-fill\"><div class=\"wpb_column vc_column_container vc_col-sm-6\"><div class=\"vc_column-inner\"><div class=\"wpb_wrapper\">\n\t<div class=\"wpb_text_column wpb_content_element  whote\" >\n\t\t<div class=\"wpb_wrapper\">\n\t\t\t<h3><b> Le Bistro Vignerons <\/b><\/h3>\n<p><span style=\"font-weight: 400;\">10 Place du Palais \u00e0 Bordeaux<br \/>\n<\/span><span style=\"font-weight: 400;\">T\u00e9l. +( 33)5 57 88 22 42<\/span><\/p>\n\n\t\t<\/div>\n\t<\/div>\n<\/div><\/div><\/div><div class=\"wpb_column vc_column_container vc_col-sm-6\"><div class=\"vc_column-inner\"><div class=\"wpb_wrapper\">\n\t<div class=\"wpb_text_column wpb_content_element\" >\n\t\t<div class=\"wpb_wrapper\">\n\t\t\t<p>Opening times:<\/p>\n<div class=\"\"><\/div>\n<div class=\"\">\u2022 Monday: 5pm \u2013 10pm<\/div>\n<div class=\"\">\u2022 Tuesday to Friday: 11am \u2013 3pm \/ 5pm \u2013 10pm<\/div>\n<div class=\"\">\u2022 Saturday: 11am \u2013 10pm<\/div>\n<div class=\"\">\u2022 Sunday: 5pm \u2013 10pm<\/div>\n\n\t\t<\/div>\n\t<\/div>\n<\/div><\/div><\/div><\/div><div class=\"vc_row-full-width vc_clearfix\"><\/div><div data-vc-full-width=\"true\" data-vc-full-width-init=\"false\" data-vc-stretch-content=\"true\" class=\"vc_row wpb_row vc_row-fluid vc_row-no-padding\"><div class=\"wpb_column vc_column_container vc_col-sm-12\"><div class=\"vc_column-inner\"><div class=\"wpb_wrapper\"><div class=\"wpb_gmaps_widget wpb_content_element vc_custom_1576683847636\"><div class=\"wpb_wrapper\"><div class=\"wpb_map_wraper\"><iframe loading=\"lazy\" src=\"https:\/\/www.google.com\/maps\/embed?pb=!1m18!1m12!1m3!1d2829.1879660711666!2d-0.5717625479610088!3d44.83810528291708!2m3!1f0!2f0!3f0!3m2!1i1024!2i768!4f13.1!3m3!1m2!1s0xd5527f55eecea6b%3A0x1f9b69cec7e8f865!2sTutiac%20Wine%20Bar!5e0!3m2!1sfr!2sfr!4v1576667725301!5m2!1sfr!2sfr\" width=\"100%\" height=\"450\" frameborder=\"0\" style=\"border:0;\" allowfullscreen=\"\"><\/iframe><\/div><\/div><\/div><\/div><\/div><\/div><\/div><div class=\"vc_row-full-width vc_clearfix\"><\/div>","protected":false},"excerpt":{"rendered":"Le premier bistro ouvert et tenu par des vignerons coop\u00e9rateurs est \u00e0 Bordeaux : Tout Tutiac vous y attend ! TUTIAC, le Bistro Vignerons Imaginez un bar \u00e0 vin o\u00f9 le vin devient simple, o\u00f9 le Bordeaux devient accessible, o\u00f9 on vous met sans cesse \u00e0 l\u2019aise par l\u2019accueil, le conseil, les prix doux, l\u2019\u00e9coute<p class=\"more-link-wrapper\"><a class=\"btn btn-primary\" href=\"https:\/\/www.tutiac.com\/en\/tout-pour-vous\/le-bistro-vignerons\/\">Read More<\/a><\/p>","protected":false},"author":1,"featured_media":940,"parent":62,"menu_order":0,"comment_status":"closed","ping_status":"closed","template":"","meta":{"footnotes":""},"yoast_head":"<!-- This site is optimized with the Yoast SEO plugin v19.14 - https:\/\/yoast.com\/wordpress\/plugins\/seo\/ -->\n<title>Vive le vin et les coop&#039;ains ! - TUTIAC<\/title>\n<meta name=\"robots\" content=\"index, follow, max-snippet:-1, max-image-preview:large, max-video-preview:-1\" \/>\n<link rel=\"canonical\" href=\"https:\/\/www.tutiac.com\/en\/tout-pour-vous\/le-bistro-vignerons\/\" \/>\n<meta property=\"og:locale\" content=\"en_GB\" \/>\n<meta property=\"og:type\" content=\"article\" \/>\n<meta property=\"og:title\" content=\"Vive le vin et les coop&#039;ains ! - TUTIAC\" \/>\n<meta property=\"og:url\" content=\"https:\/\/www.tutiac.com\/en\/tout-pour-vous\/le-bistro-vignerons\/\" \/>\n<meta property=\"og:site_name\" content=\"TUTIAC\" \/>\n<meta property=\"article:modified_time\" content=\"2021-06-11T09:46:19+00:00\" \/>\n<meta property=\"og:image\" content=\"https:\/\/www.tutiac.com\/wp-content\/uploads\/2020\/11\/magret-bistro-tutiac.jpg\" \/>\n\t<meta property=\"og:image:width\" content=\"1920\" \/>\n\t<meta property=\"og:image:height\" content=\"1080\" \/>\n\t<meta property=\"og:image:type\" content=\"image\/jpeg\" \/>\n<meta name=\"twitter:card\" content=\"summary_large_image\" \/>\n<meta name=\"twitter:label1\" content=\"Estimated reading time\" \/>\n\t<meta name=\"twitter:data1\" content=\"3 minutes\" \/>\n<script type=\"application\/ld+json\" class=\"yoast-schema-graph\">{\"@context\":\"https:\/\/schema.org\",\"@graph\":[{\"@type\":\"WebPage\",\"@id\":\"https:\/\/www.tutiac.com\/tout-pour-vous\/le-bistro-vignerons\/\",\"url\":\"https:\/\/www.tutiac.com\/tout-pour-vous\/le-bistro-vignerons\/\",\"name\":\"Vive le vin et les coop'ains ! - TUTIAC\",\"isPartOf\":{\"@id\":\"https:\/\/www.tutiac.com\/#website\"},\"datePublished\":\"2019-09-03T08:09:57+00:00\",\"dateModified\":\"2021-06-11T09:46:19+00:00\",\"breadcrumb\":{\"@id\":\"https:\/\/www.tutiac.com\/tout-pour-vous\/le-bistro-vignerons\/#breadcrumb\"},\"inLanguage\":\"en-GB\",\"potentialAction\":[{\"@type\":\"ReadAction\",\"target\":[\"https:\/\/www.tutiac.com\/tout-pour-vous\/le-bistro-vignerons\/\"]}]},{\"@type\":\"BreadcrumbList\",\"@id\":\"https:\/\/www.tutiac.com\/tout-pour-vous\/le-bistro-vignerons\/#breadcrumb\",\"itemListElement\":[{\"@type\":\"ListItem\",\"position\":1,\"name\":\"Accueil\",\"item\":\"https:\/\/www.tutiac.com\/\"},{\"@type\":\"ListItem\",\"position\":2,\"name\":\"Tout pour vous !\",\"item\":\"https:\/\/www.tutiac.com\/tout-pour-vous\/\"},{\"@type\":\"ListItem\",\"position\":3,\"name\":\"Vive le vin et les coop&rsquo;ains !\"}]},{\"@type\":\"WebSite\",\"@id\":\"https:\/\/www.tutiac.com\/#website\",\"url\":\"https:\/\/www.tutiac.com\/\",\"name\":\"TUTIAC\",\"description\":\"Tout Bordeaux !\",\"publisher\":{\"@id\":\"https:\/\/www.tutiac.com\/#organization\"},\"potentialAction\":[{\"@type\":\"SearchAction\",\"target\":{\"@type\":\"EntryPoint\",\"urlTemplate\":\"https:\/\/www.tutiac.com\/?s={search_term_string}\"},\"query-input\":\"required name=search_term_string\"}],\"inLanguage\":\"en-GB\"},{\"@type\":\"Organization\",\"@id\":\"https:\/\/www.tutiac.com\/#organization\",\"name\":\"TUTIAC\",\"url\":\"https:\/\/www.tutiac.com\/\",\"logo\":{\"@type\":\"ImageObject\",\"inLanguage\":\"en-GB\",\"@id\":\"https:\/\/www.tutiac.com\/#\/schema\/logo\/image\/\",\"url\":\"https:\/\/www.tutiac.com\/wp-content\/uploads\/2025\/01\/logo-Cave_de_lannee-1.jpg\",\"contentUrl\":\"https:\/\/www.tutiac.com\/wp-content\/uploads\/2025\/01\/logo-Cave_de_lannee-1.jpg\",\"width\":1325,\"height\":1337,\"caption\":\"TUTIAC\"},\"image\":{\"@id\":\"https:\/\/www.tutiac.com\/#\/schema\/logo\/image\/\"}}]}<\/script>\n<!-- \/ Yoast SEO plugin. -->","yoast_head_json":{"title":"Vive le vin et les coop'ains ! - TUTIAC","robots":{"index":"index","follow":"follow","max-snippet":"max-snippet:-1","max-image-preview":"max-image-preview:large","max-video-preview":"max-video-preview:-1"},"canonical":"https:\/\/www.tutiac.com\/en\/tout-pour-vous\/le-bistro-vignerons\/","og_locale":"en_GB","og_type":"article","og_title":"Vive le vin et les coop'ains ! - TUTIAC","og_url":"https:\/\/www.tutiac.com\/en\/tout-pour-vous\/le-bistro-vignerons\/","og_site_name":"TUTIAC","article_modified_time":"2021-06-11T09:46:19+00:00","og_image":[{"width":1920,"height":1080,"url":"https:\/\/www.tutiac.com\/wp-content\/uploads\/2020\/11\/magret-bistro-tutiac.jpg","type":"image\/jpeg"}],"twitter_card":"summary_large_image","twitter_misc":{"Estimated reading time":"3 minutes"},"schema":{"@context":"https:\/\/schema.org","@graph":[{"@type":"WebPage","@id":"https:\/\/www.tutiac.com\/tout-pour-vous\/le-bistro-vignerons\/","url":"https:\/\/www.tutiac.com\/tout-pour-vous\/le-bistro-vignerons\/","name":"Vive le vin et les coop'ains ! - TUTIAC","isPartOf":{"@id":"https:\/\/www.tutiac.com\/#website"},"datePublished":"2019-09-03T08:09:57+00:00","dateModified":"2021-06-11T09:46:19+00:00","breadcrumb":{"@id":"https:\/\/www.tutiac.com\/tout-pour-vous\/le-bistro-vignerons\/#breadcrumb"},"inLanguage":"en-GB","potentialAction":[{"@type":"ReadAction","target":["https:\/\/www.tutiac.com\/tout-pour-vous\/le-bistro-vignerons\/"]}]},{"@type":"BreadcrumbList","@id":"https:\/\/www.tutiac.com\/tout-pour-vous\/le-bistro-vignerons\/#breadcrumb","itemListElement":[{"@type":"ListItem","position":1,"name":"Accueil","item":"https:\/\/www.tutiac.com\/"},{"@type":"ListItem","position":2,"name":"Tout pour vous !","item":"https:\/\/www.tutiac.com\/tout-pour-vous\/"},{"@type":"ListItem","position":3,"name":"Vive le vin et les coop&rsquo;ains !"}]},{"@type":"WebSite","@id":"https:\/\/www.tutiac.com\/#website","url":"https:\/\/www.tutiac.com\/","name":"TUTIAC","description":"Tout Bordeaux !","publisher":{"@id":"https:\/\/www.tutiac.com\/#organization"},"potentialAction":[{"@type":"SearchAction","target":{"@type":"EntryPoint","urlTemplate":"https:\/\/www.tutiac.com\/?s={search_term_string}"},"query-input":"required name=search_term_string"}],"inLanguage":"en-GB"},{"@type":"Organization","@id":"https:\/\/www.tutiac.com\/#organization","name":"TUTIAC","url":"https:\/\/www.tutiac.com\/","logo":{"@type":"ImageObject","inLanguage":"en-GB","@id":"https:\/\/www.tutiac.com\/#\/schema\/logo\/image\/","url":"https:\/\/www.tutiac.com\/wp-content\/uploads\/2025\/01\/logo-Cave_de_lannee-1.jpg","contentUrl":"https:\/\/www.tutiac.com\/wp-content\/uploads\/2025\/01\/logo-Cave_de_lannee-1.jpg","width":1325,"height":1337,"caption":"TUTIAC"},"image":{"@id":"https:\/\/www.tutiac.com\/#\/schema\/logo\/image\/"}}]}},"_links":{"self":[{"href":"https:\/\/www.tutiac.com\/en\/wp-json\/wp\/v2\/pages\/50"}],"collection":[{"href":"https:\/\/www.tutiac.com\/en\/wp-json\/wp\/v2\/pages"}],"about":[{"href":"https:\/\/www.tutiac.com\/en\/wp-json\/wp\/v2\/types\/page"}],"author":[{"embeddable":true,"href":"https:\/\/www.tutiac.com\/en\/wp-json\/wp\/v2\/users\/1"}],"replies":[{"embeddable":true,"href":"https:\/\/www.tutiac.com\/en\/wp-json\/wp\/v2\/comments?post=50"}],"version-history":[{"count":44,"href":"https:\/\/www.tutiac.com\/en\/wp-json\/wp\/v2\/pages\/50\/revisions"}],"predecessor-version":[{"id":1639,"href":"https:\/\/www.tutiac.com\/en\/wp-json\/wp\/v2\/pages\/50\/revisions\/1639"}],"up":[{"embeddable":true,"href":"https:\/\/www.tutiac.com\/en\/wp-json\/wp\/v2\/pages\/62"}],"wp:featuredmedia":[{"embeddable":true,"href":"https:\/\/www.tutiac.com\/en\/wp-json\/wp\/v2\/media\/940"}],"wp:attachment":[{"href":"https:\/\/www.tutiac.com\/en\/wp-json\/wp\/v2\/media?parent=50"}],"curies":[{"name":"wp","href":"https:\/\/api.w.org\/{rel}","templated":true}]}}