{"id":31,"date":"2019-09-03T10:04:04","date_gmt":"2019-09-03T08:04:04","guid":{"rendered":"https:\/\/www.tutiac.com\/fr\/?page_id=31"},"modified":"2025-07-03T11:56:06","modified_gmt":"2025-07-03T09:56:06","slug":"en-un-coup-doeil","status":"publish","type":"page","link":"https:\/\/www.tutiac.com\/en\/tout-nous\/en-un-coup-doeil\/","title":{"rendered":"Tutiac !"},"content":{"rendered":"<div class=\"vc_row wpb_row vc_row-fluid vc_row-o-equal-height vc_row-o-content-middle vc_row-flex\"><div class=\"wpb_column vc_column_container vc_col-sm-8\"><div class=\"vc_column-inner\"><div class=\"wpb_wrapper\">\n\t<div class=\"gg-clubbox\" style=\"text-align:left;\">\n\t\t<div class=\"club-image\"><\/div>\n\t\t<div class=\"gg-clubbox-content gg-left\">\n\t\t<span class=\"club-top-title\" style=\"color: #c8191b;\"><\/span>\n\t\t<h3 class=\"club-title\" style=\"color: #c8191b;\">TUTIAC !<\/h3>\n\t\t<div class=\"club-description\" ><p><span style=\"font-weight: 400;\">This rallying cry unites all<strong> 40<\/strong><\/span><b>0 vignerons des deux rives de la Gironde.<\/b><span style=\"font-weight: 400;\"><br \/>\n<\/span><span style=\"font-weight: 400;\">Together we are Tutiac and are united by our love of life, wine, people, diversity and our <\/span><span style=\"font-weight: 400;\">cooperative fraternal<\/span><span style=\"font-weight: 400;\"> spirit.\u00a0<\/span><\/p>\n<p><span style=\"font-weight: 400;\">Our<\/span><span style=\"font-weight: 400;\"> magnificent <\/span><b>notre beau terroir de 5000 hectares<\/b><span style=\"font-weight: 400;\">It is one of the world\u2019s most beautiful, diverse, rich, nuanced and <\/span><span style=\"font-weight: 400;\">surprising vineyards!<\/span><span style=\"font-weight: 400;\"> It gives us everything we could possibly wish for because <\/span><b>we have tended to it<\/b><span style=\"font-weight: 400;\">responsibly <\/span><span style=\"font-weight: 400;\">for generations,<\/span><span style=\"font-weight: 400;\">with utmost respect for nature.\u00a0<\/span><\/p>\n<p><span style=\"font-weight: 400;\">We make wines in a bold, obstinate style, <\/span><b>driven by our never-ending quest for quality<\/b><span style=\"font-weight: 400;\">. <\/span><span style=\"font-weight: 400;\">nos vins<\/span><span style=\"font-weight: 400;\">Lively, genuine and refined, they offer <\/span><b>unique pleasures to gourmets and enthusiasts<\/b><span style=\"font-weight: 400;\"> worldwide, and represent all Bordeaux expressions and traditions from <\/span><a href=\"https:\/\/www.bordeaux.com\/fr\/Notre-Terroir\/Blaye-et-Bourg\" target=\"_blank\" rel=\"noopener noreferrer\"><span style=\"font-weight: 400;\">Blaye<\/span><\/a><span style=\"font-weight: 400;\"> to <\/span><a href=\"https:\/\/www.bordeaux.com\/fr\/Notre-Terroir\/Les-Graves-et-Sauternais\" target=\"_blank\" rel=\"noopener noreferrer\"><span style=\"font-weight: 400;\">Sauternes<\/span><\/a><span style=\"font-weight: 400;\">, <\/span><a href=\"https:\/\/www.bordeaux.com\/fr\/Notre-Terroir\/Blaye-et-Bourg\" target=\"_blank\" rel=\"noopener noreferrer\"><span style=\"font-weight: 400;\">Bourg<\/span><\/a><span style=\"font-weight: 400;\">, <\/span><a href=\"https:\/\/www.bordeaux.com\/fr\/Notre-Terroir\/Le-Libournais\" target=\"_blank\" rel=\"noopener noreferrer\"><span style=\"font-weight: 400;\">Fronsac<\/span><\/a><span style=\"font-weight: 400;\">, the <\/span><a href=\"https:\/\/www.bordeaux.com\/fr\/Notre-Terroir\/Le-Medoc\" target=\"_blank\" rel=\"noopener noreferrer\"><span style=\"font-weight: 400;\">M\u00e9doc<\/span><\/a><span style=\"font-weight: 400;\"> and the <\/span><a href=\"https:\/\/www.bordeaux.com\/fr\/Notre-Terroir\/Les-Graves-et-Sauternais\"><span style=\"font-weight: 400;\">Graves<\/span><\/a><span style=\"font-weight: 400;\">&#8230;\u00a0<\/span><\/p>\n<p><span style=\"font-weight: 400;\">Tutiac encompasses all of the above <\/span><b>, and all of us. <\/b><a href=\"https:\/\/www.bordeaux.com\/fr\" target=\"_blank\" rel=\"noopener noreferrer\"><b>It\u2019s Bordeaux through and through<\/b><\/a><b> !<\/b><\/p>\n<p style=\"text-align: right;\"><strong>St\u00e9phane H\u00e9raud,<\/strong> President of Vignerons de Tutiac<\/p>\n<\/div>\n\t\t<p class=\"club-price\" > <span class=\"club-price-affix\" ><\/span><\/p>\n\t<\/div>\n\t<\/div><\/div><\/div><\/div><div class=\"wpb_column vc_column_container vc_col-sm-4 vc_col-has-fill\"><div class=\"vc_column-inner vc_custom_1605801167235\"><div class=\"wpb_wrapper\"><\/div><\/div><\/div><\/div><div class=\"vc_row wpb_row vc_row-fluid\"><div class=\"wpb_column vc_column_container vc_col-sm-12\"><div class=\"vc_column-inner\"><div class=\"wpb_wrapper\"><div class=\"vc_empty_space\"   style=\"height: 90px\"><span class=\"vc_empty_space_inner\"><\/span><\/div><\/div><\/div><\/div><\/div><div class=\"vc_row wpb_row vc_row-fluid\"><div class=\"wpb_column vc_column_container vc_col-sm-12\"><div class=\"vc_column-inner\"><div class=\"wpb_wrapper\"><div class=\"vc_row wpb_row vc_inner vc_row-fluid\"><div class=\"wpb_column vc_column_container vc_col-sm-3\"><div class=\"vc_column-inner\"><div class=\"wpb_wrapper\">\n\t<div class=\"counter-wrapper  text-align-center\">\n\t\t\t<div class=\"counter-content\">\n\t\t\t<div class=\"counter-number\">\n\t\t\t\t<span style=\" font-size:60px; color:#545258;\" class=\"counter\" data-number=\"50\" data-interval=\"100\" data-speed=\"1500\">50<\/span>\n\t\t\t\t<span class=\"number-suffix\">years<\/span>\n\t\t\t\t<\/div>\n\t\t\t\t<span class=\"counter-title\" style=\"color:#545258\">of cooperation<\/span>\n\t\t\t<\/div>\n\t<\/div> <div class=\"vc_empty_space\"   style=\"height: 32px\"><span class=\"vc_empty_space_inner\"><\/span><\/div><\/div><\/div><\/div><div class=\"wpb_column vc_column_container vc_col-sm-3\"><div class=\"vc_column-inner\"><div class=\"wpb_wrapper\">\n\t<div class=\"counter-wrapper  text-align-center\">\n\t\t\t<div class=\"counter-content\">\n\t\t\t<div class=\"counter-number\">\n\t\t\t\t<span style=\" font-size:AOCpx; color:#545258;\" class=\"counter\" data-number=\"15\" data-interval=\"100\" data-speed=\"1500\">15<\/span>\n\t\t\t\t<span class=\"number-suffix\">AOP<\/span>\n\t\t\t\t<\/div>\n\t\t\t\t<span class=\"counter-title\" style=\"color:#545258\">BORDEAUX APPELLATIONS<\/span>\n\t\t\t<\/div>\n\t<\/div> <div class=\"vc_empty_space\"   style=\"height: 32px\"><span class=\"vc_empty_space_inner\"><\/span><\/div><\/div><\/div><\/div><div class=\"wpb_column vc_column_container vc_col-sm-3\"><div class=\"vc_column-inner\"><div class=\"wpb_wrapper\">\n\t<div class=\"counter-wrapper  text-align-center\">\n\t\t\t<div class=\"counter-content\">\n\t\t\t<div class=\"counter-number\">\n\t\t\t\t<span style=\" font-size:60px; color:#545258;\" class=\"counter\" data-number=\"150\" data-interval=\"100\" data-speed=\"1500\">150<\/span>\n\t\t\t\t\n\t\t\t\t<\/div>\n\t\t\t\t<span class=\"counter-title\" style=\"color:#545258\">ch\u00e2teaux<\/span>\n\t\t\t<\/div>\n\t<\/div> <div class=\"vc_empty_space\"   style=\"height: 32px\"><span class=\"vc_empty_space_inner\"><\/span><\/div><\/div><\/div><\/div><div class=\"wpb_column vc_column_container vc_col-sm-3\"><div class=\"vc_column-inner\"><div class=\"wpb_wrapper\">\n\t<div class=\"counter-wrapper  text-align-center\">\n\t\t\t<div class=\"counter-content\">\n\t\t\t<div class=\"counter-number\">\n\t\t\t\t<span style=\" font-size:60px; color:#545258;\" class=\"counter\" data-number=\"1200\" data-interval=\"100\" data-speed=\"1500\">1200<\/span>\n\t\t\t\t\n\t\t\t\t<\/div>\n\t\t\t\t<span class=\"counter-title\" style=\"color:#545258\">FAMILIES<\/span>\n\t\t\t<\/div>\n\t<\/div> <div class=\"vc_empty_space\"   style=\"height: 32px\"><span class=\"vc_empty_space_inner\"><\/span><\/div><\/div><\/div><\/div><\/div><div class=\"vc_row wpb_row vc_inner vc_row-fluid\"><div class=\"wpb_column vc_column_container vc_col-sm-4\"><div class=\"vc_column-inner\"><div class=\"wpb_wrapper\">\n\t<div class=\"counter-wrapper  text-align-center\">\n\t\t\t<div class=\"counter-content\">\n\t\t\t<div class=\"counter-number\">\n\t\t\t\t<span style=\" font-size:60px; color:#545258;\" class=\"counter\" data-number=\"5000\" data-interval=\"100\" data-speed=\"1500\">5000<\/span>\n\t\t\t\t<span class=\"number-suffix\">hectares<\/span>\n\t\t\t\t<\/div>\n\t\t\t\t<span class=\"counter-title\" style=\"color:#545258\">of vines<\/span>\n\t\t\t<\/div>\n\t<\/div> <\/div><\/div><\/div><div class=\"wpb_column vc_column_container vc_col-sm-4\"><div class=\"vc_column-inner\"><div class=\"wpb_wrapper\">\n\t<div class=\"counter-wrapper  text-align-center\">\n\t\t\t<div class=\"counter-content\">\n\t\t\t<div class=\"counter-number\">\n\t\t\t\t<span style=\" font-size:60px; color:#545258;\" class=\"counter\" data-number=\"400\" data-interval=\"100\" data-speed=\"1500\">400<\/span>\n\t\t\t\t\n\t\t\t\t<\/div>\n\t\t\t\t<span class=\"counter-title\" style=\"color:#545258\">WINEGROWERS<\/span>\n\t\t\t<\/div>\n\t<\/div> <\/div><\/div><\/div><div class=\"wpb_column vc_column_container vc_col-sm-4\"><div class=\"vc_column-inner\"><div class=\"wpb_wrapper\">\n\t<div class=\"counter-wrapper  text-align-center\">\n\t\t\t<div class=\"counter-content\">\n\t\t\t<div class=\"counter-number\">\n\t\t\t\t<span style=\" font-size:60px; color:#545258;\" class=\"counter\" data-number=\"8000\" data-interval=\"100\" data-speed=\"1500\">8000<\/span>\n\t\t\t\t\n\t\t\t\t<\/div>\n\t\t\t\t<span class=\"counter-title\" style=\"color:#545258\">BARRELS<\/span>\n\t\t\t<\/div>\n\t<\/div> <\/div><\/div><\/div><\/div><\/div><\/div><\/div><\/div><div class=\"vc_row wpb_row vc_row-fluid\"><div class=\"wpb_column vc_column_container vc_col-sm-12\"><div class=\"vc_column-inner\"><div class=\"wpb_wrapper\"><div class=\"vc_empty_space\"   style=\"height: 90px\"><span class=\"vc_empty_space_inner\"><\/span><\/div><\/div><\/div><\/div><\/div>","protected":false},"excerpt":{"rendered":"TUTIAC ! Ce cri nous rallie, nous qui sommes 400 vignerons des deux rives de la Gironde. Nous sommes Tutiac et ce qui nous unit, c\u2019est la vie, le vin, la diversit\u00e9 humaine et notre esprit fraternel de coop\u00e9ration.\u00a0 Les mill\u00e9naires ont patiemment fa\u00e7onn\u00e9 notre beau terroir de 5000 hectares. Un des plus beaux, des<p class=\"more-link-wrapper\"><a class=\"btn btn-primary\" href=\"https:\/\/www.tutiac.com\/en\/tout-nous\/en-un-coup-doeil\/\">Read More<\/a><\/p>","protected":false},"author":1,"featured_media":460,"parent":60,"menu_order":0,"comment_status":"closed","ping_status":"closed","template":"","meta":[],"yoast_head":"<!-- This site is optimized with the Yoast SEO plugin v19.14 - https:\/\/yoast.com\/wordpress\/plugins\/seo\/ -->\n<title>Tutiac ! - TUTIAC<\/title>\n<meta name=\"robots\" content=\"index, follow, max-snippet:-1, max-image-preview:large, max-video-preview:-1\" \/>\n<link rel=\"canonical\" href=\"https:\/\/www.tutiac.com\/en\/tout-nous\/en-un-coup-doeil\/\" \/>\n<meta property=\"og:locale\" content=\"en_GB\" \/>\n<meta property=\"og:type\" content=\"article\" \/>\n<meta property=\"og:title\" content=\"Tutiac ! - TUTIAC\" \/>\n<meta property=\"og:url\" content=\"https:\/\/www.tutiac.com\/en\/tout-nous\/en-un-coup-doeil\/\" \/>\n<meta property=\"og:site_name\" content=\"TUTIAC\" \/>\n<meta property=\"article:modified_time\" content=\"2025-07-03T09:56:06+00:00\" \/>\n<meta property=\"og:image\" content=\"https:\/\/www.tutiac.com\/wp-content\/uploads\/2019\/12\/web-bg-tutiac-2.jpg\" \/>\n\t<meta property=\"og:image:width\" content=\"1800\" \/>\n\t<meta property=\"og:image:height\" content=\"1014\" \/>\n\t<meta property=\"og:image:type\" content=\"image\/jpeg\" \/>\n<meta name=\"twitter:card\" content=\"summary_large_image\" \/>\n<meta name=\"twitter:label1\" content=\"Estimated reading time\" \/>\n\t<meta name=\"twitter:data1\" content=\"2 minutes\" \/>\n<script type=\"application\/ld+json\" class=\"yoast-schema-graph\">{\"@context\":\"https:\/\/schema.org\",\"@graph\":[{\"@type\":\"WebPage\",\"@id\":\"https:\/\/www.tutiac.com\/tout-nous\/en-un-coup-doeil\/\",\"url\":\"https:\/\/www.tutiac.com\/tout-nous\/en-un-coup-doeil\/\",\"name\":\"Tutiac ! - TUTIAC\",\"isPartOf\":{\"@id\":\"https:\/\/www.tutiac.com\/#website\"},\"datePublished\":\"2019-09-03T08:04:04+00:00\",\"dateModified\":\"2025-07-03T09:56:06+00:00\",\"breadcrumb\":{\"@id\":\"https:\/\/www.tutiac.com\/tout-nous\/en-un-coup-doeil\/#breadcrumb\"},\"inLanguage\":\"en-GB\",\"potentialAction\":[{\"@type\":\"ReadAction\",\"target\":[\"https:\/\/www.tutiac.com\/tout-nous\/en-un-coup-doeil\/\"]}]},{\"@type\":\"BreadcrumbList\",\"@id\":\"https:\/\/www.tutiac.com\/tout-nous\/en-un-coup-doeil\/#breadcrumb\",\"itemListElement\":[{\"@type\":\"ListItem\",\"position\":1,\"name\":\"Accueil\",\"item\":\"https:\/\/www.tutiac.com\/\"},{\"@type\":\"ListItem\",\"position\":2,\"name\":\"Tout nous !\",\"item\":\"https:\/\/www.tutiac.com\/tout-nous\/\"},{\"@type\":\"ListItem\",\"position\":3,\"name\":\"Tutiac !\"}]},{\"@type\":\"WebSite\",\"@id\":\"https:\/\/www.tutiac.com\/#website\",\"url\":\"https:\/\/www.tutiac.com\/\",\"name\":\"TUTIAC\",\"description\":\"Tout Bordeaux !\",\"publisher\":{\"@id\":\"https:\/\/www.tutiac.com\/#organization\"},\"potentialAction\":[{\"@type\":\"SearchAction\",\"target\":{\"@type\":\"EntryPoint\",\"urlTemplate\":\"https:\/\/www.tutiac.com\/?s={search_term_string}\"},\"query-input\":\"required name=search_term_string\"}],\"inLanguage\":\"en-GB\"},{\"@type\":\"Organization\",\"@id\":\"https:\/\/www.tutiac.com\/#organization\",\"name\":\"TUTIAC\",\"url\":\"https:\/\/www.tutiac.com\/\",\"logo\":{\"@type\":\"ImageObject\",\"inLanguage\":\"en-GB\",\"@id\":\"https:\/\/www.tutiac.com\/#\/schema\/logo\/image\/\",\"url\":\"https:\/\/www.tutiac.com\/wp-content\/uploads\/2025\/01\/logo-Cave_de_lannee-1.jpg\",\"contentUrl\":\"https:\/\/www.tutiac.com\/wp-content\/uploads\/2025\/01\/logo-Cave_de_lannee-1.jpg\",\"width\":1325,\"height\":1337,\"caption\":\"TUTIAC\"},\"image\":{\"@id\":\"https:\/\/www.tutiac.com\/#\/schema\/logo\/image\/\"}}]}<\/script>\n<!-- \/ Yoast SEO plugin. -->","yoast_head_json":{"title":"Tutiac ! - TUTIAC","robots":{"index":"index","follow":"follow","max-snippet":"max-snippet:-1","max-image-preview":"max-image-preview:large","max-video-preview":"max-video-preview:-1"},"canonical":"https:\/\/www.tutiac.com\/en\/tout-nous\/en-un-coup-doeil\/","og_locale":"en_GB","og_type":"article","og_title":"Tutiac ! - TUTIAC","og_url":"https:\/\/www.tutiac.com\/en\/tout-nous\/en-un-coup-doeil\/","og_site_name":"TUTIAC","article_modified_time":"2025-07-03T09:56:06+00:00","og_image":[{"width":1800,"height":1014,"url":"https:\/\/www.tutiac.com\/wp-content\/uploads\/2019\/12\/web-bg-tutiac-2.jpg","type":"image\/jpeg"}],"twitter_card":"summary_large_image","twitter_misc":{"Estimated reading time":"2 minutes"},"schema":{"@context":"https:\/\/schema.org","@graph":[{"@type":"WebPage","@id":"https:\/\/www.tutiac.com\/tout-nous\/en-un-coup-doeil\/","url":"https:\/\/www.tutiac.com\/tout-nous\/en-un-coup-doeil\/","name":"Tutiac ! - TUTIAC","isPartOf":{"@id":"https:\/\/www.tutiac.com\/#website"},"datePublished":"2019-09-03T08:04:04+00:00","dateModified":"2025-07-03T09:56:06+00:00","breadcrumb":{"@id":"https:\/\/www.tutiac.com\/tout-nous\/en-un-coup-doeil\/#breadcrumb"},"inLanguage":"en-GB","potentialAction":[{"@type":"ReadAction","target":["https:\/\/www.tutiac.com\/tout-nous\/en-un-coup-doeil\/"]}]},{"@type":"BreadcrumbList","@id":"https:\/\/www.tutiac.com\/tout-nous\/en-un-coup-doeil\/#breadcrumb","itemListElement":[{"@type":"ListItem","position":1,"name":"Accueil","item":"https:\/\/www.tutiac.com\/"},{"@type":"ListItem","position":2,"name":"Tout nous !","item":"https:\/\/www.tutiac.com\/tout-nous\/"},{"@type":"ListItem","position":3,"name":"Tutiac !"}]},{"@type":"WebSite","@id":"https:\/\/www.tutiac.com\/#website","url":"https:\/\/www.tutiac.com\/","name":"TUTIAC","description":"Tout Bordeaux !","publisher":{"@id":"https:\/\/www.tutiac.com\/#organization"},"potentialAction":[{"@type":"SearchAction","target":{"@type":"EntryPoint","urlTemplate":"https:\/\/www.tutiac.com\/?s={search_term_string}"},"query-input":"required name=search_term_string"}],"inLanguage":"en-GB"},{"@type":"Organization","@id":"https:\/\/www.tutiac.com\/#organization","name":"TUTIAC","url":"https:\/\/www.tutiac.com\/","logo":{"@type":"ImageObject","inLanguage":"en-GB","@id":"https:\/\/www.tutiac.com\/#\/schema\/logo\/image\/","url":"https:\/\/www.tutiac.com\/wp-content\/uploads\/2025\/01\/logo-Cave_de_lannee-1.jpg","contentUrl":"https:\/\/www.tutiac.com\/wp-content\/uploads\/2025\/01\/logo-Cave_de_lannee-1.jpg","width":1325,"height":1337,"caption":"TUTIAC"},"image":{"@id":"https:\/\/www.tutiac.com\/#\/schema\/logo\/image\/"}}]}},"_links":{"self":[{"href":"https:\/\/www.tutiac.com\/en\/wp-json\/wp\/v2\/pages\/31"}],"collection":[{"href":"https:\/\/www.tutiac.com\/en\/wp-json\/wp\/v2\/pages"}],"about":[{"href":"https:\/\/www.tutiac.com\/en\/wp-json\/wp\/v2\/types\/page"}],"author":[{"embeddable":true,"href":"https:\/\/www.tutiac.com\/en\/wp-json\/wp\/v2\/users\/1"}],"replies":[{"embeddable":true,"href":"https:\/\/www.tutiac.com\/en\/wp-json\/wp\/v2\/comments?post=31"}],"version-history":[{"count":90,"href":"https:\/\/www.tutiac.com\/en\/wp-json\/wp\/v2\/pages\/31\/revisions"}],"predecessor-version":[{"id":2155,"href":"https:\/\/www.tutiac.com\/en\/wp-json\/wp\/v2\/pages\/31\/revisions\/2155"}],"up":[{"embeddable":true,"href":"https:\/\/www.tutiac.com\/en\/wp-json\/wp\/v2\/pages\/60"}],"wp:featuredmedia":[{"embeddable":true,"href":"https:\/\/www.tutiac.com\/en\/wp-json\/wp\/v2\/media\/460"}],"wp:attachment":[{"href":"https:\/\/www.tutiac.com\/en\/wp-json\/wp\/v2\/media?parent=31"}],"curies":[{"name":"wp","href":"https:\/\/api.w.org\/{rel}","templated":true}]}}