{"id":1761,"date":"2022-06-16T10:23:23","date_gmt":"2022-06-16T08:23:23","guid":{"rendered":"https:\/\/www.tutiac.com\/?page_id=1761"},"modified":"2025-05-18T10:38:22","modified_gmt":"2025-05-18T08:38:22","slug":"les-chateaux-de-tutiac-2","status":"publish","type":"page","link":"https:\/\/www.tutiac.com\/en\/tout-pour-vous\/tous-nos-vins\/les-chateaux-de-tutiac-2\/","title":{"rendered":"Les Ch\u00e2teaux de Tutiac"},"content":{"rendered":"<div class=\"vc_row wpb_row vc_row-fluid\"><div class=\"wpb_column vc_column_container vc_col-sm-12 vc_col-has-fill\"><div class=\"vc_column-inner vc_custom_1655372974522\"><div class=\"wpb_wrapper\"><div class=\"vc_empty_space\"   style=\"height: 50px\"><span class=\"vc_empty_space_inner\"><\/span><\/div>\n\t<div class=\"wpb_text_column wpb_content_element\" >\n\t\t<div class=\"wpb_wrapper\">\n\t\t\t<h4 style=\"text-align: center; color: #c8191b;\"><strong>Les Ch\u00e2teaux de Tutiac<\/strong><\/h4>\n\n\t\t<\/div>\n\t<\/div>\n\n\t<div class=\"wpb_text_column wpb_content_element\" >\n\t\t<div class=\"wpb_wrapper\">\n\t\t\t<p style=\"text-align: center;\"><em>Our most beautiful properties, emblematic of the Bordeaux appellations.<\/em><\/p>\n\n\t\t<\/div>\n\t<\/div>\n<div class=\"vc_empty_space\"   style=\"height: 50px\"><span class=\"vc_empty_space_inner\"><\/span><\/div><\/div><\/div><\/div><\/div><div class=\"vc_row wpb_row vc_row-fluid vc_custom_1655372990422 vc_row-has-fill\"><div class=\"wpb_column vc_column_container vc_col-sm-3\"><div class=\"vc_column-inner\"><div class=\"wpb_wrapper\"><div class=\"vc_empty_space\"   style=\"height: 32px\"><span class=\"vc_empty_space_inner\"><\/span><\/div>\n\t<div  class=\"wpb_single_image wpb_content_element vc_align_center\">\n\t\t\n\t\t<figure class=\"wpb_wrapper vc_figure\">\n\t\t\t<a href=\"https:\/\/www.tutiac.com\/wp-content\/uploads\/2022\/06\/FT-ANG-Ch-CROIX-DE-GUILLOT-SM.pdf\" target=\"_blank\" class=\"vc_single_image-wrapper   vc_box_border_grey\"><img loading=\"lazy\" decoding=\"async\" width=\"800\" height=\"1086\" src=\"https:\/\/www.tutiac.com\/wp-content\/uploads\/2025\/05\/CHATEAU-CROIX-DE-GUILLOT.png\" class=\"vc_single_image-img attachment-full\" alt=\"\" srcset=\"https:\/\/www.tutiac.com\/wp-content\/uploads\/2025\/05\/CHATEAU-CROIX-DE-GUILLOT.png 800w, https:\/\/www.tutiac.com\/wp-content\/uploads\/2025\/05\/CHATEAU-CROIX-DE-GUILLOT-221x300.png 221w, https:\/\/www.tutiac.com\/wp-content\/uploads\/2025\/05\/CHATEAU-CROIX-DE-GUILLOT-754x1024.png 754w, https:\/\/www.tutiac.com\/wp-content\/uploads\/2025\/05\/CHATEAU-CROIX-DE-GUILLOT-110x150.png 110w, https:\/\/www.tutiac.com\/wp-content\/uploads\/2025\/05\/CHATEAU-CROIX-DE-GUILLOT-768x1043.png 768w, https:\/\/www.tutiac.com\/wp-content\/uploads\/2025\/05\/CHATEAU-CROIX-DE-GUILLOT-9x12.png 9w\" sizes=\"(max-width: 800px) 100vw, 800px\" \/><\/a>\n\t\t<\/figure>\n\t<\/div>\n\n\t<div class=\"wpb_text_column wpb_content_element\" >\n\t\t<div class=\"wpb_wrapper\">\n\t\t\t<p style=\"text-align: center;\"><a href=\"https:\/\/www.tutiac.com\/wp-content\/uploads\/2022\/06\/FT-ANG-Ch-CROIX-DE-GUILLOT-SM.pdf\">Ch\u00e2teau La Croix de Guillot<\/a><br \/>\n<a href=\"https:\/\/www.tutiac.com\/wp-content\/uploads\/2022\/06\/FT-ANG-Ch-CROIX-DE-GUILLOT-SM.pdf\">AOP Blaye C\u00f4tes de Bordeaux<\/a><br \/>\n<a href=\"https:\/\/www.tutiac.com\/wp-content\/uploads\/2022\/06\/FT-ANG-Ch-CROIX-DE-GUILLOT-SM.pdf\">rouge<\/a><\/p>\n\n\t\t<\/div>\n\t<\/div>\n<\/div><\/div><\/div><div class=\"wpb_column vc_column_container vc_col-sm-3\"><div class=\"vc_column-inner\"><div class=\"wpb_wrapper\"><div class=\"vc_empty_space\"   style=\"height: 32px\"><span class=\"vc_empty_space_inner\"><\/span><\/div>\n\t<div  class=\"wpb_single_image wpb_content_element vc_align_center\">\n\t\t\n\t\t<figure class=\"wpb_wrapper vc_figure\">\n\t\t\t<a href=\"https:\/\/www.tutiac.com\/wp-content\/uploads\/2022\/06\/FT-ANG-Ch-GELINEAU-SM.pdf\" target=\"_blank\" class=\"vc_single_image-wrapper   vc_box_border_grey\"><img loading=\"lazy\" decoding=\"async\" width=\"800\" height=\"1086\" src=\"https:\/\/www.tutiac.com\/wp-content\/uploads\/2022\/06\/CHATEAU-GELINEAU.jpg\" class=\"vc_single_image-img attachment-full\" alt=\"\" srcset=\"https:\/\/www.tutiac.com\/wp-content\/uploads\/2022\/06\/CHATEAU-GELINEAU.jpg 800w, https:\/\/www.tutiac.com\/wp-content\/uploads\/2022\/06\/CHATEAU-GELINEAU-110x150.jpg 110w, https:\/\/www.tutiac.com\/wp-content\/uploads\/2022\/06\/CHATEAU-GELINEAU-221x300.jpg 221w, https:\/\/www.tutiac.com\/wp-content\/uploads\/2022\/06\/CHATEAU-GELINEAU-768x1043.jpg 768w, https:\/\/www.tutiac.com\/wp-content\/uploads\/2022\/06\/CHATEAU-GELINEAU-754x1024.jpg 754w\" sizes=\"(max-width: 800px) 100vw, 800px\" \/><\/a>\n\t\t<\/figure>\n\t<\/div>\n\n\t<div class=\"wpb_text_column wpb_content_element\" >\n\t\t<div class=\"wpb_wrapper\">\n\t\t\t<p style=\"text-align: center;\"><a href=\"https:\/\/www.tutiac.com\/wp-content\/uploads\/2022\/06\/FT-ANG-Ch-GELINEAU-SM.pdf\">Ch\u00e2teau G\u00e9lineau<\/a><br \/>\n<a href=\"https:\/\/www.tutiac.com\/wp-content\/uploads\/2022\/06\/FT-ANG-Ch-GELINEAU-SM.pdf\">AOP C\u00f4tes de Bourg<\/a><br \/>\n<a href=\"https:\/\/www.tutiac.com\/wp-content\/uploads\/2022\/06\/FT-ANG-Ch-GELINEAU-SM.pdf\">rouge<\/a><\/p>\n\n\t\t<\/div>\n\t<\/div>\n<\/div><\/div><\/div><div class=\"wpb_column vc_column_container vc_col-sm-3\"><div class=\"vc_column-inner\"><div class=\"wpb_wrapper\"><div class=\"vc_empty_space\"   style=\"height: 32px\"><span class=\"vc_empty_space_inner\"><\/span><\/div>\n\t<div  class=\"wpb_single_image wpb_content_element vc_align_center\">\n\t\t\n\t\t<figure class=\"wpb_wrapper vc_figure\">\n\t\t\t<a href=\"https:\/\/www.tutiac.com\/wp-content\/uploads\/2022\/06\/FT-ANG-Ch-DU-PEUIL-SM.pdf\" target=\"_blank\" class=\"vc_single_image-wrapper   vc_box_border_grey\"><img loading=\"lazy\" decoding=\"async\" width=\"800\" height=\"1086\" src=\"https:\/\/www.tutiac.com\/wp-content\/uploads\/2022\/06\/CHATEAU-DU-PEUIL-SM.jpg\" class=\"vc_single_image-img attachment-full\" alt=\"\" srcset=\"https:\/\/www.tutiac.com\/wp-content\/uploads\/2022\/06\/CHATEAU-DU-PEUIL-SM.jpg 800w, https:\/\/www.tutiac.com\/wp-content\/uploads\/2022\/06\/CHATEAU-DU-PEUIL-SM-110x150.jpg 110w, https:\/\/www.tutiac.com\/wp-content\/uploads\/2022\/06\/CHATEAU-DU-PEUIL-SM-221x300.jpg 221w, https:\/\/www.tutiac.com\/wp-content\/uploads\/2022\/06\/CHATEAU-DU-PEUIL-SM-768x1043.jpg 768w, https:\/\/www.tutiac.com\/wp-content\/uploads\/2022\/06\/CHATEAU-DU-PEUIL-SM-754x1024.jpg 754w\" sizes=\"(max-width: 800px) 100vw, 800px\" \/><\/a>\n\t\t<\/figure>\n\t<\/div>\n\n\t<div class=\"wpb_text_column wpb_content_element\" >\n\t\t<div class=\"wpb_wrapper\">\n\t\t\t<p style=\"text-align: center;\"><a href=\"https:\/\/www.tutiac.com\/wp-content\/uploads\/2022\/06\/FT-ANG-Ch-DU-PEUIL-SM.pdf\">Ch\u00e2teau du Peuil<\/a><br \/>\n<a href=\"https:\/\/www.tutiac.com\/wp-content\/uploads\/2022\/06\/FT-ANG-Ch-DU-PEUIL-SM.pdf\">AOP Bordeaux Sup\u00e9rieur<\/a><br \/>\n<a href=\"https:\/\/www.tutiac.com\/wp-content\/uploads\/2022\/06\/FT-ANG-Ch-DU-PEUIL-SM.pdf\">rouge<\/a><\/p>\n\n\t\t<\/div>\n\t<\/div>\n<\/div><\/div><\/div><div class=\"wpb_column vc_column_container vc_col-sm-3\"><div class=\"vc_column-inner\"><div class=\"wpb_wrapper\"><div class=\"vc_empty_space\"   style=\"height: 32px\"><span class=\"vc_empty_space_inner\"><\/span><\/div>\n\t<div  class=\"wpb_single_image wpb_content_element vc_align_center\">\n\t\t\n\t\t<figure class=\"wpb_wrapper vc_figure\">\n\t\t\t<a href=\"https:\/\/www.tutiac.com\/wp-content\/uploads\/2022\/06\/FT-ANG-Ch-CROIX-DE-PATY-SM.pdf\" target=\"_blank\" class=\"vc_single_image-wrapper   vc_box_border_grey\"><img loading=\"lazy\" decoding=\"async\" width=\"800\" height=\"1086\" src=\"https:\/\/www.tutiac.com\/wp-content\/uploads\/2022\/06\/CHATEAU-CROIX-DE-PATY-SM.jpg\" class=\"vc_single_image-img attachment-full\" alt=\"\" srcset=\"https:\/\/www.tutiac.com\/wp-content\/uploads\/2022\/06\/CHATEAU-CROIX-DE-PATY-SM.jpg 800w, https:\/\/www.tutiac.com\/wp-content\/uploads\/2022\/06\/CHATEAU-CROIX-DE-PATY-SM-110x150.jpg 110w, https:\/\/www.tutiac.com\/wp-content\/uploads\/2022\/06\/CHATEAU-CROIX-DE-PATY-SM-221x300.jpg 221w, https:\/\/www.tutiac.com\/wp-content\/uploads\/2022\/06\/CHATEAU-CROIX-DE-PATY-SM-768x1043.jpg 768w, https:\/\/www.tutiac.com\/wp-content\/uploads\/2022\/06\/CHATEAU-CROIX-DE-PATY-SM-754x1024.jpg 754w\" sizes=\"(max-width: 800px) 100vw, 800px\" \/><\/a>\n\t\t<\/figure>\n\t<\/div>\n\n\t<div class=\"wpb_text_column wpb_content_element\" >\n\t\t<div class=\"wpb_wrapper\">\n\t\t\t<p style=\"text-align: center;\"><a href=\"https:\/\/www.tutiac.com\/wp-content\/uploads\/2022\/06\/FT-ANG-Ch-CROIX-DE-PATY-SM.pdf\">Ch\u00e2teau Croix de Paty<\/a><br \/>\n<a href=\"https:\/\/www.tutiac.com\/wp-content\/uploads\/2022\/06\/FT-ANG-Ch-CROIX-DE-PATY-SM.pdf\">AOP C\u00f4tes de Bourg<\/a><br \/>\n<a href=\"https:\/\/www.tutiac.com\/wp-content\/uploads\/2022\/06\/FT-ANG-Ch-CROIX-DE-PATY-SM.pdf\">rouge<\/a><\/p>\n\n\t\t<\/div>\n\t<\/div>\n<\/div><\/div><\/div><\/div><div class=\"vc_row wpb_row vc_row-fluid vc_custom_1655384088829 vc_row-has-fill\"><div class=\"wpb_column vc_column_container vc_col-sm-12\"><div class=\"vc_column-inner\"><div class=\"wpb_wrapper\"><div class=\"vc_empty_space\"   style=\"height: 50px\"><span class=\"vc_empty_space_inner\"><\/span><\/div><\/div><\/div><\/div><\/div><div class=\"vc_row wpb_row vc_row-fluid\"><div class=\"wpb_column vc_column_container vc_col-sm-12\"><div class=\"vc_column-inner\"><div class=\"wpb_wrapper\"><div class=\"vc_empty_space\"   style=\"height: 50px\"><span class=\"vc_empty_space_inner\"><\/span><\/div><\/div><\/div><\/div><\/div>","protected":false},"excerpt":{"rendered":"Les Ch\u00e2teaux de Tutiac Nos plus belles propri\u00e9t\u00e9s, embl\u00e9matiques des appellations bordelaises. Ch\u00e2teau La Croix de Guillot AOP Blaye C\u00f4tes de Bordeaux rouge Ch\u00e2teau G\u00e9lineau AOP C\u00f4tes de Bourg rouge Ch\u00e2teau du Peuil AOP Bordeaux Sup\u00e9rieur rouge Ch\u00e2teau Croix de Paty AOP C\u00f4tes de Bourg rouge","protected":false},"author":1,"featured_media":0,"parent":48,"menu_order":0,"comment_status":"closed","ping_status":"closed","template":"","meta":{"footnotes":""},"yoast_head":"<!-- This site is optimized with the Yoast SEO plugin v19.14 - https:\/\/yoast.com\/wordpress\/plugins\/seo\/ -->\n<title>Les Ch\u00e2teaux de Tutiac - TUTIAC<\/title>\n<meta name=\"robots\" content=\"index, follow, max-snippet:-1, max-image-preview:large, max-video-preview:-1\" \/>\n<link rel=\"canonical\" href=\"https:\/\/www.tutiac.com\/en\/tout-pour-vous\/tous-nos-vins\/les-chateaux-de-tutiac-2\/\" \/>\n<meta property=\"og:locale\" content=\"en_GB\" \/>\n<meta property=\"og:type\" content=\"article\" \/>\n<meta property=\"og:title\" content=\"Les Ch\u00e2teaux de Tutiac - TUTIAC\" \/>\n<meta property=\"og:url\" content=\"https:\/\/www.tutiac.com\/en\/tout-pour-vous\/tous-nos-vins\/les-chateaux-de-tutiac-2\/\" \/>\n<meta property=\"og:site_name\" content=\"TUTIAC\" \/>\n<meta property=\"article:modified_time\" content=\"2025-05-18T08:38:22+00:00\" \/>\n<meta name=\"twitter:card\" content=\"summary_large_image\" \/>\n<meta name=\"twitter:label1\" content=\"Estimated reading time\" \/>\n\t<meta name=\"twitter:data1\" content=\"1 minute\" \/>\n<script type=\"application\/ld+json\" class=\"yoast-schema-graph\">{\"@context\":\"https:\/\/schema.org\",\"@graph\":[{\"@type\":\"WebPage\",\"@id\":\"https:\/\/www.tutiac.com\/tout-pour-vous\/tous-nos-vins\/les-chateaux-de-tutiac-2\/\",\"url\":\"https:\/\/www.tutiac.com\/tout-pour-vous\/tous-nos-vins\/les-chateaux-de-tutiac-2\/\",\"name\":\"Les Ch\u00e2teaux de Tutiac - TUTIAC\",\"isPartOf\":{\"@id\":\"https:\/\/www.tutiac.com\/#website\"},\"datePublished\":\"2022-06-16T08:23:23+00:00\",\"dateModified\":\"2025-05-18T08:38:22+00:00\",\"breadcrumb\":{\"@id\":\"https:\/\/www.tutiac.com\/tout-pour-vous\/tous-nos-vins\/les-chateaux-de-tutiac-2\/#breadcrumb\"},\"inLanguage\":\"en-GB\",\"potentialAction\":[{\"@type\":\"ReadAction\",\"target\":[\"https:\/\/www.tutiac.com\/tout-pour-vous\/tous-nos-vins\/les-chateaux-de-tutiac-2\/\"]}]},{\"@type\":\"BreadcrumbList\",\"@id\":\"https:\/\/www.tutiac.com\/tout-pour-vous\/tous-nos-vins\/les-chateaux-de-tutiac-2\/#breadcrumb\",\"itemListElement\":[{\"@type\":\"ListItem\",\"position\":1,\"name\":\"Accueil\",\"item\":\"https:\/\/www.tutiac.com\/\"},{\"@type\":\"ListItem\",\"position\":2,\"name\":\"Tout pour vous !\",\"item\":\"https:\/\/www.tutiac.com\/tout-pour-vous\/\"},{\"@type\":\"ListItem\",\"position\":3,\"name\":\"Notre gamme\",\"item\":\"https:\/\/www.tutiac.com\/tout-pour-vous\/tous-nos-vins\/\"},{\"@type\":\"ListItem\",\"position\":4,\"name\":\"Les Ch\u00e2teaux de Tutiac\"}]},{\"@type\":\"WebSite\",\"@id\":\"https:\/\/www.tutiac.com\/#website\",\"url\":\"https:\/\/www.tutiac.com\/\",\"name\":\"TUTIAC\",\"description\":\"Tout Bordeaux !\",\"publisher\":{\"@id\":\"https:\/\/www.tutiac.com\/#organization\"},\"potentialAction\":[{\"@type\":\"SearchAction\",\"target\":{\"@type\":\"EntryPoint\",\"urlTemplate\":\"https:\/\/www.tutiac.com\/?s={search_term_string}\"},\"query-input\":\"required name=search_term_string\"}],\"inLanguage\":\"en-GB\"},{\"@type\":\"Organization\",\"@id\":\"https:\/\/www.tutiac.com\/#organization\",\"name\":\"TUTIAC\",\"url\":\"https:\/\/www.tutiac.com\/\",\"logo\":{\"@type\":\"ImageObject\",\"inLanguage\":\"en-GB\",\"@id\":\"https:\/\/www.tutiac.com\/#\/schema\/logo\/image\/\",\"url\":\"https:\/\/www.tutiac.com\/wp-content\/uploads\/2025\/01\/logo-Cave_de_lannee-1.jpg\",\"contentUrl\":\"https:\/\/www.tutiac.com\/wp-content\/uploads\/2025\/01\/logo-Cave_de_lannee-1.jpg\",\"width\":1325,\"height\":1337,\"caption\":\"TUTIAC\"},\"image\":{\"@id\":\"https:\/\/www.tutiac.com\/#\/schema\/logo\/image\/\"}}]}<\/script>\n<!-- \/ Yoast SEO plugin. -->","yoast_head_json":{"title":"Les Ch\u00e2teaux de Tutiac - TUTIAC","robots":{"index":"index","follow":"follow","max-snippet":"max-snippet:-1","max-image-preview":"max-image-preview:large","max-video-preview":"max-video-preview:-1"},"canonical":"https:\/\/www.tutiac.com\/en\/tout-pour-vous\/tous-nos-vins\/les-chateaux-de-tutiac-2\/","og_locale":"en_GB","og_type":"article","og_title":"Les Ch\u00e2teaux de Tutiac - TUTIAC","og_url":"https:\/\/www.tutiac.com\/en\/tout-pour-vous\/tous-nos-vins\/les-chateaux-de-tutiac-2\/","og_site_name":"TUTIAC","article_modified_time":"2025-05-18T08:38:22+00:00","twitter_card":"summary_large_image","twitter_misc":{"Estimated reading time":"1 minute"},"schema":{"@context":"https:\/\/schema.org","@graph":[{"@type":"WebPage","@id":"https:\/\/www.tutiac.com\/tout-pour-vous\/tous-nos-vins\/les-chateaux-de-tutiac-2\/","url":"https:\/\/www.tutiac.com\/tout-pour-vous\/tous-nos-vins\/les-chateaux-de-tutiac-2\/","name":"Les Ch\u00e2teaux de Tutiac - TUTIAC","isPartOf":{"@id":"https:\/\/www.tutiac.com\/#website"},"datePublished":"2022-06-16T08:23:23+00:00","dateModified":"2025-05-18T08:38:22+00:00","breadcrumb":{"@id":"https:\/\/www.tutiac.com\/tout-pour-vous\/tous-nos-vins\/les-chateaux-de-tutiac-2\/#breadcrumb"},"inLanguage":"en-GB","potentialAction":[{"@type":"ReadAction","target":["https:\/\/www.tutiac.com\/tout-pour-vous\/tous-nos-vins\/les-chateaux-de-tutiac-2\/"]}]},{"@type":"BreadcrumbList","@id":"https:\/\/www.tutiac.com\/tout-pour-vous\/tous-nos-vins\/les-chateaux-de-tutiac-2\/#breadcrumb","itemListElement":[{"@type":"ListItem","position":1,"name":"Accueil","item":"https:\/\/www.tutiac.com\/"},{"@type":"ListItem","position":2,"name":"Tout pour vous !","item":"https:\/\/www.tutiac.com\/tout-pour-vous\/"},{"@type":"ListItem","position":3,"name":"Notre gamme","item":"https:\/\/www.tutiac.com\/tout-pour-vous\/tous-nos-vins\/"},{"@type":"ListItem","position":4,"name":"Les Ch\u00e2teaux de Tutiac"}]},{"@type":"WebSite","@id":"https:\/\/www.tutiac.com\/#website","url":"https:\/\/www.tutiac.com\/","name":"TUTIAC","description":"Tout Bordeaux !","publisher":{"@id":"https:\/\/www.tutiac.com\/#organization"},"potentialAction":[{"@type":"SearchAction","target":{"@type":"EntryPoint","urlTemplate":"https:\/\/www.tutiac.com\/?s={search_term_string}"},"query-input":"required name=search_term_string"}],"inLanguage":"en-GB"},{"@type":"Organization","@id":"https:\/\/www.tutiac.com\/#organization","name":"TUTIAC","url":"https:\/\/www.tutiac.com\/","logo":{"@type":"ImageObject","inLanguage":"en-GB","@id":"https:\/\/www.tutiac.com\/#\/schema\/logo\/image\/","url":"https:\/\/www.tutiac.com\/wp-content\/uploads\/2025\/01\/logo-Cave_de_lannee-1.jpg","contentUrl":"https:\/\/www.tutiac.com\/wp-content\/uploads\/2025\/01\/logo-Cave_de_lannee-1.jpg","width":1325,"height":1337,"caption":"TUTIAC"},"image":{"@id":"https:\/\/www.tutiac.com\/#\/schema\/logo\/image\/"}}]}},"_links":{"self":[{"href":"https:\/\/www.tutiac.com\/en\/wp-json\/wp\/v2\/pages\/1761"}],"collection":[{"href":"https:\/\/www.tutiac.com\/en\/wp-json\/wp\/v2\/pages"}],"about":[{"href":"https:\/\/www.tutiac.com\/en\/wp-json\/wp\/v2\/types\/page"}],"author":[{"embeddable":true,"href":"https:\/\/www.tutiac.com\/en\/wp-json\/wp\/v2\/users\/1"}],"replies":[{"embeddable":true,"href":"https:\/\/www.tutiac.com\/en\/wp-json\/wp\/v2\/comments?post=1761"}],"version-history":[{"count":22,"href":"https:\/\/www.tutiac.com\/en\/wp-json\/wp\/v2\/pages\/1761\/revisions"}],"predecessor-version":[{"id":2141,"href":"https:\/\/www.tutiac.com\/en\/wp-json\/wp\/v2\/pages\/1761\/revisions\/2141"}],"up":[{"embeddable":true,"href":"https:\/\/www.tutiac.com\/en\/wp-json\/wp\/v2\/pages\/48"}],"wp:attachment":[{"href":"https:\/\/www.tutiac.com\/en\/wp-json\/wp\/v2\/media?parent=1761"}],"curies":[{"name":"wp","href":"https:\/\/api.w.org\/{rel}","templated":true}]}}