{"id":1346,"date":"2021-04-22T17:24:38","date_gmt":"2021-04-22T15:24:38","guid":{"rendered":"https:\/\/www.tutiac.com\/?page_id=1346"},"modified":"2026-03-20T10:20:21","modified_gmt":"2026-03-20T09:20:21","slug":"mentions-legales","status":"publish","type":"page","link":"https:\/\/www.tutiac.com\/en\/mentions-legales\/","title":{"rendered":"- Legal notice - Terms and conditions of sale"},"content":{"rendered":"<div class=\"vc_row wpb_row vc_row-fluid\"><div class=\"wpb_column vc_column_container vc_col-sm-12\"><div class=\"vc_column-inner\"><div class=\"wpb_wrapper\">\n\t<div class=\"wpb_text_column wpb_content_element\" >\n\t\t<div class=\"wpb_wrapper\">\n\t\t\t<p><strong>\u00c9dition<\/strong><\/p>\n<p>Le pr\u00e9sent site est la propri\u00e9t\u00e9 de :<br \/>\nLa Cafourche &#8211; Marcillac<br \/>\n33860 Val-de-Livenne<br \/>\nTel. 05 57 32 48 33<\/p>\n<p>Le Directeur de Publication est Monsieur Olivier Sopena.<\/p>\n<p>Cr\u00e9dits<br \/>\nTextes : LES VIGNERONS DE TUTIAC<br \/>\nPhotographies : LES VIGNERONS DE TUTIAC<br \/>\nConception : \u00ab\u00a0Made in mouse\u00a0\u00bb<\/p>\n<p>H\u00e9bergement : soci\u00e9t\u00e9 OVH<\/p>\n<p><strong>Droits d&rsquo;auteur et droit de reproduction<\/strong><br \/>\nToute reproduction, repr\u00e9sentation, utilisation ou modification, par quelque proc\u00e9d\u00e9 que ce soit et sur quelque support que ce soit, de tout ou partie du site, de tout ou partie des diff\u00e9rentes \u0153uvres qui le composent (photographies, images, pictos, textes&#8230;) ainsi que toute mention d&rsquo;adresse de courriel y figurant, sans avoir obtenu l&rsquo;autorisation pr\u00e9alable des VIGNERONS DE TUTIAC, est strictement interdite et constitue un d\u00e9lit de contrefa\u00e7on.<\/p>\n<p>Le contenu multim\u00e9dia du pr\u00e9sent site Internet est la propri\u00e9t\u00e9 exclusive des VIGNERONS DE TUTIAC.<br \/>\nAinsi, pour toute utilisation de ce contenu, une autorisation expresse doit \u00eatre formul\u00e9e par courriel ou par courrier postal \u00e0 l&rsquo;adresse suivante :<\/p>\n<p>LES VIGNERONS DE TUTIAC<br \/>\nLa Cafourche &#8211; Marcillac<br \/>\n33860 Val-de-Livenne<\/p>\n<p><strong><br \/>\nLiens<\/strong><br \/>\nLe site www.tutiac.com autorise la mise en place d&rsquo;un lien hypertexte pointant vers son contenu, sous r\u00e9serve de:<\/p>\n<p>Ne pas utiliser la technique du lien profond (\u00ab\u00a0deep linking\u00a0\u00bb), c&rsquo;est-\u00e0-dire que les pages du site www.tutiac.com ne doivent pas \u00eatre imbriqu\u00e9es \u00e0 l&rsquo;int\u00e9rieur des pages d&rsquo;un autre site, mais accessible par l&rsquo;ouverture d&rsquo;une fen\u00eatre.<br \/>\nMentionner la source qui pointera gr\u00e2ce \u00e0 un lien hypertexte directement sur le contenu vis\u00e9.<br \/>\nQue l&rsquo;acc\u00e8s aux pages contenant ces liens soit gratuit<\/p>\n<p>LES VIGNERONS DE TUTIAC d\u00e9gage toute responsabilit\u00e9 concernant les liens cr\u00e9\u00e9s par d&rsquo;autres sites vers ses propres sites. L&rsquo;existence de tels liens ne peut permettre d&rsquo;induire que LES VIGNERONS DE TUTIAC cautionne ces sites ou qu&rsquo;ils en approuvent le contenu.<\/p>\n<p>Le site Internet www.tutiac.com contient des liens vers des sites g\u00e9r\u00e9s par des tiers. Ces liens ne sont propos\u00e9s que pour votre commodit\u00e9. LES VIGNERONS DE TUTIAC n&rsquo;exerce aucun contr\u00f4le sur ces sites et n&rsquo;assume aucune responsabilit\u00e9 concernant leur contenu.<\/p>\n<p><strong><br \/>\nR\u00e8glement G\u00e9n\u00e9ral sur la Protection des Donn\u00e9es<\/strong><\/p>\n<p>\u00ab Les informations recueillies font l\u2019objet d\u2019un traitement informatique destin\u00e9 \u00e0 la gestion de notre relation commerciale et \u00e0 l\u2019ex\u00e9cution de celle-ci. Elles sont conserv\u00e9es pendant une dur\u00e9e de 3 ans \u00e0 compter de nos derniers \u00e9changes, sauf pour les informations que nous conservons conform\u00e9ment aux obligations l\u00e9gales et aux r\u00e8gles relatives \u00e0 la prescription. Elles pourront \u00eatre partag\u00e9es avec les soci\u00e9t\u00e9s du groupe Tutiac dans l\u2019hypoth\u00e8se d\u2019organisation d\u2019\u00e9v\u00e8nements communs. Conform\u00e9ment \u00e0 la loi \u00ab Informatique et Libert\u00e9s \u00bb n\u00b078-17 du 6 janvier 1978 modifi\u00e9e et au R\u00e8glement G\u00e9n\u00e9ral sur la Protection des Donn\u00e9es, vous disposez d\u2019un droit d\u2019acc\u00e8s aux donn\u00e9es vous concernant ou vous pouvez demander leurs effacements. Vous disposez \u00e9galement d\u2019un droit d\u2019opposition, d\u2019un droit de rectification, d\u2019un droit de portabilit\u00e9 et d\u2019un droit \u00e0 la limitation du traitement de vos donn\u00e9es.<br \/>\nPour exercer ces droits ou pour toute question sur le traitement de vos donn\u00e9es dans ce dispositif, sous r\u00e9serve de justifier de votre identit\u00e9, vous pouvez contacter notre d\u00e9l\u00e9gu\u00e9 \u00e0 la protection des donn\u00e9es ( DPO) : rgpd@tutiac.com. \u00bb<\/p>\n<p><strong><br \/>\nDonn\u00e9es personnelles<\/strong><\/p>\n<p>Le R\u00e8glement n\u00b0 2016\/679 du 27 avril 2016 relatif \u00e0 la protection des personnes physiques \u00e0 l\u2019\u00e9gard du traitement des donn\u00e9es \u00e0 caract\u00e8re personnel et commun\u00e9ment appel\u00e9 R\u00e8glement G\u00e9n\u00e9ral sur la protection des Donn\u00e9es (RGPD) est entr\u00e9 en vigueur le 25 mai 2018. Le RGPD, compl\u00e9t\u00e9 par la nouvelle Loi n\u00b0 78-17 du 6 janvier 1978 relative \u00e0 l\u2019informatique, aux fichiers et libert\u00e9s, dans sa version consolid\u00e9e du 14 juin 2018, impose les conditions dans lesquelles des traitements de donn\u00e9es \u00e0 caract\u00e8re personnel peuvent \u00eatre r\u00e9alis\u00e9s.<\/p>\n<p>Cette r\u00e8glementation ouvre aux personnes concern\u00e9es par les traitements un droit d\u2019information, d\u2019acc\u00e8s, de rectifications, d\u2019effacement, de portabilit\u00e9 et d\u2019opposition des donn\u00e9es enregistr\u00e9es sur leur compte.<\/p>\n<p>\u00ab Les Vignerons de Tutiac \u00bb a d\u00e9sign\u00e9 un d\u00e9l\u00e9gu\u00e9 \u00e0 la protection des Donn\u00e9es \u00e0 caract\u00e8re personnel (DPO) ainsi que des R\u00e9f\u00e9rents RGPD. Ces derniers ont pour missions de veiller au respect des dispositions du RGPD et s\u2019assurer de la conformit\u00e9 juridique des traitements. Le DPO est obligatoirement consult\u00e9 par le responsable de traitement pr\u00e9alablement \u00e0 la cr\u00e9ation d\u2019un fichier. Le responsable de traitement est celui qui d\u00e9termine les finalit\u00e9s et les moyens du traitement des donn\u00e9es et qui en est donc l\u2019initiateur. Tout responsable de traitement est tenue de recenser dans un registre la liste de l\u2019ensemble des traitements de donn\u00e9es \u00e0 caract\u00e8re personnel au fur et \u00e0 mesure de leur mise en \u0153uvre. Cette liste doit \u00eatre tenue \u00e0 disposition de toute personne concern\u00e9e en faisant la demande.<\/p>\n<p>En cas de difficult\u00e9s rencontr\u00e9es dans l\u2019exercice de ces droits, les personnes concern\u00e9es peuvent saisir le ou la DPO \u00e0 RGPD@tutiac.com.<\/p>\n<p><strong>Confidentialit\u00e9 des courriers<\/strong><\/p>\n<p>Concernant les informations relatives \u00e0 l&rsquo;envoi de courriers \u00e9lectroniques nous vous informons que :<\/p>\n<p>le secret des correspondances transmises par le r\u00e9seau Internet n&rsquo;est pas garanti ;<br \/>\nles courriers \u00e9lectroniques sont conserv\u00e9s sur support informatique le temps pour l&rsquo;organisme de fournir une r\u00e9ponse.<\/p>\n<p><strong>Contenu<\/strong><\/p>\n<p>LES VIGNERONS DE TUTIAC font de leur mieux pour assurer la fiabilit\u00e9, l&rsquo;exactitude et la mise \u00e0 jour des informations fournies sur leur site Internet.<\/p>\n<p>Toutefois, LES VIGNERONS DE TUTIAC :<br \/>\nNe garantissent en aucune fa\u00e7on l&rsquo;exactitude, la pr\u00e9cision ou l&rsquo;exhaustivit\u00e9 des informations mises \u00e0 disposition sur ce site<br \/>\nD\u00e9clinent toute responsabilit\u00e9 pour toute impr\u00e9cision, inexactitude ou omission portant sur des informations disponibles sur le site, et plus g\u00e9n\u00e9ralement pour tous dommages, directs ou indirects, quelles qu&rsquo;en soient les causes, origines, natures ou cons\u00e9quences, provoqu\u00e9es \u00e0 raison de l&rsquo;acc\u00e8s de quiconque au site ou de l&rsquo;impossibilit\u00e9 d&rsquo;y acc\u00e9der, de m\u00eame que l&rsquo;utilisation du site et\/ou du cr\u00e9dit accord\u00e9 \u00e0 une quelconque information provenant directement ou indirectement de ce dernier.<\/p>\n\n\t\t<\/div>\n\t<\/div>\n<\/div><\/div><\/div><\/div>","protected":false},"excerpt":{"rendered":"\u00c9dition Le pr\u00e9sent site est la propri\u00e9t\u00e9 de : La Cafourche - Marcillac 33860 Val-de-Livenne Tel. 05 57 32 48 33 Le Directeur de Publication est Monsieur Olivier Sopena. Cr\u00e9dits Textes : LES VIGNERONS DE TUTIAC Photographies : LES VIGNERONS DE TUTIAC Conception : \"Made in mouse\" H\u00e9bergement : soci\u00e9t\u00e9 OVH Droits d'auteur et droit<p class=\"more-link-wrapper\"><a class=\"btn btn-primary\" href=\"https:\/\/www.tutiac.com\/en\/mentions-legales\/\">Read More<\/a><\/p>","protected":false},"author":1,"featured_media":0,"parent":0,"menu_order":0,"comment_status":"closed","ping_status":"closed","template":"","meta":[],"yoast_head":"<!-- This site is optimized with the Yoast SEO plugin v19.14 - https:\/\/yoast.com\/wordpress\/plugins\/seo\/ -->\n<title>Mentions l\u00e9gales - TUTIAC<\/title>\n<meta name=\"robots\" content=\"index, follow, max-snippet:-1, max-image-preview:large, max-video-preview:-1\" \/>\n<link rel=\"canonical\" href=\"https:\/\/www.tutiac.com\/en\/mentions-legales\/\" \/>\n<meta property=\"og:locale\" content=\"en_GB\" \/>\n<meta property=\"og:type\" content=\"article\" \/>\n<meta property=\"og:title\" content=\"Mentions l\u00e9gales - TUTIAC\" \/>\n<meta property=\"og:url\" content=\"https:\/\/www.tutiac.com\/en\/mentions-legales\/\" \/>\n<meta property=\"og:site_name\" content=\"TUTIAC\" \/>\n<meta property=\"article:modified_time\" content=\"2026-03-20T09:20:21+00:00\" \/>\n<meta name=\"twitter:card\" content=\"summary_large_image\" \/>\n<meta name=\"twitter:label1\" content=\"Estimated reading time\" \/>\n\t<meta name=\"twitter:data1\" content=\"5 minutes\" \/>\n<script type=\"application\/ld+json\" class=\"yoast-schema-graph\">{\"@context\":\"https:\/\/schema.org\",\"@graph\":[{\"@type\":\"WebPage\",\"@id\":\"https:\/\/www.tutiac.com\/mentions-legales\/\",\"url\":\"https:\/\/www.tutiac.com\/mentions-legales\/\",\"name\":\"Mentions l\u00e9gales - TUTIAC\",\"isPartOf\":{\"@id\":\"https:\/\/www.tutiac.com\/#website\"},\"datePublished\":\"2021-04-22T15:24:38+00:00\",\"dateModified\":\"2026-03-20T09:20:21+00:00\",\"breadcrumb\":{\"@id\":\"https:\/\/www.tutiac.com\/mentions-legales\/#breadcrumb\"},\"inLanguage\":\"en-GB\",\"potentialAction\":[{\"@type\":\"ReadAction\",\"target\":[\"https:\/\/www.tutiac.com\/mentions-legales\/\"]}]},{\"@type\":\"BreadcrumbList\",\"@id\":\"https:\/\/www.tutiac.com\/mentions-legales\/#breadcrumb\",\"itemListElement\":[{\"@type\":\"ListItem\",\"position\":1,\"name\":\"Accueil\",\"item\":\"https:\/\/www.tutiac.com\/\"},{\"@type\":\"ListItem\",\"position\":2,\"name\":\"Mentions l\u00e9gales\"}]},{\"@type\":\"WebSite\",\"@id\":\"https:\/\/www.tutiac.com\/#website\",\"url\":\"https:\/\/www.tutiac.com\/\",\"name\":\"TUTIAC\",\"description\":\"Tout Bordeaux !\",\"publisher\":{\"@id\":\"https:\/\/www.tutiac.com\/#organization\"},\"potentialAction\":[{\"@type\":\"SearchAction\",\"target\":{\"@type\":\"EntryPoint\",\"urlTemplate\":\"https:\/\/www.tutiac.com\/?s={search_term_string}\"},\"query-input\":\"required name=search_term_string\"}],\"inLanguage\":\"en-GB\"},{\"@type\":\"Organization\",\"@id\":\"https:\/\/www.tutiac.com\/#organization\",\"name\":\"TUTIAC\",\"url\":\"https:\/\/www.tutiac.com\/\",\"logo\":{\"@type\":\"ImageObject\",\"inLanguage\":\"en-GB\",\"@id\":\"https:\/\/www.tutiac.com\/#\/schema\/logo\/image\/\",\"url\":\"https:\/\/www.tutiac.com\/wp-content\/uploads\/2025\/01\/logo-Cave_de_lannee-1.jpg\",\"contentUrl\":\"https:\/\/www.tutiac.com\/wp-content\/uploads\/2025\/01\/logo-Cave_de_lannee-1.jpg\",\"width\":1325,\"height\":1337,\"caption\":\"TUTIAC\"},\"image\":{\"@id\":\"https:\/\/www.tutiac.com\/#\/schema\/logo\/image\/\"}}]}<\/script>\n<!-- \/ Yoast SEO plugin. -->","yoast_head_json":{"title":"Mentions l\u00e9gales - TUTIAC","robots":{"index":"index","follow":"follow","max-snippet":"max-snippet:-1","max-image-preview":"max-image-preview:large","max-video-preview":"max-video-preview:-1"},"canonical":"https:\/\/www.tutiac.com\/en\/mentions-legales\/","og_locale":"en_GB","og_type":"article","og_title":"Mentions l\u00e9gales - TUTIAC","og_url":"https:\/\/www.tutiac.com\/en\/mentions-legales\/","og_site_name":"TUTIAC","article_modified_time":"2026-03-20T09:20:21+00:00","twitter_card":"summary_large_image","twitter_misc":{"Estimated reading time":"5 minutes"},"schema":{"@context":"https:\/\/schema.org","@graph":[{"@type":"WebPage","@id":"https:\/\/www.tutiac.com\/mentions-legales\/","url":"https:\/\/www.tutiac.com\/mentions-legales\/","name":"Mentions l\u00e9gales - TUTIAC","isPartOf":{"@id":"https:\/\/www.tutiac.com\/#website"},"datePublished":"2021-04-22T15:24:38+00:00","dateModified":"2026-03-20T09:20:21+00:00","breadcrumb":{"@id":"https:\/\/www.tutiac.com\/mentions-legales\/#breadcrumb"},"inLanguage":"en-GB","potentialAction":[{"@type":"ReadAction","target":["https:\/\/www.tutiac.com\/mentions-legales\/"]}]},{"@type":"BreadcrumbList","@id":"https:\/\/www.tutiac.com\/mentions-legales\/#breadcrumb","itemListElement":[{"@type":"ListItem","position":1,"name":"Accueil","item":"https:\/\/www.tutiac.com\/"},{"@type":"ListItem","position":2,"name":"Mentions l\u00e9gales"}]},{"@type":"WebSite","@id":"https:\/\/www.tutiac.com\/#website","url":"https:\/\/www.tutiac.com\/","name":"TUTIAC","description":"Tout Bordeaux !","publisher":{"@id":"https:\/\/www.tutiac.com\/#organization"},"potentialAction":[{"@type":"SearchAction","target":{"@type":"EntryPoint","urlTemplate":"https:\/\/www.tutiac.com\/?s={search_term_string}"},"query-input":"required name=search_term_string"}],"inLanguage":"en-GB"},{"@type":"Organization","@id":"https:\/\/www.tutiac.com\/#organization","name":"TUTIAC","url":"https:\/\/www.tutiac.com\/","logo":{"@type":"ImageObject","inLanguage":"en-GB","@id":"https:\/\/www.tutiac.com\/#\/schema\/logo\/image\/","url":"https:\/\/www.tutiac.com\/wp-content\/uploads\/2025\/01\/logo-Cave_de_lannee-1.jpg","contentUrl":"https:\/\/www.tutiac.com\/wp-content\/uploads\/2025\/01\/logo-Cave_de_lannee-1.jpg","width":1325,"height":1337,"caption":"TUTIAC"},"image":{"@id":"https:\/\/www.tutiac.com\/#\/schema\/logo\/image\/"}}]}},"_links":{"self":[{"href":"https:\/\/www.tutiac.com\/en\/wp-json\/wp\/v2\/pages\/1346"}],"collection":[{"href":"https:\/\/www.tutiac.com\/en\/wp-json\/wp\/v2\/pages"}],"about":[{"href":"https:\/\/www.tutiac.com\/en\/wp-json\/wp\/v2\/types\/page"}],"author":[{"embeddable":true,"href":"https:\/\/www.tutiac.com\/en\/wp-json\/wp\/v2\/users\/1"}],"replies":[{"embeddable":true,"href":"https:\/\/www.tutiac.com\/en\/wp-json\/wp\/v2\/comments?post=1346"}],"version-history":[{"count":10,"href":"https:\/\/www.tutiac.com\/en\/wp-json\/wp\/v2\/pages\/1346\/revisions"}],"predecessor-version":[{"id":2241,"href":"https:\/\/www.tutiac.com\/en\/wp-json\/wp\/v2\/pages\/1346\/revisions\/2241"}],"wp:attachment":[{"href":"https:\/\/www.tutiac.com\/en\/wp-json\/wp\/v2\/media?parent=1346"}],"curies":[{"name":"wp","href":"https:\/\/api.w.org\/{rel}","templated":true}]}}