{"id":1151,"date":"2021-03-25T15:20:14","date_gmt":"2021-03-25T14:20:14","guid":{"rendered":"https:\/\/www.tutiac.com\/fr\/?page_id=1151"},"modified":"2025-05-16T10:29:26","modified_gmt":"2025-05-16T08:29:26","slug":"cote-ocean","status":"publish","type":"page","link":"https:\/\/www.tutiac.com\/en\/tout-pour-vous\/tous-nos-vins\/cote-ocean\/","title":{"rendered":"C\u00f4t\u00e9 Oc\u00e9an"},"content":{"rendered":"<div class=\"vc_row wpb_row vc_row-fluid vc_custom_1616691623047 vc_row-has-fill\"><div class=\"wpb_column vc_column_container vc_col-sm-12\"><div class=\"vc_column-inner\"><div class=\"wpb_wrapper\"><div class=\"vc_empty_space\"   style=\"height: 50px\"><span class=\"vc_empty_space_inner\"><\/span><\/div>\n\t<div class=\"wpb_text_column wpb_content_element\" >\n\t\t<div class=\"wpb_wrapper\">\n\t\t\t<h4 style=\"text-align: center; color: #c8191b;\"><strong>C\u00f4t\u00e9 Oc\u00e9an<\/strong><\/h4>\n\n\t\t<\/div>\n\t<\/div>\n\n\t<div class=\"wpb_text_column wpb_content_element  vc_custom_1617008575406\" >\n\t\t<div class=\"wpb_wrapper\">\n\t\t\t<p style=\"text-align: center;\"><em>Atlantique IGP<\/em><\/p>\n\n\t\t<\/div>\n\t<\/div>\n<div class=\"vc_empty_space\"   style=\"height: 50px\"><span class=\"vc_empty_space_inner\"><\/span><\/div><\/div><\/div><\/div><\/div><div class=\"vc_row wpb_row vc_row-fluid vc_custom_1616617706508 vc_row-has-fill vc_row-o-equal-height vc_row-o-content-middle vc_row-flex\"><div class=\"wpb_column vc_column_container vc_col-sm-3\"><div class=\"vc_column-inner\"><div class=\"wpb_wrapper\"><div class=\"vc_empty_space\"   style=\"height: 32px\"><span class=\"vc_empty_space_inner\"><\/span><\/div>\n\t<div  class=\"wpb_single_image wpb_content_element vc_align_center  vc_custom_1655299015259\">\n\t\t\n\t\t<figure class=\"wpb_wrapper vc_figure\">\n\t\t\t<a href=\"https:\/\/www.tutiac.com\/wp-content\/uploads\/2021\/06\/FT-C\u00f4t\u00e9-Oc\u00e9an-SAUVIGNON-BLANC-SM-ANG.pdf\" target=\"_blank\" class=\"vc_single_image-wrapper   vc_box_border_grey\"><img loading=\"lazy\" decoding=\"async\" width=\"800\" height=\"1086\" src=\"https:\/\/www.tutiac.com\/wp-content\/uploads\/2022\/06\/C\u00f4t\u00e9-Oc\u00e9an-Sauvignon-Blanc-SM.jpg\" class=\"vc_single_image-img attachment-full\" alt=\"\" srcset=\"https:\/\/www.tutiac.com\/wp-content\/uploads\/2022\/06\/C\u00f4t\u00e9-Oc\u00e9an-Sauvignon-Blanc-SM.jpg 800w, https:\/\/www.tutiac.com\/wp-content\/uploads\/2022\/06\/C\u00f4t\u00e9-Oc\u00e9an-Sauvignon-Blanc-SM-110x150.jpg 110w, https:\/\/www.tutiac.com\/wp-content\/uploads\/2022\/06\/C\u00f4t\u00e9-Oc\u00e9an-Sauvignon-Blanc-SM-221x300.jpg 221w, https:\/\/www.tutiac.com\/wp-content\/uploads\/2022\/06\/C\u00f4t\u00e9-Oc\u00e9an-Sauvignon-Blanc-SM-768x1043.jpg 768w, https:\/\/www.tutiac.com\/wp-content\/uploads\/2022\/06\/C\u00f4t\u00e9-Oc\u00e9an-Sauvignon-Blanc-SM-754x1024.jpg 754w\" sizes=\"(max-width: 800px) 100vw, 800px\" \/><\/a>\n\t\t<\/figure>\n\t<\/div>\n\n\t<div class=\"wpb_text_column wpb_content_element\" >\n\t\t<div class=\"wpb_wrapper\">\n\t\t\t<p style=\"text-align: center;\"><a href=\"https:\/\/www.tutiac.com\/wp-content\/uploads\/2021\/06\/FT-C\u00f4t\u00e9-Oc\u00e9an-SAUVIGNON-BLANC-SM-ANG.pdf\" target=\"_blank\" rel=\"noopener noreferrer\">C\u00f4t\u00e9 Oc\u00e9an<\/a><br \/>\n<a href=\"https:\/\/www.tutiac.com\/wp-content\/uploads\/2021\/06\/FT-C\u00f4t\u00e9-Oc\u00e9an-SAUVIGNON-BLANC-SM-ANG.pdf\" target=\"_blank\" rel=\"noopener noreferrer\">Sauvignon blanc<\/a><\/p>\n\n\t\t<\/div>\n\t<\/div>\n<\/div><\/div><\/div><div class=\"wpb_column vc_column_container vc_col-sm-3\"><div class=\"vc_column-inner\"><div class=\"wpb_wrapper\"><div class=\"vc_empty_space\"   style=\"height: 32px\"><span class=\"vc_empty_space_inner\"><\/span><\/div>\n\t<div  class=\"wpb_single_image wpb_content_element vc_align_center  vc_custom_1655298989504\">\n\t\t\n\t\t<figure class=\"wpb_wrapper vc_figure\">\n\t\t\t<a href=\"https:\/\/www.tutiac.com\/wp-content\/uploads\/2025\/05\/FT-Cote-Ocean-Anglais-rose.pdf\" target=\"_blank\" class=\"vc_single_image-wrapper   vc_box_border_grey\"><img loading=\"lazy\" decoding=\"async\" width=\"800\" height=\"1086\" src=\"https:\/\/www.tutiac.com\/wp-content\/uploads\/2022\/06\/C\u00f4t\u00e9-Oc\u00e9an-Ros\u00e9-SM.jpg\" class=\"vc_single_image-img attachment-full\" alt=\"\" srcset=\"https:\/\/www.tutiac.com\/wp-content\/uploads\/2022\/06\/C\u00f4t\u00e9-Oc\u00e9an-Ros\u00e9-SM.jpg 800w, https:\/\/www.tutiac.com\/wp-content\/uploads\/2022\/06\/C\u00f4t\u00e9-Oc\u00e9an-Ros\u00e9-SM-110x150.jpg 110w, https:\/\/www.tutiac.com\/wp-content\/uploads\/2022\/06\/C\u00f4t\u00e9-Oc\u00e9an-Ros\u00e9-SM-221x300.jpg 221w, https:\/\/www.tutiac.com\/wp-content\/uploads\/2022\/06\/C\u00f4t\u00e9-Oc\u00e9an-Ros\u00e9-SM-768x1043.jpg 768w, https:\/\/www.tutiac.com\/wp-content\/uploads\/2022\/06\/C\u00f4t\u00e9-Oc\u00e9an-Ros\u00e9-SM-754x1024.jpg 754w\" sizes=\"(max-width: 800px) 100vw, 800px\" \/><\/a>\n\t\t<\/figure>\n\t<\/div>\n\n\t<div class=\"wpb_text_column wpb_content_element\" >\n\t\t<div class=\"wpb_wrapper\">\n\t\t\t<p style=\"text-align: center;\"><a href=\"https:\/\/www.tutiac.com\/wp-content\/uploads\/2025\/05\/FT-Cote-Ocean-Anglais-rose.pdf\" target=\"_blank\" rel=\"noopener noreferrer\">C\u00f4t\u00e9 Oc\u00e9an<\/a><br \/>\n<a href=\"https:\/\/www.tutiac.com\/wp-content\/uploads\/2025\/05\/FT-Cote-Ocean-Anglais-rose.pdf\" target=\"_blank\" rel=\"noopener noreferrer\">Ros\u00e9<\/a><\/p>\n\n\t\t<\/div>\n\t<\/div>\n<\/div><\/div><\/div><div class=\"wpb_column vc_column_container vc_col-sm-3\"><div class=\"vc_column-inner\"><div class=\"wpb_wrapper\"><div class=\"vc_empty_space\"   style=\"height: 32px\"><span class=\"vc_empty_space_inner\"><\/span><\/div>\n\t<div  class=\"wpb_single_image wpb_content_element vc_align_center  vc_custom_1747384141752\">\n\t\t\n\t\t<figure class=\"wpb_wrapper vc_figure\">\n\t\t\t<a href=\"https:\/\/www.tutiac.com\/wp-content\/uploads\/2025\/05\/FT-Cote-Ocean-ang-rge-EN.pdf\" target=\"_blank\" class=\"vc_single_image-wrapper   vc_box_border_grey\"><img loading=\"lazy\" decoding=\"async\" width=\"800\" height=\"1086\" src=\"https:\/\/www.tutiac.com\/wp-content\/uploads\/2025\/05\/Cote-Ocean.png\" class=\"vc_single_image-img attachment-full\" alt=\"\" srcset=\"https:\/\/www.tutiac.com\/wp-content\/uploads\/2025\/05\/Cote-Ocean.png 800w, https:\/\/www.tutiac.com\/wp-content\/uploads\/2025\/05\/Cote-Ocean-221x300.png 221w, https:\/\/www.tutiac.com\/wp-content\/uploads\/2025\/05\/Cote-Ocean-754x1024.png 754w, https:\/\/www.tutiac.com\/wp-content\/uploads\/2025\/05\/Cote-Ocean-110x150.png 110w, https:\/\/www.tutiac.com\/wp-content\/uploads\/2025\/05\/Cote-Ocean-768x1043.png 768w, https:\/\/www.tutiac.com\/wp-content\/uploads\/2025\/05\/Cote-Ocean-9x12.png 9w\" sizes=\"(max-width: 800px) 100vw, 800px\" \/><\/a>\n\t\t<\/figure>\n\t<\/div>\n\n\t<div class=\"wpb_text_column wpb_content_element\" >\n\t\t<div class=\"wpb_wrapper\">\n\t\t\t<p style=\"text-align: center;\"><a href=\"https:\/\/www.tutiac.com\/wp-content\/uploads\/2025\/05\/FT-Cote-Ocean-ang-rge-EN.pdf\" target=\"_blank\" rel=\"noopener noreferrer\">C\u00f4t\u00e9 Oc\u00e9an<\/a><br \/>\n<a href=\"https:\/\/www.tutiac.com\/wp-content\/uploads\/2025\/05\/FT-Cote-Ocean-ang-rge-EN.pdf\" target=\"_blank\" rel=\"noopener noreferrer\">Merlot<\/a><\/p>\n\n\t\t<\/div>\n\t<\/div>\n<\/div><\/div><\/div><div class=\"wpb_column vc_column_container vc_col-sm-3\"><div class=\"vc_column-inner\"><div class=\"wpb_wrapper\"><div class=\"vc_empty_space\"   style=\"height: 32px\"><span class=\"vc_empty_space_inner\"><\/span><\/div>\n\t<div  class=\"wpb_single_image wpb_content_element vc_align_center  vc_custom_1747384164460\">\n\t\t\n\t\t<figure class=\"wpb_wrapper vc_figure\">\n\t\t\t<a href=\"https:\/\/www.tutiac.com\/wp-content\/uploads\/2025\/05\/FT-Cote-Ocean-Rose-BIB-SM-ENG.pdf\" target=\"_blank\" class=\"vc_single_image-wrapper   vc_box_border_grey\"><img loading=\"lazy\" decoding=\"async\" width=\"800\" height=\"1086\" src=\"https:\/\/www.tutiac.com\/wp-content\/uploads\/2025\/05\/ROSE-OCEAN-BIB-1.png\" class=\"vc_single_image-img attachment-full\" alt=\"\" srcset=\"https:\/\/www.tutiac.com\/wp-content\/uploads\/2025\/05\/ROSE-OCEAN-BIB-1.png 800w, https:\/\/www.tutiac.com\/wp-content\/uploads\/2025\/05\/ROSE-OCEAN-BIB-1-221x300.png 221w, https:\/\/www.tutiac.com\/wp-content\/uploads\/2025\/05\/ROSE-OCEAN-BIB-1-754x1024.png 754w, https:\/\/www.tutiac.com\/wp-content\/uploads\/2025\/05\/ROSE-OCEAN-BIB-1-110x150.png 110w, https:\/\/www.tutiac.com\/wp-content\/uploads\/2025\/05\/ROSE-OCEAN-BIB-1-768x1043.png 768w, https:\/\/www.tutiac.com\/wp-content\/uploads\/2025\/05\/ROSE-OCEAN-BIB-1-9x12.png 9w\" sizes=\"(max-width: 800px) 100vw, 800px\" \/><\/a>\n\t\t<\/figure>\n\t<\/div>\n\n\t<div class=\"wpb_text_column wpb_content_element\" >\n\t\t<div class=\"wpb_wrapper\">\n\t\t\t<p style=\"text-align: center;\"><a href=\"https:\/\/www.tutiac.com\/wp-content\/uploads\/2025\/05\/FT-Cote-Ocean-Rose-BIB-SM-ENG.pdf\" target=\"_blank\" rel=\"noopener noreferrer\">C\u00f4t\u00e9 Oc\u00e9an<\/a><br \/>\n<a href=\"https:\/\/www.tutiac.com\/wp-content\/uploads\/2025\/05\/FT-Cote-Ocean-Rose-BIB-SM-ENG.pdf\" target=\"_blank\" rel=\"noopener noreferrer\">Ros\u00e9<\/a><\/p>\n\n\t\t<\/div>\n\t<\/div>\n<\/div><\/div><\/div><\/div><div class=\"vc_row wpb_row vc_row-fluid vc_custom_1616693170153 vc_row-has-fill\"><div class=\"wpb_column vc_column_container vc_col-sm-12\"><div class=\"vc_column-inner\"><div class=\"wpb_wrapper\"><div class=\"vc_empty_space\"   style=\"height: 50px\"><span class=\"vc_empty_space_inner\"><\/span><\/div><\/div><\/div><\/div><\/div><div class=\"vc_row wpb_row vc_row-fluid\"><div class=\"wpb_column vc_column_container vc_col-sm-12\"><div class=\"vc_column-inner\"><div class=\"wpb_wrapper\"><div class=\"vc_empty_space\"   style=\"height: 50px\"><span class=\"vc_empty_space_inner\"><\/span><\/div><\/div><\/div><\/div><\/div>","protected":false},"excerpt":{"rendered":"C\u00f4t\u00e9 Oc\u00e9an IGP Atlantique C\u00f4t\u00e9 Oc\u00e9an Sauvignon blanc C\u00f4t\u00e9 Oc\u00e9an Ros\u00e9 C\u00f4t\u00e9 Oc\u00e9an Merlot C\u00f4t\u00e9 Oc\u00e9an Ros\u00e9","protected":false},"author":1,"featured_media":0,"parent":48,"menu_order":0,"comment_status":"closed","ping_status":"closed","template":"","meta":{"footnotes":""},"yoast_head":"<!-- This site is optimized with the Yoast SEO plugin v19.14 - https:\/\/yoast.com\/wordpress\/plugins\/seo\/ -->\n<title>C\u00f4t\u00e9 Oc\u00e9an - TUTIAC<\/title>\n<meta name=\"robots\" content=\"index, follow, max-snippet:-1, max-image-preview:large, max-video-preview:-1\" \/>\n<link rel=\"canonical\" href=\"https:\/\/www.tutiac.com\/en\/tout-pour-vous\/tous-nos-vins\/cote-ocean\/\" \/>\n<meta property=\"og:locale\" content=\"en_GB\" \/>\n<meta property=\"og:type\" content=\"article\" \/>\n<meta property=\"og:title\" content=\"C\u00f4t\u00e9 Oc\u00e9an - TUTIAC\" \/>\n<meta property=\"og:url\" content=\"https:\/\/www.tutiac.com\/en\/tout-pour-vous\/tous-nos-vins\/cote-ocean\/\" \/>\n<meta property=\"og:site_name\" content=\"TUTIAC\" \/>\n<meta property=\"article:modified_time\" content=\"2025-05-16T08:29:26+00:00\" \/>\n<meta name=\"twitter:card\" content=\"summary_large_image\" \/>\n<meta name=\"twitter:label1\" content=\"Estimated reading time\" \/>\n\t<meta name=\"twitter:data1\" content=\"2 minutes\" \/>\n<script type=\"application\/ld+json\" class=\"yoast-schema-graph\">{\"@context\":\"https:\/\/schema.org\",\"@graph\":[{\"@type\":\"WebPage\",\"@id\":\"https:\/\/www.tutiac.com\/tout-pour-vous\/tous-nos-vins\/cote-ocean\/\",\"url\":\"https:\/\/www.tutiac.com\/tout-pour-vous\/tous-nos-vins\/cote-ocean\/\",\"name\":\"C\u00f4t\u00e9 Oc\u00e9an - TUTIAC\",\"isPartOf\":{\"@id\":\"https:\/\/www.tutiac.com\/#website\"},\"datePublished\":\"2021-03-25T14:20:14+00:00\",\"dateModified\":\"2025-05-16T08:29:26+00:00\",\"breadcrumb\":{\"@id\":\"https:\/\/www.tutiac.com\/tout-pour-vous\/tous-nos-vins\/cote-ocean\/#breadcrumb\"},\"inLanguage\":\"en-GB\",\"potentialAction\":[{\"@type\":\"ReadAction\",\"target\":[\"https:\/\/www.tutiac.com\/tout-pour-vous\/tous-nos-vins\/cote-ocean\/\"]}]},{\"@type\":\"BreadcrumbList\",\"@id\":\"https:\/\/www.tutiac.com\/tout-pour-vous\/tous-nos-vins\/cote-ocean\/#breadcrumb\",\"itemListElement\":[{\"@type\":\"ListItem\",\"position\":1,\"name\":\"Accueil\",\"item\":\"https:\/\/www.tutiac.com\/\"},{\"@type\":\"ListItem\",\"position\":2,\"name\":\"Tout pour vous !\",\"item\":\"https:\/\/www.tutiac.com\/tout-pour-vous\/\"},{\"@type\":\"ListItem\",\"position\":3,\"name\":\"Notre gamme\",\"item\":\"https:\/\/www.tutiac.com\/tout-pour-vous\/tous-nos-vins\/\"},{\"@type\":\"ListItem\",\"position\":4,\"name\":\"C\u00f4t\u00e9 Oc\u00e9an\"}]},{\"@type\":\"WebSite\",\"@id\":\"https:\/\/www.tutiac.com\/#website\",\"url\":\"https:\/\/www.tutiac.com\/\",\"name\":\"TUTIAC\",\"description\":\"Tout Bordeaux !\",\"publisher\":{\"@id\":\"https:\/\/www.tutiac.com\/#organization\"},\"potentialAction\":[{\"@type\":\"SearchAction\",\"target\":{\"@type\":\"EntryPoint\",\"urlTemplate\":\"https:\/\/www.tutiac.com\/?s={search_term_string}\"},\"query-input\":\"required name=search_term_string\"}],\"inLanguage\":\"en-GB\"},{\"@type\":\"Organization\",\"@id\":\"https:\/\/www.tutiac.com\/#organization\",\"name\":\"TUTIAC\",\"url\":\"https:\/\/www.tutiac.com\/\",\"logo\":{\"@type\":\"ImageObject\",\"inLanguage\":\"en-GB\",\"@id\":\"https:\/\/www.tutiac.com\/#\/schema\/logo\/image\/\",\"url\":\"https:\/\/www.tutiac.com\/wp-content\/uploads\/2025\/01\/logo-Cave_de_lannee-1.jpg\",\"contentUrl\":\"https:\/\/www.tutiac.com\/wp-content\/uploads\/2025\/01\/logo-Cave_de_lannee-1.jpg\",\"width\":1325,\"height\":1337,\"caption\":\"TUTIAC\"},\"image\":{\"@id\":\"https:\/\/www.tutiac.com\/#\/schema\/logo\/image\/\"}}]}<\/script>\n<!-- \/ Yoast SEO plugin. -->","yoast_head_json":{"title":"C\u00f4t\u00e9 Oc\u00e9an - TUTIAC","robots":{"index":"index","follow":"follow","max-snippet":"max-snippet:-1","max-image-preview":"max-image-preview:large","max-video-preview":"max-video-preview:-1"},"canonical":"https:\/\/www.tutiac.com\/en\/tout-pour-vous\/tous-nos-vins\/cote-ocean\/","og_locale":"en_GB","og_type":"article","og_title":"C\u00f4t\u00e9 Oc\u00e9an - TUTIAC","og_url":"https:\/\/www.tutiac.com\/en\/tout-pour-vous\/tous-nos-vins\/cote-ocean\/","og_site_name":"TUTIAC","article_modified_time":"2025-05-16T08:29:26+00:00","twitter_card":"summary_large_image","twitter_misc":{"Estimated reading time":"2 minutes"},"schema":{"@context":"https:\/\/schema.org","@graph":[{"@type":"WebPage","@id":"https:\/\/www.tutiac.com\/tout-pour-vous\/tous-nos-vins\/cote-ocean\/","url":"https:\/\/www.tutiac.com\/tout-pour-vous\/tous-nos-vins\/cote-ocean\/","name":"C\u00f4t\u00e9 Oc\u00e9an - TUTIAC","isPartOf":{"@id":"https:\/\/www.tutiac.com\/#website"},"datePublished":"2021-03-25T14:20:14+00:00","dateModified":"2025-05-16T08:29:26+00:00","breadcrumb":{"@id":"https:\/\/www.tutiac.com\/tout-pour-vous\/tous-nos-vins\/cote-ocean\/#breadcrumb"},"inLanguage":"en-GB","potentialAction":[{"@type":"ReadAction","target":["https:\/\/www.tutiac.com\/tout-pour-vous\/tous-nos-vins\/cote-ocean\/"]}]},{"@type":"BreadcrumbList","@id":"https:\/\/www.tutiac.com\/tout-pour-vous\/tous-nos-vins\/cote-ocean\/#breadcrumb","itemListElement":[{"@type":"ListItem","position":1,"name":"Accueil","item":"https:\/\/www.tutiac.com\/"},{"@type":"ListItem","position":2,"name":"Tout pour vous !","item":"https:\/\/www.tutiac.com\/tout-pour-vous\/"},{"@type":"ListItem","position":3,"name":"Notre gamme","item":"https:\/\/www.tutiac.com\/tout-pour-vous\/tous-nos-vins\/"},{"@type":"ListItem","position":4,"name":"C\u00f4t\u00e9 Oc\u00e9an"}]},{"@type":"WebSite","@id":"https:\/\/www.tutiac.com\/#website","url":"https:\/\/www.tutiac.com\/","name":"TUTIAC","description":"Tout Bordeaux !","publisher":{"@id":"https:\/\/www.tutiac.com\/#organization"},"potentialAction":[{"@type":"SearchAction","target":{"@type":"EntryPoint","urlTemplate":"https:\/\/www.tutiac.com\/?s={search_term_string}"},"query-input":"required name=search_term_string"}],"inLanguage":"en-GB"},{"@type":"Organization","@id":"https:\/\/www.tutiac.com\/#organization","name":"TUTIAC","url":"https:\/\/www.tutiac.com\/","logo":{"@type":"ImageObject","inLanguage":"en-GB","@id":"https:\/\/www.tutiac.com\/#\/schema\/logo\/image\/","url":"https:\/\/www.tutiac.com\/wp-content\/uploads\/2025\/01\/logo-Cave_de_lannee-1.jpg","contentUrl":"https:\/\/www.tutiac.com\/wp-content\/uploads\/2025\/01\/logo-Cave_de_lannee-1.jpg","width":1325,"height":1337,"caption":"TUTIAC"},"image":{"@id":"https:\/\/www.tutiac.com\/#\/schema\/logo\/image\/"}}]}},"_links":{"self":[{"href":"https:\/\/www.tutiac.com\/en\/wp-json\/wp\/v2\/pages\/1151"}],"collection":[{"href":"https:\/\/www.tutiac.com\/en\/wp-json\/wp\/v2\/pages"}],"about":[{"href":"https:\/\/www.tutiac.com\/en\/wp-json\/wp\/v2\/types\/page"}],"author":[{"embeddable":true,"href":"https:\/\/www.tutiac.com\/en\/wp-json\/wp\/v2\/users\/1"}],"replies":[{"embeddable":true,"href":"https:\/\/www.tutiac.com\/en\/wp-json\/wp\/v2\/comments?post=1151"}],"version-history":[{"count":14,"href":"https:\/\/www.tutiac.com\/en\/wp-json\/wp\/v2\/pages\/1151\/revisions"}],"predecessor-version":[{"id":2100,"href":"https:\/\/www.tutiac.com\/en\/wp-json\/wp\/v2\/pages\/1151\/revisions\/2100"}],"up":[{"embeddable":true,"href":"https:\/\/www.tutiac.com\/en\/wp-json\/wp\/v2\/pages\/48"}],"wp:attachment":[{"href":"https:\/\/www.tutiac.com\/en\/wp-json\/wp\/v2\/media?parent=1151"}],"curies":[{"name":"wp","href":"https:\/\/api.w.org\/{rel}","templated":true}]}}