{"id":1036,"date":"2021-03-24T19:46:12","date_gmt":"2021-03-24T18:46:12","guid":{"rendered":"https:\/\/www.tutiac.com\/fr\/?page_id=1036"},"modified":"2025-05-16T10:38:08","modified_gmt":"2025-05-16T08:38:08","slug":"origines","status":"publish","type":"page","link":"https:\/\/www.tutiac.com\/en\/tout-pour-vous\/tous-nos-vins\/origines\/","title":{"rendered":"Origines"},"content":{"rendered":"<div class=\"vc_row wpb_row vc_row-fluid vc_custom_1616691623047 vc_row-has-fill\"><div class=\"wpb_column vc_column_container vc_col-sm-12\"><div class=\"vc_column-inner\"><div class=\"wpb_wrapper\"><div class=\"vc_empty_space\"   style=\"height: 50px\"><span class=\"vc_empty_space_inner\"><\/span><\/div>\n\t<div class=\"wpb_text_column wpb_content_element\" >\n\t\t<div class=\"wpb_wrapper\">\n\t\t\t<h4 style=\"text-align: center; color: #c8191b;\"><strong>Origines<\/strong><\/h4>\n\n\t\t<\/div>\n\t<\/div>\n\n\t<div class=\"wpb_text_column wpb_content_element  vc_custom_1617007663371\" >\n\t\t<div class=\"wpb_wrapper\">\n\t\t\t<p style=\"text-align: center;\"><em>Bordeaux single varietal wines<\/em><\/p>\n\n\t\t<\/div>\n\t<\/div>\n<div class=\"vc_empty_space\"   style=\"height: 50px\"><span class=\"vc_empty_space_inner\"><\/span><\/div><\/div><\/div><\/div><\/div><div class=\"vc_row wpb_row vc_row-fluid vc_custom_1616617706508 vc_row-has-fill vc_row-o-equal-height vc_row-o-content-middle vc_row-flex\"><div class=\"wpb_column vc_column_container vc_col-sm-3\"><div class=\"vc_column-inner\"><div class=\"wpb_wrapper\"><div class=\"vc_empty_space\"   style=\"height: 32px\"><span class=\"vc_empty_space_inner\"><\/span><\/div>\n\t<div  class=\"wpb_single_image wpb_content_element vc_align_center  vc_custom_1747384567080\">\n\t\t\n\t\t<figure class=\"wpb_wrapper vc_figure\">\n\t\t\t<a href=\"https:\/\/www.tutiac.com\/wp-content\/uploads\/2025\/05\/FT-ANG-ORIGINES-AU-PIN-SM-1.pdf\" target=\"_blank\" class=\"vc_single_image-wrapper   vc_box_border_grey\"><img loading=\"lazy\" decoding=\"async\" width=\"800\" height=\"1086\" src=\"https:\/\/www.tutiac.com\/wp-content\/uploads\/2024\/07\/Au-pin-SM.jpg\" class=\"vc_single_image-img attachment-full\" alt=\"\" srcset=\"https:\/\/www.tutiac.com\/wp-content\/uploads\/2024\/07\/Au-pin-SM.jpg 800w, https:\/\/www.tutiac.com\/wp-content\/uploads\/2024\/07\/Au-pin-SM-221x300.jpg 221w, https:\/\/www.tutiac.com\/wp-content\/uploads\/2024\/07\/Au-pin-SM-754x1024.jpg 754w, https:\/\/www.tutiac.com\/wp-content\/uploads\/2024\/07\/Au-pin-SM-110x150.jpg 110w, https:\/\/www.tutiac.com\/wp-content\/uploads\/2024\/07\/Au-pin-SM-768x1043.jpg 768w, https:\/\/www.tutiac.com\/wp-content\/uploads\/2024\/07\/Au-pin-SM-9x12.jpg 9w\" sizes=\"(max-width: 800px) 100vw, 800px\" \/><\/a>\n\t\t<\/figure>\n\t<\/div>\n\n\t<div class=\"wpb_text_column wpb_content_element\" >\n\t\t<div class=\"wpb_wrapper\">\n\t\t\t<p style=\"text-align: center;\"><a href=\"https:\/\/www.tutiac.com\/wp-content\/uploads\/2025\/05\/FT-ANG-ORIGINES-AU-PIN-SM-1.pdf\" target=\"_blank\" rel=\"noopener noreferrer\">Origines <\/a><br \/>\n<a href=\"https:\/\/www.tutiac.com\/wp-content\/uploads\/2025\/05\/FT-ANG-ORIGINES-AU-PIN-SM-1.pdf\" target=\"_blank\" rel=\"noopener noreferrer\">Au Pin<\/a><br \/>\n<a href=\"https:\/\/www.tutiac.com\/wp-content\/uploads\/2025\/05\/FT-ANG-ORIGINES-AU-PIN-SM-1.pdf\" target=\"_blank\" rel=\"noopener noreferrer\">AOP Blaye C\u00f4tes de Bordeaux <\/a><br \/>\n<a href=\"https:\/\/www.tutiac.com\/wp-content\/uploads\/2025\/05\/FT-ANG-ORIGINES-AU-PIN-SM-1.pdf\" target=\"_blank\" rel=\"noopener noreferrer\">rouge<\/a><\/p>\n\n\t\t<\/div>\n\t<\/div>\n<\/div><\/div><\/div><div class=\"wpb_column vc_column_container vc_col-sm-3\"><div class=\"vc_column-inner\"><div class=\"wpb_wrapper\"><div class=\"vc_empty_space\"   style=\"height: 32px\"><span class=\"vc_empty_space_inner\"><\/span><\/div>\n\t<div  class=\"wpb_single_image wpb_content_element vc_align_center  vc_custom_1747384610995\">\n\t\t\n\t\t<figure class=\"wpb_wrapper vc_figure\">\n\t\t\t<a href=\"https:\/\/www.tutiac.com\/wp-content\/uploads\/2025\/05\/FT-ANG-ORIGINES-TER-POINTE-SM.pdf\" target=\"_blank\" class=\"vc_single_image-wrapper   vc_box_border_grey\"><img loading=\"lazy\" decoding=\"async\" width=\"800\" height=\"1086\" src=\"https:\/\/www.tutiac.com\/wp-content\/uploads\/2024\/07\/origines-Ter-PointeSM.jpg\" class=\"vc_single_image-img attachment-full\" alt=\"\" srcset=\"https:\/\/www.tutiac.com\/wp-content\/uploads\/2024\/07\/origines-Ter-PointeSM.jpg 800w, https:\/\/www.tutiac.com\/wp-content\/uploads\/2024\/07\/origines-Ter-PointeSM-221x300.jpg 221w, https:\/\/www.tutiac.com\/wp-content\/uploads\/2024\/07\/origines-Ter-PointeSM-754x1024.jpg 754w, https:\/\/www.tutiac.com\/wp-content\/uploads\/2024\/07\/origines-Ter-PointeSM-110x150.jpg 110w, https:\/\/www.tutiac.com\/wp-content\/uploads\/2024\/07\/origines-Ter-PointeSM-768x1043.jpg 768w, https:\/\/www.tutiac.com\/wp-content\/uploads\/2024\/07\/origines-Ter-PointeSM-9x12.jpg 9w\" sizes=\"(max-width: 800px) 100vw, 800px\" \/><\/a>\n\t\t<\/figure>\n\t<\/div>\n\n\t<div class=\"wpb_text_column wpb_content_element\" >\n\t\t<div class=\"wpb_wrapper\">\n\t\t\t<p style=\"text-align: center;\"><a href=\"https:\/\/www.tutiac.com\/wp-content\/uploads\/2025\/05\/FT-ANG-ORIGINES-TER-POINTE-SM.pdf\" target=\"_blank\" rel=\"noopener noreferrer\">Origines<\/a><br \/>\n<a href=\"https:\/\/www.tutiac.com\/wp-content\/uploads\/2025\/05\/FT-ANG-ORIGINES-TER-POINTE-SM.pdf\" target=\"_blank\" rel=\"noopener noreferrer\">Ter Pointe<\/a><br \/>\n<a href=\"https:\/\/www.tutiac.com\/wp-content\/uploads\/2025\/05\/FT-ANG-ORIGINES-TER-POINTE-SM.pdf\" target=\"_blank\" rel=\"noopener noreferrer\">AOP C\u00f4tes de Bourg<br \/>\nrouge<\/a><\/p>\n\n\t\t<\/div>\n\t<\/div>\n<\/div><\/div><\/div><div class=\"wpb_column vc_column_container vc_col-sm-3\"><div class=\"vc_column-inner\"><div class=\"wpb_wrapper\"><div class=\"vc_empty_space\"   style=\"height: 32px\"><span class=\"vc_empty_space_inner\"><\/span><\/div>\n\t<div  class=\"wpb_single_image wpb_content_element vc_align_center  vc_custom_1747384622511\">\n\t\t\n\t\t<figure class=\"wpb_wrapper vc_figure\">\n\t\t\t<a href=\"https:\/\/www.tutiac.com\/wp-content\/uploads\/2025\/05\/FT-ANG-ORIGINES-SIX-CHEMINS-SM.pdf\" target=\"_blank\" class=\"vc_single_image-wrapper   vc_box_border_grey\"><img loading=\"lazy\" decoding=\"async\" width=\"800\" height=\"1086\" src=\"https:\/\/www.tutiac.com\/wp-content\/uploads\/2024\/07\/Origines-Six-Chemins.jpg\" class=\"vc_single_image-img attachment-full\" alt=\"\" srcset=\"https:\/\/www.tutiac.com\/wp-content\/uploads\/2024\/07\/Origines-Six-Chemins.jpg 800w, https:\/\/www.tutiac.com\/wp-content\/uploads\/2024\/07\/Origines-Six-Chemins-221x300.jpg 221w, https:\/\/www.tutiac.com\/wp-content\/uploads\/2024\/07\/Origines-Six-Chemins-754x1024.jpg 754w, https:\/\/www.tutiac.com\/wp-content\/uploads\/2024\/07\/Origines-Six-Chemins-110x150.jpg 110w, https:\/\/www.tutiac.com\/wp-content\/uploads\/2024\/07\/Origines-Six-Chemins-768x1043.jpg 768w, https:\/\/www.tutiac.com\/wp-content\/uploads\/2024\/07\/Origines-Six-Chemins-9x12.jpg 9w\" sizes=\"(max-width: 800px) 100vw, 800px\" \/><\/a>\n\t\t<\/figure>\n\t<\/div>\n\n\t<div class=\"wpb_text_column wpb_content_element\" >\n\t\t<div class=\"wpb_wrapper\">\n\t\t\t<p style=\"text-align: center;\"><a href=\"https:\/\/www.tutiac.com\/wp-content\/uploads\/2025\/05\/FT-ANG-ORIGINES-SIX-CHEMINS-SM.pdf\" target=\"_blank\" rel=\"noopener noreferrer\">Origines<\/a><br \/>\n<a href=\"https:\/\/www.tutiac.com\/wp-content\/uploads\/2025\/05\/FT-ANG-ORIGINES-SIX-CHEMINS-SM.pdf\" target=\"_blank\" rel=\"noopener noreferrer\">Six Chemins<\/a><br \/>\n<a href=\"https:\/\/www.tutiac.com\/wp-content\/uploads\/2025\/05\/FT-ANG-ORIGINES-SIX-CHEMINS-SM.pdf\" target=\"_blank\" rel=\"noopener noreferrer\">AOP Blaye C\u00f4tes de Bordeaux rouge<\/a><\/p>\n\n\t\t<\/div>\n\t<\/div>\n<\/div><\/div><\/div><div class=\"wpb_column vc_column_container vc_col-sm-3\"><div class=\"vc_column-inner\"><div class=\"wpb_wrapper\"><div class=\"vc_empty_space\"   style=\"height: 32px\"><span class=\"vc_empty_space_inner\"><\/span><\/div>\n\t<div  class=\"wpb_single_image wpb_content_element vc_align_center  vc_custom_1747384636282\">\n\t\t\n\t\t<figure class=\"wpb_wrapper vc_figure\">\n\t\t\t<a href=\"https:\/\/www.tutiac.com\/wp-content\/uploads\/2025\/05\/FT-ANG-ORIGINES-VERDOT-SM.pdf\" target=\"_blank\" class=\"vc_single_image-wrapper   vc_box_border_grey\"><img loading=\"lazy\" decoding=\"async\" width=\"800\" height=\"1086\" src=\"https:\/\/www.tutiac.com\/wp-content\/uploads\/2024\/07\/origines-verdot.jpg\" class=\"vc_single_image-img attachment-full\" alt=\"\" srcset=\"https:\/\/www.tutiac.com\/wp-content\/uploads\/2024\/07\/origines-verdot.jpg 800w, https:\/\/www.tutiac.com\/wp-content\/uploads\/2024\/07\/origines-verdot-221x300.jpg 221w, https:\/\/www.tutiac.com\/wp-content\/uploads\/2024\/07\/origines-verdot-754x1024.jpg 754w, https:\/\/www.tutiac.com\/wp-content\/uploads\/2024\/07\/origines-verdot-110x150.jpg 110w, https:\/\/www.tutiac.com\/wp-content\/uploads\/2024\/07\/origines-verdot-768x1043.jpg 768w, https:\/\/www.tutiac.com\/wp-content\/uploads\/2024\/07\/origines-verdot-9x12.jpg 9w\" sizes=\"(max-width: 800px) 100vw, 800px\" \/><\/a>\n\t\t<\/figure>\n\t<\/div>\n\n\t<div class=\"wpb_text_column wpb_content_element\" >\n\t\t<div class=\"wpb_wrapper\">\n\t\t\t<p style=\"text-align: center;\"><a href=\"https:\/\/www.tutiac.com\/wp-content\/uploads\/2025\/05\/FT-ANG-ORIGINES-VERDOT-SM.pdf\" target=\"_blank\" rel=\"noopener noreferrer\">Origines<\/a><br \/>\n<a href=\"https:\/\/www.tutiac.com\/wp-content\/uploads\/2025\/05\/FT-ANG-ORIGINES-VERDOT-SM.pdf\" target=\"_blank\" rel=\"noopener noreferrer\">Verdot<\/a><br \/>\n<a href=\"https:\/\/www.tutiac.com\/wp-content\/uploads\/2025\/05\/FT-ANG-ORIGINES-VERDOT-SM.pdf\" target=\"_blank\" rel=\"noopener noreferrer\">AOP Bordeaux<br \/>\nrouge<\/a><\/p>\n\n\t\t<\/div>\n\t<\/div>\n<\/div><\/div><\/div><\/div><div class=\"vc_row wpb_row vc_row-fluid vc_custom_1616617706508 vc_row-has-fill vc_row-o-equal-height vc_row-o-content-middle vc_row-flex\"><div class=\"wpb_column vc_column_container vc_col-sm-3\"><div class=\"vc_column-inner\"><div class=\"wpb_wrapper\"><div class=\"vc_empty_space  vc_custom_1627043872568\"   style=\"height: 32px\"><span class=\"vc_empty_space_inner\"><\/span><\/div>\n\t<div  class=\"wpb_single_image wpb_content_element vc_align_center  vc_custom_1747384651605\">\n\t\t\n\t\t<figure class=\"wpb_wrapper vc_figure\">\n\t\t\t<a href=\"https:\/\/www.tutiac.com\/wp-content\/uploads\/2025\/05\/FT-ANG-ORIGINES-INTEGRALE-SM.pdf\" target=\"_blank\" class=\"vc_single_image-wrapper   vc_box_border_grey\"><img loading=\"lazy\" decoding=\"async\" width=\"800\" height=\"1086\" src=\"https:\/\/www.tutiac.com\/wp-content\/uploads\/2024\/07\/Origines-Integrale.jpg\" class=\"vc_single_image-img attachment-full\" alt=\"\" srcset=\"https:\/\/www.tutiac.com\/wp-content\/uploads\/2024\/07\/Origines-Integrale.jpg 800w, https:\/\/www.tutiac.com\/wp-content\/uploads\/2024\/07\/Origines-Integrale-221x300.jpg 221w, https:\/\/www.tutiac.com\/wp-content\/uploads\/2024\/07\/Origines-Integrale-754x1024.jpg 754w, https:\/\/www.tutiac.com\/wp-content\/uploads\/2024\/07\/Origines-Integrale-110x150.jpg 110w, https:\/\/www.tutiac.com\/wp-content\/uploads\/2024\/07\/Origines-Integrale-768x1043.jpg 768w, https:\/\/www.tutiac.com\/wp-content\/uploads\/2024\/07\/Origines-Integrale-9x12.jpg 9w\" sizes=\"(max-width: 800px) 100vw, 800px\" \/><\/a>\n\t\t<\/figure>\n\t<\/div>\n\n\t<div class=\"wpb_text_column wpb_content_element\" >\n\t\t<div class=\"wpb_wrapper\">\n\t\t\t<p style=\"text-align: center;\"><a href=\"https:\/\/www.tutiac.com\/wp-content\/uploads\/2025\/05\/FT-ANG-ORIGINES-INTEGRALE-SM.pdf\" target=\"_blank\" rel=\"noopener noreferrer\">Origines<\/a><br \/>\n<a href=\"https:\/\/www.tutiac.com\/wp-content\/uploads\/2025\/05\/FT-ANG-ORIGINES-INTEGRALE-SM.pdf\" target=\"_blank\" rel=\"noopener noreferrer\">Int\u00e9grale<\/a><br \/>\n<a href=\"https:\/\/www.tutiac.com\/wp-content\/uploads\/2025\/05\/FT-ANG-ORIGINES-INTEGRALE-SM.pdf\">AOP Blaye C\u00f4tes de Bordeaux<\/a><br \/>\n<a href=\"https:\/\/www.tutiac.com\/wp-content\/uploads\/2025\/05\/FT-ANG-ORIGINES-INTEGRALE-SM.pdf\">rouge<\/a><\/p>\n\n\t\t<\/div>\n\t<\/div>\n<div class=\"vc_empty_space\"   style=\"height: 32px\"><span class=\"vc_empty_space_inner\"><\/span><\/div><\/div><\/div><\/div><div class=\"wpb_column vc_column_container vc_col-sm-3\"><div class=\"vc_column-inner\"><div class=\"wpb_wrapper\"><div class=\"vc_empty_space\"   style=\"height: 32px\"><span class=\"vc_empty_space_inner\"><\/span><\/div>\n\t<div  class=\"wpb_single_image wpb_content_element vc_align_center  vc_custom_1747384664505\">\n\t\t\n\t\t<figure class=\"wpb_wrapper vc_figure\">\n\t\t\t<a href=\"https:\/\/www.tutiac.com\/wp-content\/uploads\/2025\/05\/FT-ANG-ORIGINES-FONT-RENARD-SM.pdf\" target=\"_blank\" class=\"vc_single_image-wrapper   vc_box_border_grey\"><img loading=\"lazy\" decoding=\"async\" width=\"800\" height=\"1086\" src=\"https:\/\/www.tutiac.com\/wp-content\/uploads\/2024\/07\/font-renard.jpg\" class=\"vc_single_image-img attachment-full\" alt=\"\" srcset=\"https:\/\/www.tutiac.com\/wp-content\/uploads\/2024\/07\/font-renard.jpg 800w, https:\/\/www.tutiac.com\/wp-content\/uploads\/2024\/07\/font-renard-221x300.jpg 221w, https:\/\/www.tutiac.com\/wp-content\/uploads\/2024\/07\/font-renard-754x1024.jpg 754w, https:\/\/www.tutiac.com\/wp-content\/uploads\/2024\/07\/font-renard-110x150.jpg 110w, https:\/\/www.tutiac.com\/wp-content\/uploads\/2024\/07\/font-renard-768x1043.jpg 768w, https:\/\/www.tutiac.com\/wp-content\/uploads\/2024\/07\/font-renard-9x12.jpg 9w\" sizes=\"(max-width: 800px) 100vw, 800px\" \/><\/a>\n\t\t<\/figure>\n\t<\/div>\n\n\t<div class=\"wpb_text_column wpb_content_element\" >\n\t\t<div class=\"wpb_wrapper\">\n\t\t\t<p style=\"text-align: center;\"><a href=\"https:\/\/www.tutiac.com\/wp-content\/uploads\/2025\/05\/FT-ANG-ORIGINES-FONT-RENARD-SM.pdf\" target=\"_blank\" rel=\"noopener noreferrer\">Origines<\/a><br \/>\n<a href=\"https:\/\/www.tutiac.com\/wp-content\/uploads\/2025\/05\/FT-ANG-ORIGINES-FONT-RENARD-SM.pdf\" target=\"_blank\" rel=\"noopener noreferrer\">Font Renard<\/a><br \/>\n<a href=\"https:\/\/www.tutiac.com\/wp-content\/uploads\/2025\/05\/FT-ANG-ORIGINES-FONT-RENARD-SM.pdf\" target=\"_blank\" rel=\"noopener noreferrer\">AOP Blaye C\u00f4tes de Bordeaux<br \/>\nblanc<\/a><\/p>\n\n\t\t<\/div>\n\t<\/div>\n<\/div><\/div><\/div><div class=\"wpb_column vc_column_container vc_col-sm-3\"><div class=\"vc_column-inner\"><div class=\"wpb_wrapper\"><div class=\"vc_empty_space\"   style=\"height: 32px\"><span class=\"vc_empty_space_inner\"><\/span><\/div>\n\t<div  class=\"wpb_single_image wpb_content_element vc_align_center  vc_custom_1747384673966\">\n\t\t\n\t\t<figure class=\"wpb_wrapper vc_figure\">\n\t\t\t<a href=\"https:\/\/www.tutiac.com\/wp-content\/uploads\/2025\/05\/FT-ANG-ORIGINES-MAHON-SM.pdf\" target=\"_blank\" class=\"vc_single_image-wrapper   vc_box_border_grey\"><img loading=\"lazy\" decoding=\"async\" width=\"800\" height=\"1086\" src=\"https:\/\/www.tutiac.com\/wp-content\/uploads\/2024\/07\/Origines-mahon.jpg\" class=\"vc_single_image-img attachment-full\" alt=\"\" srcset=\"https:\/\/www.tutiac.com\/wp-content\/uploads\/2024\/07\/Origines-mahon.jpg 800w, https:\/\/www.tutiac.com\/wp-content\/uploads\/2024\/07\/Origines-mahon-221x300.jpg 221w, https:\/\/www.tutiac.com\/wp-content\/uploads\/2024\/07\/Origines-mahon-754x1024.jpg 754w, https:\/\/www.tutiac.com\/wp-content\/uploads\/2024\/07\/Origines-mahon-110x150.jpg 110w, https:\/\/www.tutiac.com\/wp-content\/uploads\/2024\/07\/Origines-mahon-768x1043.jpg 768w, https:\/\/www.tutiac.com\/wp-content\/uploads\/2024\/07\/Origines-mahon-9x12.jpg 9w\" sizes=\"(max-width: 800px) 100vw, 800px\" \/><\/a>\n\t\t<\/figure>\n\t<\/div>\n\n\t<div class=\"wpb_text_column wpb_content_element\" >\n\t\t<div class=\"wpb_wrapper\">\n\t\t\t<p style=\"text-align: center;\"><a href=\"https:\/\/www.tutiac.com\/wp-content\/uploads\/2025\/05\/FT-ANG-ORIGINES-MAHON-SM.pdf\" target=\"_blank\" rel=\"noopener noreferrer\">Origines<\/a><br \/>\n<a href=\"https:\/\/www.tutiac.com\/wp-content\/uploads\/2025\/05\/FT-ANG-ORIGINES-MAHON-SM.pdf\" target=\"_blank\" rel=\"noopener noreferrer\">Mahon<\/a><br \/>\n<a href=\"https:\/\/www.tutiac.com\/wp-content\/uploads\/2025\/05\/FT-ANG-ORIGINES-MAHON-SM.pdf\" target=\"_blank\" rel=\"noopener noreferrer\">AOP Graves<br \/>\nblanc<\/a><\/p>\n\n\t\t<\/div>\n\t<\/div>\n<\/div><\/div><\/div><div class=\"wpb_column vc_column_container vc_col-sm-3\"><div class=\"vc_column-inner\"><div class=\"wpb_wrapper\"><div class=\"vc_empty_space\"   style=\"height: 32px\"><span class=\"vc_empty_space_inner\"><\/span><\/div>\n\t<div  class=\"wpb_single_image wpb_content_element vc_align_center  vc_custom_1747384684909\">\n\t\t\n\t\t<figure class=\"wpb_wrapper vc_figure\">\n\t\t\t<a href=\"https:\/\/www.tutiac.com\/wp-content\/uploads\/2022\/07\/FT-ANG-ORIGINES-PONT-DAULAN-SM.pdf\" target=\"_blank\" class=\"vc_single_image-wrapper   vc_box_border_grey\"><img loading=\"lazy\" decoding=\"async\" width=\"800\" height=\"1086\" src=\"https:\/\/www.tutiac.com\/wp-content\/uploads\/2024\/07\/Origines-pont-daulan.jpg\" class=\"vc_single_image-img attachment-full\" alt=\"\" srcset=\"https:\/\/www.tutiac.com\/wp-content\/uploads\/2024\/07\/Origines-pont-daulan.jpg 800w, https:\/\/www.tutiac.com\/wp-content\/uploads\/2024\/07\/Origines-pont-daulan-221x300.jpg 221w, https:\/\/www.tutiac.com\/wp-content\/uploads\/2024\/07\/Origines-pont-daulan-754x1024.jpg 754w, https:\/\/www.tutiac.com\/wp-content\/uploads\/2024\/07\/Origines-pont-daulan-110x150.jpg 110w, https:\/\/www.tutiac.com\/wp-content\/uploads\/2024\/07\/Origines-pont-daulan-768x1043.jpg 768w, https:\/\/www.tutiac.com\/wp-content\/uploads\/2024\/07\/Origines-pont-daulan-9x12.jpg 9w\" sizes=\"(max-width: 800px) 100vw, 800px\" \/><\/a>\n\t\t<\/figure>\n\t<\/div>\n\n\t<div class=\"wpb_text_column wpb_content_element\" >\n\t\t<div class=\"wpb_wrapper\">\n\t\t\t<p style=\"text-align: center;\"><a href=\"https:\/\/www.tutiac.com\/wp-content\/uploads\/2022\/07\/FT-ANG-ORIGINES-PONT-DAULAN-SM.pdf\" target=\"_blank\" rel=\"noopener noreferrer\">Origines<\/a><br \/>\n<a href=\"https:\/\/www.tutiac.com\/wp-content\/uploads\/2021\/06\/FT-ORIGINES-PONT-DAULAN-S\u00e9millon-ANG.pdf\" target=\"_blank\" rel=\"noopener noreferrer\">Pont d&rsquo;Aulan<\/a><br \/>\n<a href=\"https:\/\/www.tutiac.com\/wp-content\/uploads\/2022\/07\/FT-ANG-ORIGINES-PONT-DAULAN-SM.pdf\" target=\"_blank\" rel=\"noopener noreferrer\">AOP Sauternes<br \/>\nblanc<\/a><\/p>\n\n\t\t<\/div>\n\t<\/div>\n<\/div><\/div><\/div><\/div><div class=\"vc_row wpb_row vc_row-fluid vc_custom_1616692293112 vc_row-has-fill\"><div class=\"wpb_column vc_column_container vc_col-sm-12\"><div class=\"vc_column-inner\"><div class=\"wpb_wrapper\"><div class=\"vc_empty_space\"   style=\"height: 50px\"><span class=\"vc_empty_space_inner\"><\/span><\/div><\/div><\/div><\/div><\/div><div class=\"vc_row wpb_row vc_row-fluid\"><div class=\"wpb_column vc_column_container vc_col-sm-12\"><div class=\"vc_column-inner\"><div class=\"wpb_wrapper\"><div class=\"vc_empty_space\"   style=\"height: 50px\"><span class=\"vc_empty_space_inner\"><\/span><\/div><\/div><\/div><\/div><\/div>","protected":false},"excerpt":{"rendered":"Origines Monoc\u00e9pages bordelais Origines Au Pin AOP Blaye C\u00f4tes de Bordeaux rouge Origines Ter Pointe AOP C\u00f4tes de Bourg rouge Origines Six Chemins AOP Blaye C\u00f4tes de Bordeaux rouge Origines Verdot AOP Bordeaux rouge Origines Int\u00e9grale AOP Blaye C\u00f4tes de Bordeaux rouge Origines Font Renard AOP Blaye C\u00f4tes de Bordeaux blanc Origines Mahon AOP Graves<p class=\"more-link-wrapper\"><a class=\"btn btn-primary\" href=\"https:\/\/www.tutiac.com\/en\/tout-pour-vous\/tous-nos-vins\/origines\/\">Read More<\/a><\/p>","protected":false},"author":1,"featured_media":0,"parent":48,"menu_order":0,"comment_status":"closed","ping_status":"closed","template":"","meta":{"footnotes":""},"yoast_head":"<!-- This site is optimized with the Yoast SEO plugin v19.14 - https:\/\/yoast.com\/wordpress\/plugins\/seo\/ -->\n<title>Origines - TUTIAC<\/title>\n<meta name=\"robots\" content=\"index, follow, max-snippet:-1, max-image-preview:large, max-video-preview:-1\" \/>\n<link rel=\"canonical\" href=\"https:\/\/www.tutiac.com\/en\/tout-pour-vous\/tous-nos-vins\/origines\/\" \/>\n<meta property=\"og:locale\" content=\"en_GB\" \/>\n<meta property=\"og:type\" content=\"article\" \/>\n<meta property=\"og:title\" content=\"Origines - TUTIAC\" \/>\n<meta property=\"og:url\" content=\"https:\/\/www.tutiac.com\/en\/tout-pour-vous\/tous-nos-vins\/origines\/\" \/>\n<meta property=\"og:site_name\" content=\"TUTIAC\" \/>\n<meta property=\"article:modified_time\" content=\"2025-05-16T08:38:08+00:00\" \/>\n<meta name=\"twitter:card\" content=\"summary_large_image\" \/>\n<meta name=\"twitter:label1\" content=\"Estimated reading time\" \/>\n\t<meta name=\"twitter:data1\" content=\"3 minutes\" \/>\n<script type=\"application\/ld+json\" class=\"yoast-schema-graph\">{\"@context\":\"https:\/\/schema.org\",\"@graph\":[{\"@type\":\"WebPage\",\"@id\":\"https:\/\/www.tutiac.com\/tout-pour-vous\/tous-nos-vins\/origines\/\",\"url\":\"https:\/\/www.tutiac.com\/tout-pour-vous\/tous-nos-vins\/origines\/\",\"name\":\"Origines - TUTIAC\",\"isPartOf\":{\"@id\":\"https:\/\/www.tutiac.com\/#website\"},\"datePublished\":\"2021-03-24T18:46:12+00:00\",\"dateModified\":\"2025-05-16T08:38:08+00:00\",\"breadcrumb\":{\"@id\":\"https:\/\/www.tutiac.com\/tout-pour-vous\/tous-nos-vins\/origines\/#breadcrumb\"},\"inLanguage\":\"en-GB\",\"potentialAction\":[{\"@type\":\"ReadAction\",\"target\":[\"https:\/\/www.tutiac.com\/tout-pour-vous\/tous-nos-vins\/origines\/\"]}]},{\"@type\":\"BreadcrumbList\",\"@id\":\"https:\/\/www.tutiac.com\/tout-pour-vous\/tous-nos-vins\/origines\/#breadcrumb\",\"itemListElement\":[{\"@type\":\"ListItem\",\"position\":1,\"name\":\"Accueil\",\"item\":\"https:\/\/www.tutiac.com\/\"},{\"@type\":\"ListItem\",\"position\":2,\"name\":\"Tout pour vous !\",\"item\":\"https:\/\/www.tutiac.com\/tout-pour-vous\/\"},{\"@type\":\"ListItem\",\"position\":3,\"name\":\"Notre gamme\",\"item\":\"https:\/\/www.tutiac.com\/tout-pour-vous\/tous-nos-vins\/\"},{\"@type\":\"ListItem\",\"position\":4,\"name\":\"Origines\"}]},{\"@type\":\"WebSite\",\"@id\":\"https:\/\/www.tutiac.com\/#website\",\"url\":\"https:\/\/www.tutiac.com\/\",\"name\":\"TUTIAC\",\"description\":\"Tout Bordeaux !\",\"publisher\":{\"@id\":\"https:\/\/www.tutiac.com\/#organization\"},\"potentialAction\":[{\"@type\":\"SearchAction\",\"target\":{\"@type\":\"EntryPoint\",\"urlTemplate\":\"https:\/\/www.tutiac.com\/?s={search_term_string}\"},\"query-input\":\"required name=search_term_string\"}],\"inLanguage\":\"en-GB\"},{\"@type\":\"Organization\",\"@id\":\"https:\/\/www.tutiac.com\/#organization\",\"name\":\"TUTIAC\",\"url\":\"https:\/\/www.tutiac.com\/\",\"logo\":{\"@type\":\"ImageObject\",\"inLanguage\":\"en-GB\",\"@id\":\"https:\/\/www.tutiac.com\/#\/schema\/logo\/image\/\",\"url\":\"https:\/\/www.tutiac.com\/wp-content\/uploads\/2025\/01\/logo-Cave_de_lannee-1.jpg\",\"contentUrl\":\"https:\/\/www.tutiac.com\/wp-content\/uploads\/2025\/01\/logo-Cave_de_lannee-1.jpg\",\"width\":1325,\"height\":1337,\"caption\":\"TUTIAC\"},\"image\":{\"@id\":\"https:\/\/www.tutiac.com\/#\/schema\/logo\/image\/\"}}]}<\/script>\n<!-- \/ Yoast SEO plugin. -->","yoast_head_json":{"title":"Origines - TUTIAC","robots":{"index":"index","follow":"follow","max-snippet":"max-snippet:-1","max-image-preview":"max-image-preview:large","max-video-preview":"max-video-preview:-1"},"canonical":"https:\/\/www.tutiac.com\/en\/tout-pour-vous\/tous-nos-vins\/origines\/","og_locale":"en_GB","og_type":"article","og_title":"Origines - TUTIAC","og_url":"https:\/\/www.tutiac.com\/en\/tout-pour-vous\/tous-nos-vins\/origines\/","og_site_name":"TUTIAC","article_modified_time":"2025-05-16T08:38:08+00:00","twitter_card":"summary_large_image","twitter_misc":{"Estimated reading time":"3 minutes"},"schema":{"@context":"https:\/\/schema.org","@graph":[{"@type":"WebPage","@id":"https:\/\/www.tutiac.com\/tout-pour-vous\/tous-nos-vins\/origines\/","url":"https:\/\/www.tutiac.com\/tout-pour-vous\/tous-nos-vins\/origines\/","name":"Origines - TUTIAC","isPartOf":{"@id":"https:\/\/www.tutiac.com\/#website"},"datePublished":"2021-03-24T18:46:12+00:00","dateModified":"2025-05-16T08:38:08+00:00","breadcrumb":{"@id":"https:\/\/www.tutiac.com\/tout-pour-vous\/tous-nos-vins\/origines\/#breadcrumb"},"inLanguage":"en-GB","potentialAction":[{"@type":"ReadAction","target":["https:\/\/www.tutiac.com\/tout-pour-vous\/tous-nos-vins\/origines\/"]}]},{"@type":"BreadcrumbList","@id":"https:\/\/www.tutiac.com\/tout-pour-vous\/tous-nos-vins\/origines\/#breadcrumb","itemListElement":[{"@type":"ListItem","position":1,"name":"Accueil","item":"https:\/\/www.tutiac.com\/"},{"@type":"ListItem","position":2,"name":"Tout pour vous !","item":"https:\/\/www.tutiac.com\/tout-pour-vous\/"},{"@type":"ListItem","position":3,"name":"Notre gamme","item":"https:\/\/www.tutiac.com\/tout-pour-vous\/tous-nos-vins\/"},{"@type":"ListItem","position":4,"name":"Origines"}]},{"@type":"WebSite","@id":"https:\/\/www.tutiac.com\/#website","url":"https:\/\/www.tutiac.com\/","name":"TUTIAC","description":"Tout Bordeaux !","publisher":{"@id":"https:\/\/www.tutiac.com\/#organization"},"potentialAction":[{"@type":"SearchAction","target":{"@type":"EntryPoint","urlTemplate":"https:\/\/www.tutiac.com\/?s={search_term_string}"},"query-input":"required name=search_term_string"}],"inLanguage":"en-GB"},{"@type":"Organization","@id":"https:\/\/www.tutiac.com\/#organization","name":"TUTIAC","url":"https:\/\/www.tutiac.com\/","logo":{"@type":"ImageObject","inLanguage":"en-GB","@id":"https:\/\/www.tutiac.com\/#\/schema\/logo\/image\/","url":"https:\/\/www.tutiac.com\/wp-content\/uploads\/2025\/01\/logo-Cave_de_lannee-1.jpg","contentUrl":"https:\/\/www.tutiac.com\/wp-content\/uploads\/2025\/01\/logo-Cave_de_lannee-1.jpg","width":1325,"height":1337,"caption":"TUTIAC"},"image":{"@id":"https:\/\/www.tutiac.com\/#\/schema\/logo\/image\/"}}]}},"_links":{"self":[{"href":"https:\/\/www.tutiac.com\/en\/wp-json\/wp\/v2\/pages\/1036"}],"collection":[{"href":"https:\/\/www.tutiac.com\/en\/wp-json\/wp\/v2\/pages"}],"about":[{"href":"https:\/\/www.tutiac.com\/en\/wp-json\/wp\/v2\/types\/page"}],"author":[{"embeddable":true,"href":"https:\/\/www.tutiac.com\/en\/wp-json\/wp\/v2\/users\/1"}],"replies":[{"embeddable":true,"href":"https:\/\/www.tutiac.com\/en\/wp-json\/wp\/v2\/comments?post=1036"}],"version-history":[{"count":34,"href":"https:\/\/www.tutiac.com\/en\/wp-json\/wp\/v2\/pages\/1036\/revisions"}],"predecessor-version":[{"id":2111,"href":"https:\/\/www.tutiac.com\/en\/wp-json\/wp\/v2\/pages\/1036\/revisions\/2111"}],"up":[{"embeddable":true,"href":"https:\/\/www.tutiac.com\/en\/wp-json\/wp\/v2\/pages\/48"}],"wp:attachment":[{"href":"https:\/\/www.tutiac.com\/en\/wp-json\/wp\/v2\/media?parent=1036"}],"curies":[{"name":"wp","href":"https:\/\/api.w.org\/{rel}","templated":true}]}}