{"id":1032,"date":"2021-03-24T19:45:39","date_gmt":"2021-03-24T18:45:39","guid":{"rendered":"https:\/\/www.tutiac.com\/fr\/?page_id=1032"},"modified":"2025-05-18T11:12:38","modified_gmt":"2025-05-18T09:12:38","slug":"tout","status":"publish","type":"page","link":"https:\/\/www.tutiac.com\/en\/tout-pour-vous\/tous-nos-vins\/tout\/","title":{"rendered":"TOUT"},"content":{"rendered":"<div class=\"vc_row wpb_row vc_row-fluid vc_custom_1616691623047 vc_row-has-fill\"><div class=\"wpb_column vc_column_container vc_col-sm-12\"><div class=\"vc_column-inner\"><div class=\"wpb_wrapper\"><div class=\"vc_empty_space\"   style=\"height: 50px\"><span class=\"vc_empty_space_inner\"><\/span><\/div>\n\t<div  class=\"wpb_single_image wpb_content_element vc_align_center  vc_custom_1623401620929\">\n\t\t\n\t\t<figure class=\"wpb_wrapper vc_figure\">\n\t\t\t<div class=\"vc_single_image-wrapper   vc_box_border_grey\"><img loading=\"lazy\" decoding=\"async\" width=\"300\" height=\"145\" src=\"https:\/\/www.tutiac.com\/wp-content\/uploads\/2021\/06\/logo-tout-300x145.jpg\" class=\"vc_single_image-img attachment-medium\" alt=\"\" srcset=\"https:\/\/www.tutiac.com\/wp-content\/uploads\/2021\/06\/logo-tout-300x145.jpg 300w, https:\/\/www.tutiac.com\/wp-content\/uploads\/2021\/06\/logo-tout-150x73.jpg 150w, https:\/\/www.tutiac.com\/wp-content\/uploads\/2021\/06\/logo-tout-768x372.jpg 768w, https:\/\/www.tutiac.com\/wp-content\/uploads\/2021\/06\/logo-tout-1024x497.jpg 1024w, https:\/\/www.tutiac.com\/wp-content\/uploads\/2021\/06\/logo-tout.jpg 1654w\" sizes=\"(max-width: 300px) 100vw, 300px\" \/><\/div>\n\t\t<\/figure>\n\t<\/div>\n\n\t<div class=\"wpb_text_column wpb_content_element\" >\n\t\t<div class=\"wpb_wrapper\">\n\t\t\t<p style=\"text-align: center;\"><a style=\"color: #000; font-size: 2rem;\" href=\"https:\/\/www.tutiac.com\/en\/tout\/\" target=\"_blank\" rel=\"noopener noreferrer\">Bordeaux treasures<\/a><br \/>\n<a style=\"color: #000; font-style: italic; font-size: 1.4rem;\" href=\"https:\/\/www.tutiac.com\/en\/tout\/\" target=\"_blank\" rel=\"noopener noreferrer\">At wine retailers and in restaurants<\/a><\/p>\n\n\t\t<\/div>\n\t<\/div>\n<div class=\"vc_empty_space\"   style=\"height: 50px\"><span class=\"vc_empty_space_inner\"><\/span><\/div><\/div><\/div><\/div><\/div><div class=\"vc_row wpb_row vc_row-fluid vc_custom_1616691944461 vc_row-has-fill\"><div class=\"wpb_column vc_column_container vc_col-sm-12\"><div class=\"vc_column-inner\"><div class=\"wpb_wrapper\"><div class=\"vc_empty_space\"   style=\"height: 50px\"><span class=\"vc_empty_space_inner\"><\/span><\/div><h2 style=\"color: #c8191b;text-align: center\" class=\"vc_custom_heading\" >Red<\/h2><\/div><\/div><\/div><\/div><div class=\"vc_row wpb_row vc_row-fluid vc_custom_1616617706508 vc_row-has-fill vc_row-o-equal-height vc_row-o-content-middle vc_row-flex\"><div class=\"wpb_column vc_column_container vc_col-sm-3\"><div class=\"vc_column-inner\"><div class=\"wpb_wrapper\"><div class=\"vc_empty_space\"   style=\"height: 32px\"><span class=\"vc_empty_space_inner\"><\/span><\/div>\n\t<div  class=\"wpb_single_image wpb_content_element vc_align_center  vc_custom_1619685315807\">\n\t\t\n\t\t<figure class=\"wpb_wrapper vc_figure\">\n\t\t\t<a href=\"https:\/\/www.tutiac.com\/wp-content\/uploads\/2021\/06\/FT-Ang-TOUT-de-Tutiac-ANQUI-BCB-rge-NM.pdf\" target=\"_blank\" class=\"vc_single_image-wrapper   vc_box_border_grey\"><img loading=\"lazy\" decoding=\"async\" width=\"800\" height=\"1086\" src=\"https:\/\/www.tutiac.com\/wp-content\/uploads\/2021\/04\/ANQUI-SM-OK.jpg\" class=\"vc_single_image-img attachment-full\" alt=\"\" srcset=\"https:\/\/www.tutiac.com\/wp-content\/uploads\/2021\/04\/ANQUI-SM-OK.jpg 800w, https:\/\/www.tutiac.com\/wp-content\/uploads\/2021\/04\/ANQUI-SM-OK-110x150.jpg 110w, https:\/\/www.tutiac.com\/wp-content\/uploads\/2021\/04\/ANQUI-SM-OK-221x300.jpg 221w, https:\/\/www.tutiac.com\/wp-content\/uploads\/2021\/04\/ANQUI-SM-OK-768x1043.jpg 768w, https:\/\/www.tutiac.com\/wp-content\/uploads\/2021\/04\/ANQUI-SM-OK-754x1024.jpg 754w\" sizes=\"(max-width: 800px) 100vw, 800px\" \/><\/a>\n\t\t<\/figure>\n\t<\/div>\n\n\t<div class=\"wpb_text_column wpb_content_element\" >\n\t\t<div class=\"wpb_wrapper\">\n\t\t\t<p style=\"text-align: center;\"><a href=\"https:\/\/www.tutiac.com\/wp-content\/uploads\/2021\/06\/FT-Ang-TOUT-de-Tutiac-ANQUI-BCB-rge-NM.pdf\" target=\"_blank\" rel=\"noopener noreferrer\">TOUT de Tutiac, Anqui<\/a><br \/>\n<a href=\"https:\/\/www.tutiac.com\/wp-content\/uploads\/2021\/06\/FT-Ang-TOUT-de-Tutiac-ANQUI-BCB-rge-NM.pdf\" target=\"_blank\" rel=\"noopener noreferrer\">AOP Blaye C\u00f4tes de Bordeaux, rouge<\/a><\/p>\n\n\t\t<\/div>\n\t<\/div>\n<\/div><\/div><\/div><div class=\"wpb_column vc_column_container vc_col-sm-3\"><div class=\"vc_column-inner\"><div class=\"wpb_wrapper\"><div class=\"vc_empty_space\"   style=\"height: 32px\"><span class=\"vc_empty_space_inner\"><\/span><\/div>\n\t<div  class=\"wpb_single_image wpb_content_element vc_align_center  vc_custom_1619684642891\">\n\t\t\n\t\t<figure class=\"wpb_wrapper vc_figure\">\n\t\t\t<a href=\"https:\/\/www.tutiac.com\/wp-content\/uploads\/2021\/06\/FT-Ang-TOUT-de-Tutiac-ROUPIT-BCB-NM.pdf\" target=\"_blank\" class=\"vc_single_image-wrapper   vc_box_border_grey\"><img loading=\"lazy\" decoding=\"async\" width=\"800\" height=\"1086\" src=\"https:\/\/www.tutiac.com\/wp-content\/uploads\/2021\/04\/ROUPIT-OK.jpg\" class=\"vc_single_image-img attachment-full\" alt=\"\" srcset=\"https:\/\/www.tutiac.com\/wp-content\/uploads\/2021\/04\/ROUPIT-OK.jpg 800w, https:\/\/www.tutiac.com\/wp-content\/uploads\/2021\/04\/ROUPIT-OK-110x150.jpg 110w, https:\/\/www.tutiac.com\/wp-content\/uploads\/2021\/04\/ROUPIT-OK-221x300.jpg 221w, https:\/\/www.tutiac.com\/wp-content\/uploads\/2021\/04\/ROUPIT-OK-768x1043.jpg 768w, https:\/\/www.tutiac.com\/wp-content\/uploads\/2021\/04\/ROUPIT-OK-754x1024.jpg 754w\" sizes=\"(max-width: 800px) 100vw, 800px\" \/><\/a>\n\t\t<\/figure>\n\t<\/div>\n\n\t<div class=\"wpb_text_column wpb_content_element\" >\n\t\t<div class=\"wpb_wrapper\">\n\t\t\t<p style=\"text-align: center;\"><a href=\"https:\/\/www.tutiac.com\/wp-content\/uploads\/2021\/06\/FT-Ang-TOUT-de-Tutiac-ROUPIT-BCB-NM.pdf\" target=\"_blank\" rel=\"noopener noreferrer\">TOUT de Tutiac, Roupit<\/a><br \/>\n<a href=\"https:\/\/www.tutiac.com\/wp-content\/uploads\/2021\/06\/FT-Ang-TOUT-de-Tutiac-ROUPIT-BCB-NM.pdf\" target=\"_blank\" rel=\"noopener noreferrer\">AOP Blaye C\u00f4tes de Bordeaux, rouge<\/a><\/p>\n\n\t\t<\/div>\n\t<\/div>\n<\/div><\/div><\/div><div class=\"wpb_column vc_column_container vc_col-sm-3\"><div class=\"vc_column-inner\"><div class=\"wpb_wrapper\"><div class=\"vc_empty_space\"   style=\"height: 32px\"><span class=\"vc_empty_space_inner\"><\/span><\/div>\n\t<div  class=\"wpb_single_image wpb_content_element vc_align_center  vc_custom_1619684769705\">\n\t\t\n\t\t<figure class=\"wpb_wrapper vc_figure\">\n\t\t\t<a href=\"https:\/\/www.tutiac.com\/wp-content\/uploads\/2021\/06\/FT-Ang-TOUT-de-Tutiac-LE-DARON-BCB-rge-NM.pdf\" target=\"_blank\" class=\"vc_single_image-wrapper   vc_box_border_grey\"><img loading=\"lazy\" decoding=\"async\" width=\"800\" height=\"1086\" src=\"https:\/\/www.tutiac.com\/wp-content\/uploads\/2021\/04\/DARON-SM-OK.jpg\" class=\"vc_single_image-img attachment-full\" alt=\"\" srcset=\"https:\/\/www.tutiac.com\/wp-content\/uploads\/2021\/04\/DARON-SM-OK.jpg 800w, https:\/\/www.tutiac.com\/wp-content\/uploads\/2021\/04\/DARON-SM-OK-110x150.jpg 110w, https:\/\/www.tutiac.com\/wp-content\/uploads\/2021\/04\/DARON-SM-OK-221x300.jpg 221w, https:\/\/www.tutiac.com\/wp-content\/uploads\/2021\/04\/DARON-SM-OK-768x1043.jpg 768w, https:\/\/www.tutiac.com\/wp-content\/uploads\/2021\/04\/DARON-SM-OK-754x1024.jpg 754w\" sizes=\"(max-width: 800px) 100vw, 800px\" \/><\/a>\n\t\t<\/figure>\n\t<\/div>\n\n\t<div class=\"wpb_text_column wpb_content_element\" >\n\t\t<div class=\"wpb_wrapper\">\n\t\t\t<p style=\"text-align: center;\"><a href=\"https:\/\/www.tutiac.com\/wp-content\/uploads\/2021\/06\/FT-Ang-TOUT-de-Tutiac-LE-DARON-BCB-rge-NM.pdf\" target=\"_blank\" rel=\"noopener noreferrer\">TOUT de Tutiac, Le Daron<\/a><br \/>\n<a href=\"https:\/\/www.tutiac.com\/wp-content\/uploads\/2021\/06\/FT-Ang-TOUT-de-Tutiac-LE-DARON-BCB-rge-NM.pdf\" target=\"_blank\" rel=\"noopener noreferrer\">AOP Blaye C\u00f4tes de Bordeaux, rouge<\/a><\/p>\n\n\t\t<\/div>\n\t<\/div>\n<\/div><\/div><\/div><div class=\"wpb_column vc_column_container vc_col-sm-3\"><div class=\"vc_column-inner\"><div class=\"wpb_wrapper\"><\/div><\/div><\/div><\/div><div class=\"vc_row wpb_row vc_row-fluid vc_custom_1616691944461 vc_row-has-fill\"><div class=\"wpb_column vc_column_container vc_col-sm-12\"><div class=\"vc_column-inner\"><div class=\"wpb_wrapper\"><div class=\"vc_empty_space\"   style=\"height: 50px\"><span class=\"vc_empty_space_inner\"><\/span><\/div><h2 style=\"color: #c8191b;text-align: center\" class=\"vc_custom_heading\" >White<\/h2><\/div><\/div><\/div><\/div><div class=\"vc_row wpb_row vc_row-fluid vc_custom_1616617706508 vc_row-has-fill vc_row-o-equal-height vc_row-o-content-middle vc_row-flex\"><div class=\"wpb_column vc_column_container vc_col-sm-3\"><div class=\"vc_column-inner\"><div class=\"wpb_wrapper\"><div class=\"vc_empty_space\"   style=\"height: 32px\"><span class=\"vc_empty_space_inner\"><\/span><\/div>\n\t<div  class=\"wpb_single_image wpb_content_element vc_align_center  vc_custom_1619685054224\">\n\t\t\n\t\t<figure class=\"wpb_wrapper vc_figure\">\n\t\t\t<a href=\"https:\/\/www.tutiac.com\/wp-content\/uploads\/2021\/06\/FT-Ang-TOUT-de-Tutiac-ADICHATS-BCB-blc-NM.pdf\" target=\"_blank\" class=\"vc_single_image-wrapper   vc_box_border_grey\"><img loading=\"lazy\" decoding=\"async\" width=\"800\" height=\"1086\" src=\"https:\/\/www.tutiac.com\/wp-content\/uploads\/2021\/04\/ADICHATS-SM-OK.jpg\" class=\"vc_single_image-img attachment-full\" alt=\"\" srcset=\"https:\/\/www.tutiac.com\/wp-content\/uploads\/2021\/04\/ADICHATS-SM-OK.jpg 800w, https:\/\/www.tutiac.com\/wp-content\/uploads\/2021\/04\/ADICHATS-SM-OK-110x150.jpg 110w, https:\/\/www.tutiac.com\/wp-content\/uploads\/2021\/04\/ADICHATS-SM-OK-221x300.jpg 221w, https:\/\/www.tutiac.com\/wp-content\/uploads\/2021\/04\/ADICHATS-SM-OK-768x1043.jpg 768w, https:\/\/www.tutiac.com\/wp-content\/uploads\/2021\/04\/ADICHATS-SM-OK-754x1024.jpg 754w\" sizes=\"(max-width: 800px) 100vw, 800px\" \/><\/a>\n\t\t<\/figure>\n\t<\/div>\n\n\t<div class=\"wpb_text_column wpb_content_element\" >\n\t\t<div class=\"wpb_wrapper\">\n\t\t\t<p style=\"text-align: center;\"><a href=\"https:\/\/www.tutiac.com\/wp-content\/uploads\/2021\/06\/FT-Ang-TOUT-de-Tutiac-ADICHATS-BCB-blc-NM.pdf\" target=\"_blank\" rel=\"noopener noreferrer\">TOUT de Tutiac, Adichats<\/a><br \/>\n<a href=\"https:\/\/www.tutiac.com\/wp-content\/uploads\/2021\/06\/FT-Ang-TOUT-de-Tutiac-ADICHATS-BCB-blc-NM.pdf\" target=\"_blank\" rel=\"noopener noreferrer\">AOP Blaye C\u00f4tes de Bordeaux, blanc<\/a><\/p>\n\n\t\t<\/div>\n\t<\/div>\n<\/div><\/div><\/div><div class=\"wpb_column vc_column_container vc_col-sm-3\"><div class=\"vc_column-inner\"><div class=\"wpb_wrapper\"><div class=\"vc_empty_space\"   style=\"height: 32px\"><span class=\"vc_empty_space_inner\"><\/span><\/div>\n\t<div  class=\"wpb_single_image wpb_content_element vc_align_center  vc_custom_1747559494154\">\n\t\t\n\t\t<figure class=\"wpb_wrapper vc_figure\">\n\t\t\t<a href=\"https:\/\/www.tutiac.com\/wp-content\/uploads\/2025\/05\/FT-Ang-TOUT-de-Tutiac-MARIOLE-Bdx-blc-24-02.pdf\" target=\"_blank\" class=\"vc_single_image-wrapper   vc_box_border_grey\"><img loading=\"lazy\" decoding=\"async\" width=\"800\" height=\"1086\" src=\"https:\/\/www.tutiac.com\/wp-content\/uploads\/2025\/04\/ADICHATS-SM-OK.jpg\" class=\"vc_single_image-img attachment-full\" alt=\"\" srcset=\"https:\/\/www.tutiac.com\/wp-content\/uploads\/2025\/04\/ADICHATS-SM-OK.jpg 800w, https:\/\/www.tutiac.com\/wp-content\/uploads\/2025\/04\/ADICHATS-SM-OK-221x300.jpg 221w, https:\/\/www.tutiac.com\/wp-content\/uploads\/2025\/04\/ADICHATS-SM-OK-754x1024.jpg 754w, https:\/\/www.tutiac.com\/wp-content\/uploads\/2025\/04\/ADICHATS-SM-OK-110x150.jpg 110w, https:\/\/www.tutiac.com\/wp-content\/uploads\/2025\/04\/ADICHATS-SM-OK-768x1043.jpg 768w, https:\/\/www.tutiac.com\/wp-content\/uploads\/2025\/04\/ADICHATS-SM-OK-9x12.jpg 9w\" sizes=\"(max-width: 800px) 100vw, 800px\" \/><\/a>\n\t\t<\/figure>\n\t<\/div>\n\n\t<div class=\"wpb_text_column wpb_content_element\" >\n\t\t<div class=\"wpb_wrapper\">\n\t\t\t<p style=\"text-align: center;\"><a href=\"https:\/\/www.tutiac.com\/wp-content\/uploads\/2025\/05\/FT-Ang-TOUT-de-Tutiac-MARIOLE-Bdx-blc-24-02.pdf\" target=\"_blank\" rel=\"noopener noreferrer\">TOUT de Tutiac, Mariole<\/a><br \/>\n<a href=\"https:\/\/www.tutiac.com\/wp-content\/uploads\/2025\/05\/FT-Ang-TOUT-de-Tutiac-MARIOLE-Bdx-blc-24-02.pdf\" target=\"_blank\" rel=\"noopener noreferrer\">AOP Bordeaux Moelleux, blanc<\/a><\/p>\n\n\t\t<\/div>\n\t<\/div>\n<\/div><\/div><\/div><div class=\"wpb_column vc_column_container vc_col-sm-3\"><div class=\"vc_column-inner\"><div class=\"wpb_wrapper\"><\/div><\/div><\/div><div class=\"wpb_column vc_column_container vc_col-sm-3\"><div class=\"vc_column-inner\"><div class=\"wpb_wrapper\"><\/div><\/div><\/div><\/div><div class=\"vc_row wpb_row vc_row-fluid vc_custom_1616691944461 vc_row-has-fill\"><div class=\"wpb_column vc_column_container vc_col-sm-12\"><div class=\"vc_column-inner\"><div class=\"wpb_wrapper\"><div class=\"vc_empty_space\"   style=\"height: 50px\"><span class=\"vc_empty_space_inner\"><\/span><\/div><\/div><\/div><\/div><\/div><div class=\"vc_row wpb_row vc_row-fluid\"><div class=\"wpb_column vc_column_container vc_col-sm-12\"><div class=\"vc_column-inner\"><div class=\"wpb_wrapper\"><div class=\"vc_empty_space\"   style=\"height: 50px\"><span class=\"vc_empty_space_inner\"><\/span><\/div><\/div><\/div><\/div><\/div>","protected":false},"excerpt":{"rendered":"Curiosit\u00e9s bordelaises Chez les cavistes et dans les restaurants Les rouges TOUT de Tutiac, Anqui AOP Blaye C\u00f4tes de Bordeaux, rouge TOUT de Tutiac, Roupit AOP Blaye C\u00f4tes de Bordeaux, rouge TOUT de Tutiac, Le Daron AOP Blaye C\u00f4tes de Bordeaux, rouge Les blancs TOUT de Tutiac, Adichats AOP Blaye C\u00f4tes de Bordeaux, blanc TOUT<p class=\"more-link-wrapper\"><a class=\"btn btn-primary\" href=\"https:\/\/www.tutiac.com\/en\/tout-pour-vous\/tous-nos-vins\/tout\/\">Read More<\/a><\/p>","protected":false},"author":1,"featured_media":0,"parent":48,"menu_order":0,"comment_status":"closed","ping_status":"closed","template":"","meta":{"footnotes":""},"yoast_head":"<!-- This site is optimized with the Yoast SEO plugin v19.14 - https:\/\/yoast.com\/wordpress\/plugins\/seo\/ -->\n<title>TOUT - TUTIAC<\/title>\n<meta name=\"robots\" content=\"index, follow, max-snippet:-1, max-image-preview:large, max-video-preview:-1\" \/>\n<link rel=\"canonical\" href=\"https:\/\/www.tutiac.com\/en\/tout-pour-vous\/tous-nos-vins\/tout\/\" \/>\n<meta property=\"og:locale\" content=\"en_GB\" \/>\n<meta property=\"og:type\" content=\"article\" \/>\n<meta property=\"og:title\" content=\"TOUT - TUTIAC\" \/>\n<meta property=\"og:url\" content=\"https:\/\/www.tutiac.com\/en\/tout-pour-vous\/tous-nos-vins\/tout\/\" \/>\n<meta property=\"og:site_name\" content=\"TUTIAC\" \/>\n<meta property=\"article:modified_time\" content=\"2025-05-18T09:12:38+00:00\" \/>\n<meta name=\"twitter:card\" content=\"summary_large_image\" \/>\n<meta name=\"twitter:label1\" content=\"Estimated reading time\" \/>\n\t<meta name=\"twitter:data1\" content=\"2 minutes\" \/>\n<script type=\"application\/ld+json\" class=\"yoast-schema-graph\">{\"@context\":\"https:\/\/schema.org\",\"@graph\":[{\"@type\":\"WebPage\",\"@id\":\"https:\/\/www.tutiac.com\/tout-pour-vous\/tous-nos-vins\/tout\/\",\"url\":\"https:\/\/www.tutiac.com\/tout-pour-vous\/tous-nos-vins\/tout\/\",\"name\":\"TOUT - TUTIAC\",\"isPartOf\":{\"@id\":\"https:\/\/www.tutiac.com\/#website\"},\"datePublished\":\"2021-03-24T18:45:39+00:00\",\"dateModified\":\"2025-05-18T09:12:38+00:00\",\"breadcrumb\":{\"@id\":\"https:\/\/www.tutiac.com\/tout-pour-vous\/tous-nos-vins\/tout\/#breadcrumb\"},\"inLanguage\":\"en-GB\",\"potentialAction\":[{\"@type\":\"ReadAction\",\"target\":[\"https:\/\/www.tutiac.com\/tout-pour-vous\/tous-nos-vins\/tout\/\"]}]},{\"@type\":\"BreadcrumbList\",\"@id\":\"https:\/\/www.tutiac.com\/tout-pour-vous\/tous-nos-vins\/tout\/#breadcrumb\",\"itemListElement\":[{\"@type\":\"ListItem\",\"position\":1,\"name\":\"Accueil\",\"item\":\"https:\/\/www.tutiac.com\/\"},{\"@type\":\"ListItem\",\"position\":2,\"name\":\"Tout pour vous !\",\"item\":\"https:\/\/www.tutiac.com\/tout-pour-vous\/\"},{\"@type\":\"ListItem\",\"position\":3,\"name\":\"Notre gamme\",\"item\":\"https:\/\/www.tutiac.com\/tout-pour-vous\/tous-nos-vins\/\"},{\"@type\":\"ListItem\",\"position\":4,\"name\":\"TOUT\"}]},{\"@type\":\"WebSite\",\"@id\":\"https:\/\/www.tutiac.com\/#website\",\"url\":\"https:\/\/www.tutiac.com\/\",\"name\":\"TUTIAC\",\"description\":\"Tout Bordeaux !\",\"publisher\":{\"@id\":\"https:\/\/www.tutiac.com\/#organization\"},\"potentialAction\":[{\"@type\":\"SearchAction\",\"target\":{\"@type\":\"EntryPoint\",\"urlTemplate\":\"https:\/\/www.tutiac.com\/?s={search_term_string}\"},\"query-input\":\"required name=search_term_string\"}],\"inLanguage\":\"en-GB\"},{\"@type\":\"Organization\",\"@id\":\"https:\/\/www.tutiac.com\/#organization\",\"name\":\"TUTIAC\",\"url\":\"https:\/\/www.tutiac.com\/\",\"logo\":{\"@type\":\"ImageObject\",\"inLanguage\":\"en-GB\",\"@id\":\"https:\/\/www.tutiac.com\/#\/schema\/logo\/image\/\",\"url\":\"https:\/\/www.tutiac.com\/wp-content\/uploads\/2025\/01\/logo-Cave_de_lannee-1.jpg\",\"contentUrl\":\"https:\/\/www.tutiac.com\/wp-content\/uploads\/2025\/01\/logo-Cave_de_lannee-1.jpg\",\"width\":1325,\"height\":1337,\"caption\":\"TUTIAC\"},\"image\":{\"@id\":\"https:\/\/www.tutiac.com\/#\/schema\/logo\/image\/\"}}]}<\/script>\n<!-- \/ Yoast SEO plugin. -->","yoast_head_json":{"title":"TOUT - TUTIAC","robots":{"index":"index","follow":"follow","max-snippet":"max-snippet:-1","max-image-preview":"max-image-preview:large","max-video-preview":"max-video-preview:-1"},"canonical":"https:\/\/www.tutiac.com\/en\/tout-pour-vous\/tous-nos-vins\/tout\/","og_locale":"en_GB","og_type":"article","og_title":"TOUT - TUTIAC","og_url":"https:\/\/www.tutiac.com\/en\/tout-pour-vous\/tous-nos-vins\/tout\/","og_site_name":"TUTIAC","article_modified_time":"2025-05-18T09:12:38+00:00","twitter_card":"summary_large_image","twitter_misc":{"Estimated reading time":"2 minutes"},"schema":{"@context":"https:\/\/schema.org","@graph":[{"@type":"WebPage","@id":"https:\/\/www.tutiac.com\/tout-pour-vous\/tous-nos-vins\/tout\/","url":"https:\/\/www.tutiac.com\/tout-pour-vous\/tous-nos-vins\/tout\/","name":"TOUT - TUTIAC","isPartOf":{"@id":"https:\/\/www.tutiac.com\/#website"},"datePublished":"2021-03-24T18:45:39+00:00","dateModified":"2025-05-18T09:12:38+00:00","breadcrumb":{"@id":"https:\/\/www.tutiac.com\/tout-pour-vous\/tous-nos-vins\/tout\/#breadcrumb"},"inLanguage":"en-GB","potentialAction":[{"@type":"ReadAction","target":["https:\/\/www.tutiac.com\/tout-pour-vous\/tous-nos-vins\/tout\/"]}]},{"@type":"BreadcrumbList","@id":"https:\/\/www.tutiac.com\/tout-pour-vous\/tous-nos-vins\/tout\/#breadcrumb","itemListElement":[{"@type":"ListItem","position":1,"name":"Accueil","item":"https:\/\/www.tutiac.com\/"},{"@type":"ListItem","position":2,"name":"Tout pour vous !","item":"https:\/\/www.tutiac.com\/tout-pour-vous\/"},{"@type":"ListItem","position":3,"name":"Notre gamme","item":"https:\/\/www.tutiac.com\/tout-pour-vous\/tous-nos-vins\/"},{"@type":"ListItem","position":4,"name":"TOUT"}]},{"@type":"WebSite","@id":"https:\/\/www.tutiac.com\/#website","url":"https:\/\/www.tutiac.com\/","name":"TUTIAC","description":"Tout Bordeaux !","publisher":{"@id":"https:\/\/www.tutiac.com\/#organization"},"potentialAction":[{"@type":"SearchAction","target":{"@type":"EntryPoint","urlTemplate":"https:\/\/www.tutiac.com\/?s={search_term_string}"},"query-input":"required name=search_term_string"}],"inLanguage":"en-GB"},{"@type":"Organization","@id":"https:\/\/www.tutiac.com\/#organization","name":"TUTIAC","url":"https:\/\/www.tutiac.com\/","logo":{"@type":"ImageObject","inLanguage":"en-GB","@id":"https:\/\/www.tutiac.com\/#\/schema\/logo\/image\/","url":"https:\/\/www.tutiac.com\/wp-content\/uploads\/2025\/01\/logo-Cave_de_lannee-1.jpg","contentUrl":"https:\/\/www.tutiac.com\/wp-content\/uploads\/2025\/01\/logo-Cave_de_lannee-1.jpg","width":1325,"height":1337,"caption":"TUTIAC"},"image":{"@id":"https:\/\/www.tutiac.com\/#\/schema\/logo\/image\/"}}]}},"_links":{"self":[{"href":"https:\/\/www.tutiac.com\/en\/wp-json\/wp\/v2\/pages\/1032"}],"collection":[{"href":"https:\/\/www.tutiac.com\/en\/wp-json\/wp\/v2\/pages"}],"about":[{"href":"https:\/\/www.tutiac.com\/en\/wp-json\/wp\/v2\/types\/page"}],"author":[{"embeddable":true,"href":"https:\/\/www.tutiac.com\/en\/wp-json\/wp\/v2\/users\/1"}],"replies":[{"embeddable":true,"href":"https:\/\/www.tutiac.com\/en\/wp-json\/wp\/v2\/comments?post=1032"}],"version-history":[{"count":30,"href":"https:\/\/www.tutiac.com\/en\/wp-json\/wp\/v2\/pages\/1032\/revisions"}],"predecessor-version":[{"id":2149,"href":"https:\/\/www.tutiac.com\/en\/wp-json\/wp\/v2\/pages\/1032\/revisions\/2149"}],"up":[{"embeddable":true,"href":"https:\/\/www.tutiac.com\/en\/wp-json\/wp\/v2\/pages\/48"}],"wp:attachment":[{"href":"https:\/\/www.tutiac.com\/en\/wp-json\/wp\/v2\/media?parent=1032"}],"curies":[{"name":"wp","href":"https:\/\/api.w.org\/{rel}","templated":true}]}}