{"id":56,"date":"2019-09-03T10:10:31","date_gmt":"2019-09-03T08:10:31","guid":{"rendered":"https:\/\/www.tutiac.com\/fr\/?page_id=56"},"modified":"2025-11-25T16:19:14","modified_gmt":"2025-11-25T15:19:14","slug":"pour-la-nature","status":"publish","type":"page","link":"http:\/\/www.tutiac.com\/en\/tous-engages\/pour-la-nature\/","title":{"rendered":"Aim for 100% eco-friendly viticulture"},"content":{"rendered":"<div data-vc-full-width=\"true\" data-vc-full-width-init=\"false\" class=\"vc_row wpb_row vc_row-fluid chapo vc_custom_1582127711712 vc_row-has-fill\"><div class=\"wpb_column vc_column_container vc_col-sm-12\"><div class=\"vc_column-inner\"><div class=\"wpb_wrapper\">\n\t<div class=\"wpb_text_column wpb_content_element\" >\n\t\t<div class=\"wpb_wrapper\">\n\t\t\t<h2 style=\"text-align: center;\">Engag\u00e9s depuis de nombreuses ann\u00e9es dans la viticulture durable, nous nous donnons les moyens de devenir un mod\u00e8le de naturalit\u00e9 et de responsabilit\u00e9 environnementale \u00e0 l\u2019\u00e9chelle de nos 5000 hectares de vignoble.<\/h2>\n\n\t\t<\/div>\n\t<\/div>\n<\/div><\/div><\/div><\/div><div class=\"vc_row-full-width vc_clearfix\"><\/div><div class=\"vc_row wpb_row vc_row-fluid\"><div class=\"wpb_column vc_column_container vc_col-sm-12\"><div class=\"vc_column-inner\"><div class=\"wpb_wrapper\"><div class=\"vc_empty_space\"   style=\"height: 90px\"><span class=\"vc_empty_space_inner\"><\/span><\/div><\/div><\/div><\/div><\/div><div class=\"vc_row wpb_row vc_row-fluid nature vc_custom_1597933131116 vc_row-has-fill vc_row-o-equal-height vc_row-o-content-middle vc_row-flex\"><div class=\"wpb_column vc_column_container vc_col-sm-6\"><div class=\"vc_column-inner vc_custom_1576685477029\"><div class=\"wpb_wrapper\">\n\t<div class=\"title-subtitle-box\" style=\" text-align: left;\">\n\t\t<h3 style=\" color:#c8191b;  font-style: normal;\" class=\"special-title\" >Developing eco-friendly practices<\/h3>\n\t\t<span class=\"gg-horizontal-line\"  ><\/span>\n\t<\/div> \n\t<div class=\"wpb_text_column wpb_content_element\" >\n\t\t<div class=\"wpb_wrapper\">\n\t\t\t<p><span style=\"font-weight: 400;\">Since 2014, Tutiac has invested in an <\/span><b>experimental vineyard<\/b><span style=\"font-weight: 400;\"> dedicated to researching grape varieties and innovative winegrowing practices. Our objective is to protect natural resources and ecosystems, <\/span><b>develop biodiversity<\/b><span style=\"font-weight: 400;\">, and limit input products. This initiative is funded by the French Ministry of Agriculture via the Casdar programme in favour of innovating in the context of the<\/span><b> agroecological transition.<\/b><span style=\"font-weight: 400;\">.<\/span><span style=\"font-weight: 400;\"><br \/>\n<\/span><span style=\"font-weight: 400;\">In these vineyards, in collaboration with the INRA and the Chamber of Agriculture, we study grape varieties which are naturally resistant to vine diseases, in order to <\/span><b>limit or prevent the use of pesticides.<\/b><span style=\"font-weight: 400;\"><br \/>\n<\/span><span style=\"font-weight: 400;\">As soon as an environmentally and economically sustainable practice has proved successful, it is implemented in our member winegrowers\u2019 vineyards. Effective practices include sowing in between vine rows, planting hedgerows at the edges of plots, planting flowers on fallow land, using mating disruption to reduce the risk of pests, and converting to organic agriculture.<\/span><\/p>\n\n\t\t<\/div>\n\t<\/div>\n<\/div><\/div><\/div><div class=\"wpb_column vc_column_container vc_col-sm-6 vc_col-has-fill\"><div class=\"vc_column-inner vc_custom_1606154459163\"><div class=\"wpb_wrapper\"><\/div><\/div><\/div><\/div><div class=\"vc_row wpb_row vc_row-fluid\"><div class=\"wpb_column vc_column_container vc_col-sm-12\"><div class=\"vc_column-inner\"><div class=\"wpb_wrapper\"><div class=\"vc_empty_space\"   style=\"height: 50px\"><span class=\"vc_empty_space_inner\"><\/span><\/div><\/div><\/div><\/div><\/div><div class=\"vc_row wpb_row vc_row-fluid nature vc_custom_1597933138148 vc_row-has-fill vc_row-o-equal-height vc_row-o-content-middle vc_row-flex\"><div class=\"wpb_column vc_column_container vc_col-sm-6 vc_col-has-fill\"><div class=\"vc_column-inner vc_custom_1606154594933\"><div class=\"wpb_wrapper\"><\/div><\/div><\/div><div class=\"wpb_column vc_column_container vc_col-sm-6 vc_col-has-fill\"><div class=\"vc_column-inner vc_custom_1576685687899\"><div class=\"wpb_wrapper\">\n\t<div class=\"title-subtitle-box\" style=\" text-align: left;\">\n\t\t<h3 style=\" color:#c8191b;  font-style: normal;\" class=\"special-title\" >Researching natural alternatives<\/h3>\n\t\t<span class=\"gg-horizontal-line\"  ><\/span>\n\t<\/div> \n\t<div class=\"wpb_text_column wpb_content_element\" >\n\t\t<div class=\"wpb_wrapper\">\n\t\t\t<p><span style=\"font-weight: 400;\">Tutiac is also involved in researching <\/span><a href=\"https:\/\/agriculture.gouv.fr\/quest-ce-que-le-biocontrole\" target=\"_blank\" rel=\"noopener noreferrer\"><span style=\"font-weight: 400;\">biocontrol methods<\/span><\/a><span style=\"font-weight: 400;\"> to promote natural plant protection. For instance, we are working with ImmunRise, a Bordeaux start-up which aims to revolutionise plant protection products by using marine-based alternatives. ImmunRise works in particular with marine microorganisms capable of stimulating the vines\u2019 natural defences, or acting directly on disease pathogens, such as mildew and botrytis. Promising in-vitro results have already been observed.<\/span><\/p>\n\n\t\t<\/div>\n\t<\/div>\n<\/div><\/div><\/div><\/div><div class=\"vc_row wpb_row vc_row-fluid\"><div class=\"wpb_column vc_column_container vc_col-sm-12\"><div class=\"vc_column-inner\"><div class=\"wpb_wrapper\"><div class=\"vc_empty_space\"   style=\"height: 50px\"><span class=\"vc_empty_space_inner\"><\/span><\/div><\/div><\/div><\/div><\/div><div class=\"vc_row wpb_row vc_row-fluid nature vc_custom_1597933145549 vc_row-has-fill vc_row-o-equal-height vc_row-o-content-middle vc_row-flex\"><div class=\"wpb_column vc_column_container vc_col-sm-6\"><div class=\"vc_column-inner vc_custom_1576685477029\"><div class=\"wpb_wrapper\">\n\t<div class=\"title-subtitle-box\" style=\" text-align: left;\">\n\t\t<h3 style=\" color:#c8191b;  font-style: normal;\" class=\"special-title\" >Good daily practices<\/h3>\n\t\t<span class=\"gg-horizontal-line\"  ><\/span>\n\t<\/div> \n\t<div class=\"wpb_text_column wpb_content_element\" >\n\t\t<div class=\"wpb_wrapper\">\n\t\t\t<p><span style=\"font-weight: 400;\">For eco-friendly viticultural methods to be effective, they need to be implemented at all company levels. Other concrete actions include<\/span><b> ensuring the recovery and recycling of waste<\/b><span style=\"font-weight: 400;\">, producing <\/span><b>green electricity<\/b><span style=\"font-weight: 400;\"> thanks to photovoltaic shade houses at production sites, and installing electric vehicle charging stations for the general public.<\/span><\/p>\n\n\t\t<\/div>\n\t<\/div>\n<\/div><\/div><\/div><div class=\"wpb_column vc_column_container vc_col-sm-6 vc_col-has-fill\"><div class=\"vc_column-inner vc_custom_1764083951322\"><div class=\"wpb_wrapper\"><\/div><\/div><\/div><\/div><div class=\"vc_row wpb_row vc_row-fluid\"><div class=\"wpb_column vc_column_container vc_col-sm-12\"><div class=\"vc_column-inner\"><div class=\"wpb_wrapper\">\n\t<div class=\"wpb_text_column wpb_content_element\" >\n\t\t<div class=\"wpb_wrapper\">\n\t\t\t\n\t\t<\/div>\n\t<\/div>\n<\/div><\/div><\/div><\/div><div class=\"vc_row wpb_row vc_row-fluid nature vc_custom_1597933152548 vc_row-has-fill vc_row-o-equal-height vc_row-o-content-middle vc_row-flex\"><div class=\"wpb_column vc_column_container vc_col-sm-6 vc_col-has-fill\"><div class=\"vc_column-inner vc_custom_1606154846948\"><div class=\"wpb_wrapper\"><\/div><\/div><\/div><div class=\"wpb_column vc_column_container vc_col-sm-6 vc_col-has-fill\"><div class=\"vc_column-inner vc_custom_1576685687899\"><div class=\"wpb_wrapper\">\n\t<div class=\"title-subtitle-box\" style=\" text-align: left;\">\n\t\t<h3 style=\" color:#c8191b;  font-style: normal;\" class=\"special-title\" >Ambitious yet realistic objectives<\/h3>\n\t\t<span class=\"gg-horizontal-line\"  ><\/span>\n\t<\/div> \n\t<div class=\"wpb_text_column wpb_content_element\" >\n\t\t<div class=\"wpb_wrapper\">\n\t\t\t<p><span style=\"font-weight: 400;\">Aujourd\u2019hui, <strong>70\u202f% de notre vignoble est certifi\u00e9 <a href=\"https:\/\/agriculture.gouv.fr\/ou-trouver-des-exploitations-certifiees-haute-valeur-environnementale-en-france\" target=\"_blank\" rel=\"noopener\">High Environmental Value<\/a><\/strong> and <strong>550 hectares sont conduits en <a href=\"https:\/\/agriculture.gouv.fr\/la-certification-en-agriculture-biologique\" target=\"_blank\" rel=\"noopener\">agriculture biologique<\/a><\/strong> ou en conversion. Notre ambition est de <strong>certifier l\u2019ensemble de nos 5000 hectares<\/strong>, dans le cadre d\u2019une transition agro\u00e9cologique exigeante, progressive et structur\u00e9e.\u00a0<\/span><\/p>\n<p><span style=\"font-weight: 400;\">La r\u00e9duction des intrants phytosanitaires ou l\u2019utilisation d\u2019alternatives constitue le fil rouge de notre strat\u00e9gie. Elle guide nos choix techniques \u00e0 la vigne et s\u2019incarne notamment \u00e0 travers le <strong>d\u00e9veloppement des c\u00e9pages naturellement r\u00e9sistants aux maladies cryptogamiques<\/strong>. Pr\u00e8s de <strong>40 hectares sont aujourd\u2019hui plant\u00e9s<\/strong> avec ces vari\u00e9t\u00e9s innovantes, qui permettent de <strong>diviser par 5 \u00e0 10 l\u2019utilisation de produits phytosanitaires<\/strong>, voire de nous <strong>affranchir totalement de traitements sur certaines parcelles, tout en assurant un haut niveau de qualit\u00e9 des raisins.<\/strong><\/span><\/p>\n<p><span style=\"font-weight: 400;\"><strong>Cette d\u00e9marche s\u2019inscrit dans une vision globale de la viticulture :<\/strong> recours au biocontr\u00f4les, utilisation d\u2019outils d\u2019aide \u00e0 la d\u00e9cision de pr\u00e9cision, travail du sol et interventions m\u00e9caniques raisonn\u00e9es, souvent employ\u00e9s en substitution des m\u00e9thodes chimiques traditionnelles.<\/span><\/p>\n<p><span style=\"font-weight: 400;\">Elle incarne notre volont\u00e9 de <strong>b\u00e2tir une viticulture responsable, innovante et respectueuse du vivant<\/strong>, capable de concilier <strong>excellence produit, \u00e9quilibre des \u00e9cosyst\u00e8mes et p\u00e9rennit\u00e9 des pratiques<\/strong>.<\/span><\/p>\n\n\t\t<\/div>\n\t<\/div>\n<\/div><\/div><\/div><\/div><div class=\"vc_row wpb_row vc_row-fluid\"><div class=\"wpb_column vc_column_container vc_col-sm-12\"><div class=\"vc_column-inner\"><div class=\"wpb_wrapper\"><div class=\"vc_empty_space\"   style=\"height: 90px\"><span class=\"vc_empty_space_inner\"><\/span><\/div><\/div><\/div><\/div><\/div><div class=\"vc_row wpb_row vc_row-fluid\"><div class=\"wpb_column vc_column_container vc_col-sm-12\"><div class=\"vc_column-inner\"><div class=\"wpb_wrapper\">\n\t<div class=\"wpb_text_column wpb_content_element  wpb_animate_when_almost_visible wpb_fadeIn fadeIn\" >\n\t\t<div class=\"wpb_wrapper\">\n\t\t\t<div class=\"logo-gallery__teasing\">\n<h6 style=\"text-align: center;\"><strong>D\u00e9couvrez l\u2019ensemble des <a href=\"https:\/\/www.tutiac.com\/wp-content\/uploads\/2025\/11\/2025_Certifications-groupe-Tutiac.pdf\" target=\"_blank\" rel=\"noopener\">certifications du groupe TUTIAC<\/a> et notre<a href=\"https:\/\/www.tutiac.com\/wp-content\/uploads\/2025\/11\/D-2025_Engagement-RSE-du-groupe-TUTIAC.pdf\" target=\"_blank\" rel=\"noopener\"> engagement RSE.<\/a><\/strong><\/h6>\n<h6 style=\"text-align: center;\"><\/h6>\n<\/div>\n<div class=\"logo-gallery__list\">\n<h5 class=\"logo-gallery__item\"><\/h5>\n<\/div>\n\n\t\t<\/div>\n\t<\/div>\n<\/div><\/div><\/div><\/div><div class=\"vc_row wpb_row vc_row-fluid vc_row-o-equal-height vc_row-o-content-middle vc_row-flex\"><div class=\"wpb_column vc_column_container vc_col-sm-1\/5\"><div class=\"vc_column-inner\"><div class=\"wpb_wrapper\">\n\t<div  class=\"wpb_single_image wpb_content_element vc_align_center  wpb_animate_when_almost_visible wpb_fadeIn fadeIn\">\n\t\t\n\t\t<figure class=\"wpb_wrapper vc_figure\">\n\t\t\t<a href=\"https:\/\/www.terravitis.com\/\" target=\"_blank\" class=\"vc_single_image-wrapper   vc_box_border_grey\"><img loading=\"lazy\" decoding=\"async\" width=\"115\" height=\"150\" src=\"https:\/\/www.tutiac.com\/wp-content\/uploads\/2023\/11\/TerraVitis_NEW_Logo_FR_RVB-115x150.png\" class=\"vc_single_image-img attachment-thumbnail\" alt=\"\" srcset=\"https:\/\/www.tutiac.com\/wp-content\/uploads\/2023\/11\/TerraVitis_NEW_Logo_FR_RVB-115x150.png 115w, https:\/\/www.tutiac.com\/wp-content\/uploads\/2023\/11\/TerraVitis_NEW_Logo_FR_RVB-230x300.png 230w, https:\/\/www.tutiac.com\/wp-content\/uploads\/2023\/11\/TerraVitis_NEW_Logo_FR_RVB-9x12.png 9w, https:\/\/www.tutiac.com\/wp-content\/uploads\/2023\/11\/TerraVitis_NEW_Logo_FR_RVB.png 545w\" sizes=\"(max-width: 115px) 100vw, 115px\" \/><\/a>\n\t\t<\/figure>\n\t<\/div>\n<\/div><\/div><\/div><div class=\"wpb_column vc_column_container vc_col-sm-1\/5\"><div class=\"vc_column-inner\"><div class=\"wpb_wrapper\">\n\t<div  class=\"wpb_single_image wpb_content_element vc_align_center  wpb_animate_when_almost_visible wpb_fadeIn fadeIn\">\n\t\t\n\t\t<figure class=\"wpb_wrapper vc_figure\">\n\t\t\t<a href=\"https:\/\/www.nouveaux-champs.fr\/\" target=\"_blank\" class=\"vc_single_image-wrapper   vc_box_border_grey\"><img loading=\"lazy\" decoding=\"async\" width=\"150\" height=\"121\" src=\"https:\/\/www.tutiac.com\/wp-content\/uploads\/2025\/11\/logo_jas_ecocert-150x121.png\" class=\"vc_single_image-img attachment-thumbnail\" alt=\"\" srcset=\"https:\/\/www.tutiac.com\/wp-content\/uploads\/2025\/11\/logo_jas_ecocert-150x121.png 150w, https:\/\/www.tutiac.com\/wp-content\/uploads\/2025\/11\/logo_jas_ecocert-15x12.png 15w, https:\/\/www.tutiac.com\/wp-content\/uploads\/2025\/11\/logo_jas_ecocert.png 271w\" sizes=\"(max-width: 150px) 100vw, 150px\" \/><\/a>\n\t\t<\/figure>\n\t<\/div>\n<\/div><\/div><\/div><div class=\"wpb_column vc_column_container vc_col-sm-1\/5\"><div class=\"vc_column-inner\"><div class=\"wpb_wrapper\">\n\t<div  class=\"wpb_single_image wpb_content_element vc_align_center  wpb_animate_when_almost_visible wpb_fadeIn fadeIn\">\n\t\t\n\t\t<figure class=\"wpb_wrapper vc_figure\">\n\t\t\t<a href=\"https:\/\/agriculture.gouv.fr\/quest-ce-que-lagriculture-biologique\" target=\"_blank\" class=\"vc_single_image-wrapper   vc_box_border_grey\"><img loading=\"lazy\" decoding=\"async\" width=\"300\" height=\"125\" src=\"https:\/\/www.tutiac.com\/wp-content\/uploads\/2023\/01\/logo_bio_eurofeuille-300x125.png\" class=\"vc_single_image-img attachment-medium\" alt=\"Logo Agriculture Biologique\" srcset=\"https:\/\/www.tutiac.com\/wp-content\/uploads\/2023\/01\/logo_bio_eurofeuille-300x125.png 300w, https:\/\/www.tutiac.com\/wp-content\/uploads\/2023\/01\/logo_bio_eurofeuille-150x63.png 150w, https:\/\/www.tutiac.com\/wp-content\/uploads\/2023\/01\/logo_bio_eurofeuille.png 400w\" sizes=\"(max-width: 300px) 100vw, 300px\" \/><\/a>\n\t\t<\/figure>\n\t<\/div>\n<\/div><\/div><\/div><div data-vc-parallax=\"1.5\" class=\"wpb_column vc_column_container vc_col-sm-1\/5 vc_col-has-fill vc_general vc_parallax vc_parallax-content-moving\"><div class=\"vc_column-inner\"><div class=\"wpb_wrapper\">\n\t<div  class=\"wpb_single_image wpb_content_element vc_align_center  wpb_animate_when_almost_visible wpb_fadeIn fadeIn\">\n\t\t\n\t\t<figure class=\"wpb_wrapper vc_figure\">\n\t\t\t<a href=\"https:\/\/www.certification-vegan.org\/fr\/\" target=\"_blank\" class=\"vc_single_image-wrapper   vc_box_border_grey\"><img loading=\"lazy\" decoding=\"async\" width=\"150\" height=\"144\" src=\"https:\/\/www.tutiac.com\/wp-content\/uploads\/2025\/11\/vegan-150x144.png\" class=\"vc_single_image-img attachment-thumbnail\" alt=\"\" srcset=\"https:\/\/www.tutiac.com\/wp-content\/uploads\/2025\/11\/vegan-150x144.png 150w, https:\/\/www.tutiac.com\/wp-content\/uploads\/2025\/11\/vegan-300x289.png 300w, https:\/\/www.tutiac.com\/wp-content\/uploads\/2025\/11\/vegan-12x12.png 12w, https:\/\/www.tutiac.com\/wp-content\/uploads\/2025\/11\/vegan.png 643w\" sizes=\"(max-width: 150px) 100vw, 150px\" \/><\/a>\n\t\t<\/figure>\n\t<\/div>\n<\/div><\/div><\/div><div class=\"wpb_column vc_column_container vc_col-sm-1\/5\"><div class=\"vc_column-inner\"><div class=\"wpb_wrapper\">\n\t<div  class=\"wpb_single_image wpb_content_element vc_align_center  wpb_animate_when_almost_visible wpb_fadeIn fadeIn\">\n\t\t\n\t\t<figure class=\"wpb_wrapper vc_figure\">\n\t\t\t<div class=\"vc_single_image-wrapper   vc_box_border_grey\"><img loading=\"lazy\" decoding=\"async\" width=\"150\" height=\"144\" src=\"https:\/\/www.tutiac.com\/wp-content\/uploads\/2025\/11\/0-1-1-150x144.png\" class=\"vc_single_image-img attachment-thumbnail\" alt=\"\" srcset=\"https:\/\/www.tutiac.com\/wp-content\/uploads\/2025\/11\/0-1-1-150x144.png 150w, https:\/\/www.tutiac.com\/wp-content\/uploads\/2025\/11\/0-1-1-300x289.png 300w, https:\/\/www.tutiac.com\/wp-content\/uploads\/2025\/11\/0-1-1-12x12.png 12w, https:\/\/www.tutiac.com\/wp-content\/uploads\/2025\/11\/0-1-1.png 643w\" sizes=\"(max-width: 150px) 100vw, 150px\" \/><\/div>\n\t\t<\/figure>\n\t<\/div>\n<\/div><\/div><\/div><\/div>","protected":false},"excerpt":{"rendered":"Engag\u00e9s depuis de nombreuses ann\u00e9es dans la viticulture durable, nous nous donnons les moyens de devenir un mod\u00e8le de naturalit\u00e9 et de responsabilit\u00e9 environnementale \u00e0 l\u2019\u00e9chelle de nos 5000 hectares de vignoble. Faire \u00e9voluer nos pratiques \u00e9coresponsables Tutiac dispose depuis 2014 d\u2019un vignoble exp\u00e9rimental d\u00e9di\u00e9 \u00e0 la recherche sur les choix vari\u00e9taux et les nouvelles<p class=\"more-link-wrapper\"><a class=\"btn btn-primary\" href=\"http:\/\/www.tutiac.com\/en\/tous-engages\/pour-la-nature\/\">Read More<\/a><\/p>","protected":false},"author":1,"featured_media":475,"parent":64,"menu_order":0,"comment_status":"closed","ping_status":"closed","template":"","meta":{"footnotes":""},"yoast_head":"<!-- This site is optimized with the Yoast SEO plugin v19.14 - https:\/\/yoast.com\/wordpress\/plugins\/seo\/ -->\n<title>Objectif 100 % viticulture \u00e9cologique - TUTIAC<\/title>\n<meta name=\"robots\" content=\"index, follow, max-snippet:-1, max-image-preview:large, max-video-preview:-1\" \/>\n<link rel=\"canonical\" href=\"http:\/\/www.tutiac.com\/en\/tous-engages\/pour-la-nature\/\" \/>\n<meta property=\"og:locale\" content=\"en_GB\" \/>\n<meta property=\"og:type\" content=\"article\" \/>\n<meta property=\"og:title\" content=\"Objectif 100 % viticulture \u00e9cologique - TUTIAC\" \/>\n<meta property=\"og:url\" content=\"http:\/\/www.tutiac.com\/en\/tous-engages\/pour-la-nature\/\" \/>\n<meta property=\"og:site_name\" content=\"TUTIAC\" \/>\n<meta property=\"article:modified_time\" content=\"2025-11-25T15:19:14+00:00\" \/>\n<meta property=\"og:image\" content=\"https:\/\/www.tutiac.com\/wp-content\/uploads\/2019\/12\/web-vin-tutiac-8.jpg\" \/>\n\t<meta property=\"og:image:width\" content=\"1800\" \/>\n\t<meta property=\"og:image:height\" content=\"1014\" \/>\n\t<meta property=\"og:image:type\" content=\"image\/jpeg\" \/>\n<meta name=\"twitter:card\" content=\"summary_large_image\" \/>\n<meta name=\"twitter:label1\" content=\"Estimated reading time\" \/>\n\t<meta name=\"twitter:data1\" content=\"4 minutes\" \/>\n<script type=\"application\/ld+json\" class=\"yoast-schema-graph\">{\"@context\":\"https:\/\/schema.org\",\"@graph\":[{\"@type\":\"WebPage\",\"@id\":\"https:\/\/www.tutiac.com\/tous-engages\/pour-la-nature\/\",\"url\":\"https:\/\/www.tutiac.com\/tous-engages\/pour-la-nature\/\",\"name\":\"Objectif 100 % viticulture \u00e9cologique - TUTIAC\",\"isPartOf\":{\"@id\":\"https:\/\/www.tutiac.com\/#website\"},\"datePublished\":\"2019-09-03T08:10:31+00:00\",\"dateModified\":\"2025-11-25T15:19:14+00:00\",\"breadcrumb\":{\"@id\":\"https:\/\/www.tutiac.com\/tous-engages\/pour-la-nature\/#breadcrumb\"},\"inLanguage\":\"en-GB\",\"potentialAction\":[{\"@type\":\"ReadAction\",\"target\":[\"https:\/\/www.tutiac.com\/tous-engages\/pour-la-nature\/\"]}]},{\"@type\":\"BreadcrumbList\",\"@id\":\"https:\/\/www.tutiac.com\/tous-engages\/pour-la-nature\/#breadcrumb\",\"itemListElement\":[{\"@type\":\"ListItem\",\"position\":1,\"name\":\"Accueil\",\"item\":\"https:\/\/www.tutiac.com\/\"},{\"@type\":\"ListItem\",\"position\":2,\"name\":\"Tous engag\u00e9s !\",\"item\":\"https:\/\/www.tutiac.com\/tous-engages\/\"},{\"@type\":\"ListItem\",\"position\":3,\"name\":\"Objectif 100 % viticulture \u00e9cologique\"}]},{\"@type\":\"WebSite\",\"@id\":\"https:\/\/www.tutiac.com\/#website\",\"url\":\"https:\/\/www.tutiac.com\/\",\"name\":\"TUTIAC\",\"description\":\"Tout Bordeaux !\",\"publisher\":{\"@id\":\"https:\/\/www.tutiac.com\/#organization\"},\"potentialAction\":[{\"@type\":\"SearchAction\",\"target\":{\"@type\":\"EntryPoint\",\"urlTemplate\":\"https:\/\/www.tutiac.com\/?s={search_term_string}\"},\"query-input\":\"required name=search_term_string\"}],\"inLanguage\":\"en-GB\"},{\"@type\":\"Organization\",\"@id\":\"https:\/\/www.tutiac.com\/#organization\",\"name\":\"TUTIAC\",\"url\":\"https:\/\/www.tutiac.com\/\",\"logo\":{\"@type\":\"ImageObject\",\"inLanguage\":\"en-GB\",\"@id\":\"https:\/\/www.tutiac.com\/#\/schema\/logo\/image\/\",\"url\":\"https:\/\/www.tutiac.com\/wp-content\/uploads\/2025\/01\/logo-Cave_de_lannee-1.jpg\",\"contentUrl\":\"https:\/\/www.tutiac.com\/wp-content\/uploads\/2025\/01\/logo-Cave_de_lannee-1.jpg\",\"width\":1325,\"height\":1337,\"caption\":\"TUTIAC\"},\"image\":{\"@id\":\"https:\/\/www.tutiac.com\/#\/schema\/logo\/image\/\"}}]}<\/script>\n<!-- \/ Yoast SEO plugin. -->","yoast_head_json":{"title":"Objectif 100 % viticulture \u00e9cologique - TUTIAC","robots":{"index":"index","follow":"follow","max-snippet":"max-snippet:-1","max-image-preview":"max-image-preview:large","max-video-preview":"max-video-preview:-1"},"canonical":"http:\/\/www.tutiac.com\/en\/tous-engages\/pour-la-nature\/","og_locale":"en_GB","og_type":"article","og_title":"Objectif 100 % viticulture \u00e9cologique - TUTIAC","og_url":"http:\/\/www.tutiac.com\/en\/tous-engages\/pour-la-nature\/","og_site_name":"TUTIAC","article_modified_time":"2025-11-25T15:19:14+00:00","og_image":[{"width":1800,"height":1014,"url":"https:\/\/www.tutiac.com\/wp-content\/uploads\/2019\/12\/web-vin-tutiac-8.jpg","type":"image\/jpeg"}],"twitter_card":"summary_large_image","twitter_misc":{"Estimated reading time":"4 minutes"},"schema":{"@context":"https:\/\/schema.org","@graph":[{"@type":"WebPage","@id":"https:\/\/www.tutiac.com\/tous-engages\/pour-la-nature\/","url":"https:\/\/www.tutiac.com\/tous-engages\/pour-la-nature\/","name":"Objectif 100 % viticulture \u00e9cologique - TUTIAC","isPartOf":{"@id":"https:\/\/www.tutiac.com\/#website"},"datePublished":"2019-09-03T08:10:31+00:00","dateModified":"2025-11-25T15:19:14+00:00","breadcrumb":{"@id":"https:\/\/www.tutiac.com\/tous-engages\/pour-la-nature\/#breadcrumb"},"inLanguage":"en-GB","potentialAction":[{"@type":"ReadAction","target":["https:\/\/www.tutiac.com\/tous-engages\/pour-la-nature\/"]}]},{"@type":"BreadcrumbList","@id":"https:\/\/www.tutiac.com\/tous-engages\/pour-la-nature\/#breadcrumb","itemListElement":[{"@type":"ListItem","position":1,"name":"Accueil","item":"https:\/\/www.tutiac.com\/"},{"@type":"ListItem","position":2,"name":"Tous engag\u00e9s !","item":"https:\/\/www.tutiac.com\/tous-engages\/"},{"@type":"ListItem","position":3,"name":"Objectif 100 % viticulture \u00e9cologique"}]},{"@type":"WebSite","@id":"https:\/\/www.tutiac.com\/#website","url":"https:\/\/www.tutiac.com\/","name":"TUTIAC","description":"Tout Bordeaux !","publisher":{"@id":"https:\/\/www.tutiac.com\/#organization"},"potentialAction":[{"@type":"SearchAction","target":{"@type":"EntryPoint","urlTemplate":"https:\/\/www.tutiac.com\/?s={search_term_string}"},"query-input":"required name=search_term_string"}],"inLanguage":"en-GB"},{"@type":"Organization","@id":"https:\/\/www.tutiac.com\/#organization","name":"TUTIAC","url":"https:\/\/www.tutiac.com\/","logo":{"@type":"ImageObject","inLanguage":"en-GB","@id":"https:\/\/www.tutiac.com\/#\/schema\/logo\/image\/","url":"https:\/\/www.tutiac.com\/wp-content\/uploads\/2025\/01\/logo-Cave_de_lannee-1.jpg","contentUrl":"https:\/\/www.tutiac.com\/wp-content\/uploads\/2025\/01\/logo-Cave_de_lannee-1.jpg","width":1325,"height":1337,"caption":"TUTIAC"},"image":{"@id":"https:\/\/www.tutiac.com\/#\/schema\/logo\/image\/"}}]}},"_links":{"self":[{"href":"http:\/\/www.tutiac.com\/en\/wp-json\/wp\/v2\/pages\/56"}],"collection":[{"href":"http:\/\/www.tutiac.com\/en\/wp-json\/wp\/v2\/pages"}],"about":[{"href":"http:\/\/www.tutiac.com\/en\/wp-json\/wp\/v2\/types\/page"}],"author":[{"embeddable":true,"href":"http:\/\/www.tutiac.com\/en\/wp-json\/wp\/v2\/users\/1"}],"replies":[{"embeddable":true,"href":"http:\/\/www.tutiac.com\/en\/wp-json\/wp\/v2\/comments?post=56"}],"version-history":[{"count":51,"href":"http:\/\/www.tutiac.com\/en\/wp-json\/wp\/v2\/pages\/56\/revisions"}],"predecessor-version":[{"id":2185,"href":"http:\/\/www.tutiac.com\/en\/wp-json\/wp\/v2\/pages\/56\/revisions\/2185"}],"up":[{"embeddable":true,"href":"http:\/\/www.tutiac.com\/en\/wp-json\/wp\/v2\/pages\/64"}],"wp:featuredmedia":[{"embeddable":true,"href":"http:\/\/www.tutiac.com\/en\/wp-json\/wp\/v2\/media\/475"}],"wp:attachment":[{"href":"http:\/\/www.tutiac.com\/en\/wp-json\/wp\/v2\/media?parent=56"}],"curies":[{"name":"wp","href":"https:\/\/api.w.org\/{rel}","templated":true}]}}